{"id":63901,"date":"2026-05-13T19:31:43","date_gmt":"2026-05-13T17:31:43","guid":{"rendered":"https:\/\/premino.pl\/?product=maslan-sodu-mikrokapsulkowany-600mg-suplement-diety-90-kapsulek"},"modified":"2026-05-13T19:31:44","modified_gmt":"2026-05-13T17:31:44","slug":"maslan-sodu-mikrokapsulkowany-600mg-suplement-diety-90-kapsulek","status":"publish","type":"product","link":"https:\/\/premino.pl\/?product=maslan-sodu-mikrokapsulkowany-600mg-suplement-diety-90-kapsulek","title":{"rendered":"Ma\u015blan sodu mikrokapsu\u0142kowany 600mg suplement diety 90 kapsu\u0142ek"},"content":{"rendered":"<p><b>Dlaczego warto wybra\u0107 Ma\u015blan sodu mikrokapsu\u0142kowany 600 mg w kapsu\u0142kach Aura Herbals?<br \/><\/b>\u2022 ma\u015blan sodu w mikropeletkach zapewnia skuteczne i stopniowe uwalnianie sk\u0142adnika aktywnego dopiero w jelitach<br \/>\u2022 600 mg ma\u015blanu sodu w dziennej porcji, w tym 480 mg kwasu mas\u0142owego<br \/>\u2022 300 mg ma\u015blanu sodu w jednej kapsu\u0142ce<br \/>\u2022 odpowiedni dla dzieci od 7 roku \u017cycia<\/p>\n<p><b>Ma\u015blan sodu zaleca si\u0119 stosowa\u0107 do post\u0119powania dietetycznego w:<br \/><\/b>\u2022 zespole jelita nadwra\u017cliwego (IBS)<br \/>\u2022 zaburzeniach mikrobioty jelitowej np. po antybiotykoterapii<br \/>\u2022 chorobach zapalnych jelit<br \/>\u2022 zaburzeniach czynno\u015bciowych ze strony uk\u0142adu pokarmowego takich jak: przewlek\u0142e zaparcia, b\u00f3le brzucha, wzd\u0119cia brzucha, biegunki)<br \/>\u2022 chorobach jelita grubego przebiegaj\u0105cych ze zmianami zanikowymi w obr\u0119bie b\u0142ony \u015bluzowej<br \/>\u2022 niedoborach pokarmowych np. podczas stosowania diet ubogich w spo\u017cycie b\u0142onnika pokarmowego (dieta ubogoresztkowa)<\/p>\n<p><b>Wykonane badania:<br \/><\/b>Produkt zosta\u0142 przebadany w niezale\u017cnej jednostce laboratoryjnej w celu zagwarantowania najwy\u017cszej jako\u015bci i bezpiecze\u0144stwa stosowania suplementu diety. Badania potwierdzi\u0142y: brak zanieczyszcze\u0144 mikrobiologicznych i brak zanieczyszcze\u0144 metalami ci\u0119\u017ckimi.<\/p>\n<p><b>Gwarancja jako\u015bci preparatu:<br \/><\/b>Ma\u015blan sodu mikrokapsu\u0142kowany 600 mg to \u017cywno\u015b\u0107 specjalnego przeznaczenia medycznego w postaci mikropeletek zawieraj\u0105cych ma\u015blan sodu. Dzi\u0119ki innowacyjnej formule otoczki, sk\u0142adnik aktywny jest chroniony przed ca\u0142kowitym wykorzystaniem w g\u00f3rnym odcinku przewodu pokarmowego. Pozwala to na kontrolowane i skuteczne dostarczanie ma\u015blanu sodu do jelit oraz stopniowe jego uwalnianie na ca\u0142ej d\u0142ugo\u015bci jelita cienkiego i grubego. Kwas mas\u0142owy nale\u017cy do grupy kr\u00f3tko\u0142a\u0144cuchowych kwas\u00f3w t\u0142uszczowych. W warunkach fizjologicznych jest produkowany w jelicie grubym na drodze fermentacji bakteryjnej w\u0142\u00f3kna pokarmowego (b\u0142onnika). Stanowi podstawowy materia\u0142 energetyczny dla kolonocyt\u00f3w \u2013 kom\u00f3rek nab\u0142onka jelita.<\/p>\n<p>Preparat w formie markowych kapsu\u0142ek Vcaps\u00ae z celulozy ro\u015blinnej. Wygodne do po\u0142kni\u0119cia kapsu\u0142ki zapewniaj\u0105 d\u0142u\u017csze uwalnianie substancji aktywnych w organizmie. S\u0105 w pe\u0142ni odpowiednie dla wegan i wegetarian. To idealna alternatywa dla tradycyjnych kapsu\u0142ek wykonanych z \u017celatyny.<\/p>\n<p><b>Zalecana dzienne spo\u017cycie:<br \/><\/b>Zalecana porcja do spo\u017cycia: Doro\u015bli: doustnie 1 kapsu\u0142ka dwa razy dziennie, rano i wieczorem. Zaleca si\u0119 stosowa\u0107 preparat przez okres co najmniej 3 miesi\u0119cy.<br \/>Dzieci powy\u017cej 7 roku \u017cycia: doustnie 1 kapsu\u0142ka raz dziennie, najlepiej wieczorem. Zaleca si\u0119 stosowa\u0107 preparat przez okres co najmniej 6 tygodni. W zale\u017cno\u015bci od indywidualnego zapotrzebowania, lekarz mo\u017ce zaleci\u0107 inne porcje do spo\u017cycia. Nie przekraczaj zalecanej dziennej porcji do spo\u017cycia.<\/p>\n<p><b>Spos\u00f3b u\u017cycia:<br \/><\/b>Kapsu\u0142k\u0119 nale\u017cy po\u0142kn\u0105\u0107 w ca\u0142o\u015bci popijaj\u0105c wod\u0105. Najlepiej przyjmowa\u0107 w trakcie posi\u0142ku.<\/p>\n<p><strong>Forma podania:<\/strong> kapsu\u0142ki<br \/>\n<strong>Gramatura:<\/strong> sztuka<br \/>\n<strong>Pojemno\u015b\u0107:<\/strong> 90<br \/>\n<strong>P\u0142e\u0107:<\/strong> unisex<br \/>\n<strong>Rodzaj:<\/strong> pozosta\u0142e<\/p>\n<p><strong>Uwagi:<\/strong><\/p>\n<p>Produkt nale\u017cy stosowa\u0107 pod nadzorem lekarza. Produkt nie jest przeznaczony do stosowania pozajelitowego. Mo\u017ce stanowi\u0107 zagro\u017cenie dla zdrowia, je\u017celi spo\u017cywany jest przez osoby, u kt\u00f3rych nie stwierdzono wskaza\u0144 lekarskich do jego stosowania. Nie stosowa\u0107 u dzieci z zaburzeniami po\u0142ykania lub w przypadku, gdy po\u0142ykanie kapsu\u0142ek sprawia trudno\u015bci. Chroni\u0107 przed bezpo\u015brednim dzia\u0142aniem promieni s\u0142onecznych. Nale\u017cy pami\u0119ta\u0107, \u017ce bardzo wa\u017cny i zalecany jest zr\u00f3wnowa\u017cony spos\u00f3b \u017cywienia i zdrowy tryb \u017cycia. Nie stosowa\u0107 w przypadku alergii na jakikolwiek sk\u0142adnik suplementu. Suplement diety nie mo\u017ce by\u0107 stosowany jako substytut zr\u00f3\u017cnicowanej diety. Przechowuj w suchym miejscu w temperaturze poni\u017cej 25\u00b0C. Suplement diety przechowuj w spos\u00f3b niedost\u0119pny dla ma\u0142ych dzieci.<\/p>\n<p><strong>Sk\u0142adniki:<\/strong><\/p>\n<p>ma\u015blan sodu; kapsu\u0142ka \u2013 hydroksypropylometyloceluloza; substancja wype\u0142niaj\u0105ca \u2013 celuloza; substancja zag\u0119szczaj\u0105ca \u2013 hydroksypropylometyloceluloza; substancja glazuruj\u0105ca \u2013 etyloceluloza.<\/p>\n","protected":false},"excerpt":{"rendered":"<p> <strong>Forma podania:<\/strong> kapsu\u0142ki<br \/>  <strong>Gramatura:<\/strong> sztuka<br \/>  <strong>Pojemno\u015b\u0107:<\/strong> 90<br \/>  <strong>P\u0142e\u0107:<\/strong> unisex<br \/>  <strong>Rodzaj:<\/strong> pozosta\u0142e <\/p>\n","protected":false},"featured_media":63902,"comment_status":"open","ping_status":"closed","template":"","meta":{"_acf_changed":false},"kategoria-hurtowni":[206,205],"product_brand":[580],"product_cat":[76],"product_tag":[],"class_list":{"0":"post-63901","1":"product","2":"type-product","3":"status-publish","4":"has-post-thumbnail","6":"kategoria-hurtowni-suplementy-diety","7":"kategoria-hurtowni-zdrowie","8":"product_brand-aura-herbals","9":"product_cat-primavera","11":"first","12":"outofstock","13":"taxable","14":"shipping-taxable","15":"product-type-simple"},"acf":[],"_links":{"self":[{"href":"https:\/\/premino.pl\/index.php?rest_route=\/wp\/v2\/product\/63901","targetHints":{"allow":["GET"]}}],"collection":[{"href":"https:\/\/premino.pl\/index.php?rest_route=\/wp\/v2\/product"}],"about":[{"href":"https:\/\/premino.pl\/index.php?rest_route=\/wp\/v2\/types\/product"}],"replies":[{"embeddable":true,"href":"https:\/\/premino.pl\/index.php?rest_route=%2Fwp%2Fv2%2Fcomments&post=63901"}],"wp:featuredmedia":[{"embeddable":true,"href":"https:\/\/premino.pl\/index.php?rest_route=\/wp\/v2\/media\/63902"}],"wp:attachment":[{"href":"https:\/\/premino.pl\/index.php?rest_route=%2Fwp%2Fv2%2Fmedia&parent=63901"}],"wp:term":[{"taxonomy":"kategoria-hurtowni","embeddable":true,"href":"https:\/\/premino.pl\/index.php?rest_route=%2Fwp%2Fv2%2Fkategoria-hurtowni&post=63901"},{"taxonomy":"product_brand","embeddable":true,"href":"https:\/\/premino.pl\/index.php?rest_route=%2Fwp%2Fv2%2Fproduct_brand&post=63901"},{"taxonomy":"product_cat","embeddable":true,"href":"https:\/\/premino.pl\/index.php?rest_route=%2Fwp%2Fv2%2Fproduct_cat&post=63901"},{"taxonomy":"product_tag","embeddable":true,"href":"https:\/\/premino.pl\/index.php?rest_route=%2Fwp%2Fv2%2Fproduct_tag&post=63901"}],"curies":[{"name":"wp","href":"https:\/\/api.w.org\/{rel}","templated":true}]}}