{"id":63907,"date":"2026-05-13T19:31:45","date_gmt":"2026-05-13T17:31:45","guid":{"rendered":"https:\/\/premino.pl\/?product=sweet-tooth-cherry-baby-woda-perfumowana-spray-75ml"},"modified":"2026-05-13T19:31:47","modified_gmt":"2026-05-13T17:31:47","slug":"sweet-tooth-cherry-baby-woda-perfumowana-spray-75ml","status":"publish","type":"product","link":"https:\/\/premino.pl\/?product=sweet-tooth-cherry-baby-woda-perfumowana-spray-75ml","title":{"rendered":"Sweet Tooth Cherry Baby woda perfumowana spray 75ml"},"content":{"rendered":"<p>Sweet Tooth Cherry Baby to zmys\u0142owa mieszanka dojrza\u0142ej wi\u015bni, czekolady i kwiat\u00f3w \u2013 zapach stworzony dla kobiet, kt\u00f3re pragn\u0105 uwodzi\u0107 s\u0142odycz\u0105 i czarem, zostawiaj\u0105c po sobie niezapomniane wra\u017cenie.<\/p>\n<p><b>Nuty zapachowe:<br \/><\/b><br \/><b>Nuta g\u0142owy: <\/b>jab\u0142ko, \u015bliwka, br\u0105zowy cukier, wi\u015bnia<br \/><b>Nuta serca: <\/b>piwonia, orchidea waniliowa, czerwony mak, ciemna czekolada<br \/><b>Nuta bazy: <\/b>\u017cywica, paczula, bursztyn, drzewo kaszmirowe, pi\u017cmo<\/p>\n<p><strong>Dla dzieci:<\/strong> Nie<br \/>\n<strong>Gramatura:<\/strong> ml<br \/>\n<strong>Linia k\u0105pielowa:<\/strong> nie<br \/>\n<strong>Miniatura:<\/strong> nie<br \/>\n<strong>Nuta bazy:<\/strong> bursztyn, drzewo kaszmirowe, paczula, pi\u017cmo, \u017cywica<br \/>\n<strong>Nuta g\u0142owy:<\/strong> br\u0105zowy cukier, jab\u0142ko, wi\u015bnia, \u015bliwka<br \/>\n<strong>Nuta g\u0142\u00f3wna:<\/strong> kwiatowe, owocowe<br \/>\n<strong>Nuta serca:<\/strong> ciemna czekolada, czerwony mak, orchidea waniliowa, piwonia<br \/>\n<strong>Pojemno\u015b\u0107:<\/strong> 75<br \/>\n<strong>Produkt rzadki:<\/strong> nie<br \/>\n<strong>Pr\u00f3bka:<\/strong> nie<br \/>\n<strong>P\u0142e\u0107:<\/strong> damski<br \/>\n<strong>Rodzaj:<\/strong> woda perfumowana<br \/>\n<strong>Tester:<\/strong> nie<br \/>\n<strong>Zapach alternatywny:<\/strong> nie<br \/>\n<strong>Zestaw:<\/strong> nie<\/p>\n<p><strong>Uwagi:<\/strong><\/p>\n<p>PRODUKT  \u0141ATWOPALNY. TYLKO DO U\u017bYTKU ZEWN\u0118TRZNEGO. UNIKA\u0106 KONTAKTU Z OCZAMI.  PRZECHOWYWA\u0106 Z DALA OD \u0179R\u00d3DE\u0141 CIEP\u0141A I OGNIA.<\/p>\n<p><strong>Sk\u0142adniki:<\/strong><\/p>\n<p>ALCOHOL DENAT., WATER (AQUA \/ EAU), FRAGRANCE (PARFUM), BUTYL METHOXYDIBENZOYLMETHANE, CITRIC ACID, ETHYLHEXYL METHOXYCINNAMATE, ETHYLHEXYL SALICYLATE, HYDROXYCITRONELLAL, LIMONENE, LINALOOL, TETRAHYDROXYPROPYL ETHYLENEDIAMINE.<\/p>\n","protected":false},"excerpt":{"rendered":"<p> <strong>Dla dzieci:<\/strong> Nie<br \/>  <strong>Gramatura:<\/strong> ml<br \/>  <strong>Linia k\u0105pielowa:<\/strong> nie<br \/>  <strong>Miniatura:<\/strong> nie<br \/>  <strong>Nuta bazy:<\/strong> bursztyn, drzewo kaszmirowe, paczula, pi\u017cmo, \u017cywica<br \/>  <strong>Nuta g\u0142owy:<\/strong> br\u0105zowy cukier, jab\u0142ko, wi\u015bnia, \u015bliwka<br \/>  <strong>Nuta g\u0142\u00f3wna:<\/strong> kwiatowe, owocowe<br \/>  <strong>Nuta serca:<\/strong> ciemna czekolada, czerwony mak, orchidea waniliowa, piwonia<br \/>  <strong>Pojemno\u015b\u0107:<\/strong> 75<br \/>  <strong>Produkt rzadki:<\/strong> nie<br \/>  <strong>Pr\u00f3bka:<\/strong> nie<br \/>  <strong>P\u0142e\u0107:<\/strong> damski<br \/>  <strong>Rodzaj:<\/strong> woda perfumowana<br \/>  <strong>Tester:<\/strong> nie<br \/>  <strong>Zapach alternatywny:<\/strong> nie<br \/>  <strong>Zestaw:<\/strong> nie <\/p>\n","protected":false},"featured_media":63908,"comment_status":"open","ping_status":"closed","template":"","meta":{"_acf_changed":false},"kategoria-hurtowni":[87,88],"product_brand":[402],"product_cat":[76],"product_tag":[],"class_list":{"0":"post-63907","1":"product","2":"type-product","3":"status-publish","4":"has-post-thumbnail","6":"kategoria-hurtowni-perfumy","7":"kategoria-hurtowni-zapachy","8":"product_brand-sabrina-carpenter","9":"product_cat-primavera","11":"first","12":"outofstock","13":"taxable","14":"shipping-taxable","15":"product-type-simple"},"acf":[],"_links":{"self":[{"href":"https:\/\/premino.pl\/index.php?rest_route=\/wp\/v2\/product\/63907","targetHints":{"allow":["GET"]}}],"collection":[{"href":"https:\/\/premino.pl\/index.php?rest_route=\/wp\/v2\/product"}],"about":[{"href":"https:\/\/premino.pl\/index.php?rest_route=\/wp\/v2\/types\/product"}],"replies":[{"embeddable":true,"href":"https:\/\/premino.pl\/index.php?rest_route=%2Fwp%2Fv2%2Fcomments&post=63907"}],"wp:featuredmedia":[{"embeddable":true,"href":"https:\/\/premino.pl\/index.php?rest_route=\/wp\/v2\/media\/63908"}],"wp:attachment":[{"href":"https:\/\/premino.pl\/index.php?rest_route=%2Fwp%2Fv2%2Fmedia&parent=63907"}],"wp:term":[{"taxonomy":"kategoria-hurtowni","embeddable":true,"href":"https:\/\/premino.pl\/index.php?rest_route=%2Fwp%2Fv2%2Fkategoria-hurtowni&post=63907"},{"taxonomy":"product_brand","embeddable":true,"href":"https:\/\/premino.pl\/index.php?rest_route=%2Fwp%2Fv2%2Fproduct_brand&post=63907"},{"taxonomy":"product_cat","embeddable":true,"href":"https:\/\/premino.pl\/index.php?rest_route=%2Fwp%2Fv2%2Fproduct_cat&post=63907"},{"taxonomy":"product_tag","embeddable":true,"href":"https:\/\/premino.pl\/index.php?rest_route=%2Fwp%2Fv2%2Fproduct_tag&post=63907"}],"curies":[{"name":"wp","href":"https:\/\/api.w.org\/{rel}","templated":true}]}}