{"id":63911,"date":"2026-05-13T19:31:48","date_gmt":"2026-05-13T17:31:48","guid":{"rendered":"https:\/\/premino.pl\/?product=sweet-tooth-cherry-baby-mgielka-do-ciala-236ml"},"modified":"2026-05-13T19:31:49","modified_gmt":"2026-05-13T17:31:49","slug":"sweet-tooth-cherry-baby-mgielka-do-ciala-236ml","status":"publish","type":"product","link":"https:\/\/premino.pl\/?product=sweet-tooth-cherry-baby-mgielka-do-ciala-236ml","title":{"rendered":"Sweet Tooth Cherry Baby mgie\u0142ka do cia\u0142a 236ml"},"content":{"rendered":"<p>Sweet Tooth Cherry Baby Body Mist to s\u0142odko-zmys\u0142owa mgie\u0142ka inspirowana stylem Sabriny Carpenter \u2014 \u0142\u0105czy soczyste owoce, kobiece kwiaty i ciep\u0142o kaszmiru, tworz\u0105c zapach idealny na ka\u017cd\u0105 okazj\u0119.<\/p>\n<p><b>Nuty zapachowe:<br \/><\/b><br \/><b>Nuta g\u0142owy: <\/b>wi\u015bnia, \u015bliwka, jab\u0142ko, br\u0105zowy cukier<br \/><b>Nuta serca: <\/b>orchidea waniliowa, piwonia, czerwony mak, ciemna czekolada<br \/><b>Nuta bazy: <\/b>bursztyn, \u017cywica, pi\u017cmo, paczula, drzewo kaszmirowe<\/p>\n<p><strong>Dla dzieci:<\/strong> Nie<br \/>\n<strong>Gramatura:<\/strong> ml<br \/>\n<strong>Linia k\u0105pielowa:<\/strong> mgie\u0142ka do cia\u0142a<br \/>\n<strong>Nuta bazy:<\/strong> bursztyn, drzewo kaszmirowe, paczula, pi\u017cmo, \u017cywica<br \/>\n<strong>Nuta g\u0142owy:<\/strong> br\u0105zowy cukier, jab\u0142ko, wi\u015bnia, \u015bliwka<br \/>\n<strong>Nuta g\u0142\u00f3wna:<\/strong> kwiatowe, owocowe<br \/>\n<strong>Nuta serca:<\/strong> ciemna czekolada, czerwony mak, orchidea waniliowa, piwonia<br \/>\n<strong>Pojemno\u015b\u0107:<\/strong> 236<br \/>\n<strong>P\u0142e\u0107:<\/strong> damski<\/p>\n<p><strong>Uwagi:<\/strong><\/p>\n<p>PRODUKT  \u0141ATWOPALNY. TYLKO DO U\u017bYTKU ZEWN\u0118TRZNEGO. UNIKA\u0106 KONTAKTU Z OCZAMI.  PRZECHOWYWA\u0106 Z DALA OD \u0179R\u00d3DE\u0141 CIEP\u0141A I OGNIA.<\/p>\n<p><strong>Sk\u0142adniki:<\/strong><\/p>\n<p>Alcohol denat., water (aqua\/eau), fragrance\/parfum, ethylhexyl methoxycinnamate, butyl methoxydibenzoylmethane, ethylhexyl salicylate, benzaldehyde, cedrus atlantica oil \/ extract, rose ketones, tetramethyl acetyloctahydronaphthalenes, trimethylcyclopentyl methylisopentenol, vanillin.<\/p>\n","protected":false},"excerpt":{"rendered":"<p> <strong>Dla dzieci:<\/strong> Nie<br \/>  <strong>Gramatura:<\/strong> ml<br \/>  <strong>Linia k\u0105pielowa:<\/strong> mgie\u0142ka do cia\u0142a<br \/>  <strong>Nuta bazy:<\/strong> bursztyn, drzewo kaszmirowe, paczula, pi\u017cmo, \u017cywica<br \/>  <strong>Nuta g\u0142owy:<\/strong> br\u0105zowy cukier, jab\u0142ko, wi\u015bnia, \u015bliwka<br \/>  <strong>Nuta g\u0142\u00f3wna:<\/strong> kwiatowe, owocowe<br \/>  <strong>Nuta serca:<\/strong> ciemna czekolada, czerwony mak, orchidea waniliowa, piwonia<br \/>  <strong>Pojemno\u015b\u0107:<\/strong> 236<br \/>  <strong>P\u0142e\u0107:<\/strong> damski <\/p>\n","protected":false},"featured_media":63912,"comment_status":"open","ping_status":"closed","template":"","meta":{"_acf_changed":false},"kategoria-hurtowni":[120,87],"product_brand":[402],"product_cat":[76],"product_tag":[],"class_list":{"0":"post-63911","1":"product","2":"type-product","3":"status-publish","4":"has-post-thumbnail","6":"kategoria-hurtowni-linia-kapielowa","7":"kategoria-hurtowni-perfumy","8":"product_brand-sabrina-carpenter","9":"product_cat-primavera","11":"first","12":"outofstock","13":"taxable","14":"shipping-taxable","15":"product-type-simple"},"acf":[],"_links":{"self":[{"href":"https:\/\/premino.pl\/index.php?rest_route=\/wp\/v2\/product\/63911","targetHints":{"allow":["GET"]}}],"collection":[{"href":"https:\/\/premino.pl\/index.php?rest_route=\/wp\/v2\/product"}],"about":[{"href":"https:\/\/premino.pl\/index.php?rest_route=\/wp\/v2\/types\/product"}],"replies":[{"embeddable":true,"href":"https:\/\/premino.pl\/index.php?rest_route=%2Fwp%2Fv2%2Fcomments&post=63911"}],"wp:featuredmedia":[{"embeddable":true,"href":"https:\/\/premino.pl\/index.php?rest_route=\/wp\/v2\/media\/63912"}],"wp:attachment":[{"href":"https:\/\/premino.pl\/index.php?rest_route=%2Fwp%2Fv2%2Fmedia&parent=63911"}],"wp:term":[{"taxonomy":"kategoria-hurtowni","embeddable":true,"href":"https:\/\/premino.pl\/index.php?rest_route=%2Fwp%2Fv2%2Fkategoria-hurtowni&post=63911"},{"taxonomy":"product_brand","embeddable":true,"href":"https:\/\/premino.pl\/index.php?rest_route=%2Fwp%2Fv2%2Fproduct_brand&post=63911"},{"taxonomy":"product_cat","embeddable":true,"href":"https:\/\/premino.pl\/index.php?rest_route=%2Fwp%2Fv2%2Fproduct_cat&post=63911"},{"taxonomy":"product_tag","embeddable":true,"href":"https:\/\/premino.pl\/index.php?rest_route=%2Fwp%2Fv2%2Fproduct_tag&post=63911"}],"curies":[{"name":"wp","href":"https:\/\/api.w.org\/{rel}","templated":true}]}}