{"id":63913,"date":"2026-05-13T19:31:48","date_gmt":"2026-05-13T17:31:48","guid":{"rendered":"https:\/\/premino.pl\/?product=sweet-tooth-caramel-dream-woda-perfumowana-spray-75ml"},"modified":"2026-05-13T19:31:49","modified_gmt":"2026-05-13T17:31:49","slug":"sweet-tooth-caramel-dream-woda-perfumowana-spray-75ml","status":"publish","type":"product","link":"https:\/\/premino.pl\/?product=sweet-tooth-caramel-dream-woda-perfumowana-spray-75ml","title":{"rendered":"Sweet Tooth Caramel Dream woda perfumowana spray 75ml"},"content":{"rendered":"<p>Sweet Tooth Caramel Dream to zapachowy deser dla zmys\u0142\u00f3w \u2013 s\u0142odkie nuty cukru, karmelu i wanilii spotykaj\u0105 si\u0119 z kremow\u0105 czekolad\u0105 i zmys\u0142owym drzewem sanda\u0142owym, tworz\u0105c otulaj\u0105cy aromat pe\u0142en marze\u0144 i kobiecego uroku.<\/p>\n<p><b>Nuty zapachowe:<br \/><\/b><br \/><b>Nuta g\u0142owy: <\/b>cytryna, frezja, pomara\u0144cza, mleko migda\u0142owe, cukier<br \/><b>Nuta serca: <\/b>kwiat pomara\u0144czy, orchidea, wanilia, ciemna czekolada<br \/><b>Nuta bazy: <\/b>pi\u017cmo, bursztyn, drzewo sanda\u0142owe, paczula, karmel<\/p>\n<p><strong>Dla dzieci:<\/strong> Nie<br \/>\n<strong>Gramatura:<\/strong> ml<br \/>\n<strong>Linia k\u0105pielowa:<\/strong> nie<br \/>\n<strong>Miniatura:<\/strong> nie<br \/>\n<strong>Nuta bazy:<\/strong> bursztyn, drzewo sanda\u0142owe, karmel, paczula, pi\u017cmo<br \/>\n<strong>Nuta g\u0142owy:<\/strong> cukier, cytryna, frezja, mleko migda\u0142owe, pomara\u0144cza<br \/>\n<strong>Nuta g\u0142\u00f3wna:<\/strong> orientalne, waniliowe<br \/>\n<strong>Nuta serca:<\/strong> ciemna czekolada, kwiat pomara\u0144czy, orchidea, wanilia<br \/>\n<strong>Pojemno\u015b\u0107:<\/strong> 75<br \/>\n<strong>Produkt rzadki:<\/strong> nie<br \/>\n<strong>Pr\u00f3bka:<\/strong> nie<br \/>\n<strong>P\u0142e\u0107:<\/strong> damski<br \/>\n<strong>Rodzaj:<\/strong> woda perfumowana<br \/>\n<strong>Tester:<\/strong> nie<br \/>\n<strong>Zapach alternatywny:<\/strong> nie<br \/>\n<strong>Zestaw:<\/strong> nie<\/p>\n<p><strong>Uwagi:<\/strong><\/p>\n<p>PRODUKT  \u0141ATWOPALNY. TYLKO DO U\u017bYTKU ZEWN\u0118TRZNEGO. UNIKA\u0106 KONTAKTU Z OCZAMI.  PRZECHOWYWA\u0106 Z DALA OD \u0179R\u00d3DE\u0141 CIEP\u0141A I OGNIA.<\/p>\n<p><strong>Sk\u0142adniki:<\/strong><\/p>\n<p>ALCOHOL DENAT., WATER (AQUA \/ EAU), FRAGRANCE (PARFUM), BUTYL METHOXYDIBENZOYLMETHANE, CITRIC ACID, ETHYLHEXYL METHOXYCINNAMATE, ETHYLHEXYL SALICYLATE, HYDROXYCITRONELLAL, LIMONENE, LINALOOL, TETRAHYDROXYPROPYL ETHYLENEDIAMINE.<\/p>\n","protected":false},"excerpt":{"rendered":"<p> <strong>Dla dzieci:<\/strong> Nie<br \/>  <strong>Gramatura:<\/strong> ml<br \/>  <strong>Linia k\u0105pielowa:<\/strong> nie<br \/>  <strong>Miniatura:<\/strong> nie<br \/>  <strong>Nuta bazy:<\/strong> bursztyn, drzewo sanda\u0142owe, karmel, paczula, pi\u017cmo<br \/>  <strong>Nuta g\u0142owy:<\/strong> cukier, cytryna, frezja, mleko migda\u0142owe, pomara\u0144cza<br \/>  <strong>Nuta g\u0142\u00f3wna:<\/strong> orientalne, waniliowe<br \/>  <strong>Nuta serca:<\/strong> ciemna czekolada, kwiat pomara\u0144czy, orchidea, wanilia<br \/>  <strong>Pojemno\u015b\u0107:<\/strong> 75<br \/>  <strong>Produkt rzadki:<\/strong> nie<br \/>  <strong>Pr\u00f3bka:<\/strong> nie<br \/>  <strong>P\u0142e\u0107:<\/strong> damski<br \/>  <strong>Rodzaj:<\/strong> woda perfumowana<br \/>  <strong>Tester:<\/strong> nie<br \/>  <strong>Zapach alternatywny:<\/strong> nie<br \/>  <strong>Zestaw:<\/strong> nie <\/p>\n","protected":false},"featured_media":63914,"comment_status":"open","ping_status":"closed","template":"","meta":{"_acf_changed":false},"kategoria-hurtowni":[87,88],"product_brand":[402],"product_cat":[76],"product_tag":[],"class_list":{"0":"post-63913","1":"product","2":"type-product","3":"status-publish","4":"has-post-thumbnail","6":"kategoria-hurtowni-perfumy","7":"kategoria-hurtowni-zapachy","8":"product_brand-sabrina-carpenter","9":"product_cat-primavera","11":"first","12":"outofstock","13":"taxable","14":"shipping-taxable","15":"product-type-simple"},"acf":[],"_links":{"self":[{"href":"https:\/\/premino.pl\/index.php?rest_route=\/wp\/v2\/product\/63913","targetHints":{"allow":["GET"]}}],"collection":[{"href":"https:\/\/premino.pl\/index.php?rest_route=\/wp\/v2\/product"}],"about":[{"href":"https:\/\/premino.pl\/index.php?rest_route=\/wp\/v2\/types\/product"}],"replies":[{"embeddable":true,"href":"https:\/\/premino.pl\/index.php?rest_route=%2Fwp%2Fv2%2Fcomments&post=63913"}],"wp:featuredmedia":[{"embeddable":true,"href":"https:\/\/premino.pl\/index.php?rest_route=\/wp\/v2\/media\/63914"}],"wp:attachment":[{"href":"https:\/\/premino.pl\/index.php?rest_route=%2Fwp%2Fv2%2Fmedia&parent=63913"}],"wp:term":[{"taxonomy":"kategoria-hurtowni","embeddable":true,"href":"https:\/\/premino.pl\/index.php?rest_route=%2Fwp%2Fv2%2Fkategoria-hurtowni&post=63913"},{"taxonomy":"product_brand","embeddable":true,"href":"https:\/\/premino.pl\/index.php?rest_route=%2Fwp%2Fv2%2Fproduct_brand&post=63913"},{"taxonomy":"product_cat","embeddable":true,"href":"https:\/\/premino.pl\/index.php?rest_route=%2Fwp%2Fv2%2Fproduct_cat&post=63913"},{"taxonomy":"product_tag","embeddable":true,"href":"https:\/\/premino.pl\/index.php?rest_route=%2Fwp%2Fv2%2Fproduct_tag&post=63913"}],"curies":[{"name":"wp","href":"https:\/\/api.w.org\/{rel}","templated":true}]}}