{"id":64169,"date":"2026-05-13T19:33:50","date_gmt":"2026-05-13T17:33:50","guid":{"rendered":"https:\/\/premino.pl\/?product=bakuchiol-recovery-oil-regeneracyjny-olejek-do-twarzy-z-bakuchiolem-30ml"},"modified":"2026-05-13T19:33:51","modified_gmt":"2026-05-13T17:33:51","slug":"bakuchiol-recovery-oil-regeneracyjny-olejek-do-twarzy-z-bakuchiolem-30ml","status":"publish","type":"product","link":"https:\/\/premino.pl\/?product=bakuchiol-recovery-oil-regeneracyjny-olejek-do-twarzy-z-bakuchiolem-30ml","title":{"rendered":"Bakuchiol Recovery Oil regeneracyjny olejek do twarzy z bakuchiolem 30ml"},"content":{"rendered":"<p>Produkt oparty jest na olejowej formule, w 100% naturalnej. Jego g\u0142\u00f3wnym sk\u0142adnikiem aktywnym, kt\u00f3remu zawdzi\u0119cza swoje wyj\u0105tkowe dzia\u0142anie, jest wszechstronny, ro\u015blinny Bakuchiol, pozyskiwany z nasion azjatyckiej ro\u015bliny Psoralea Corylifolia (Bab\u0107i). Dzi\u0119ki niemu olejek staje si\u0119 doskona\u0142\u0105 i naturaln\u0105 alternatyw\u0105 dla kosmetyk\u00f3w z retinolem. Bakuchiol Recovery Oil zwi\u0119ksza elastyczno\u015b\u0107 sk\u00f3ry, wzmacnia jej odporno\u015b\u0107 na promieniowanie UV i rozja\u015bnia przebarwienia. Ponadto pomaga w zwalczaniu\u00a0zmian tr\u0105dzikowych, pozwala skutecznie usun\u0105\u0107 martwy nask\u00f3rek, a przy tym wyg\u0142adza zmarszczki i zwalcza wolne rodniki. Kosmetyk jest odpowiedni dla ka\u017cdego typu sk\u00f3ry, a w szczeg\u00f3lno\u015bci dla cery wra\u017cliwej i wymagaj\u0105cej regeneracji. Zawiera wyj\u0105tkowe oleje: olej z nasion bor\u00f3wki, \u017curawiny arktycznej, Acai, z nasion og\u00f3rka, olej Cacay, Camellia, olej z czarnuszki, olej abisy\u0144ski, kt\u00f3re dobrane zosta\u0142y w taki spos\u00f3b, aby zapewni\u0107 sk\u00f3rze maksymalny poziom od\u017cywienia. Dzi\u0119ki bogactwu NNKT, witamin oraz antyoksydant\u00f3w, przywracaj\u0105 sk\u00f3rze witalno\u015b\u0107, energi\u0119, odbudowuj\u0105 barier\u0119 hydro-lipidow\u0105, reguluj\u0105 wydzielanie sebum, zmniejszaj\u0105 ucieczk\u0119 wody z g\u0142\u0119bszych warstw sk\u00f3ry oraz skutecznie uelastyczniaj\u0105, zmi\u0119kczaj\u0105 oraz wyg\u0142adzaj\u0105 nask\u00f3rek.<\/p>\n<p>Produkt jest zaprojektowany na 100% dzia\u0142ania. Nie zawiera \u017cadnych zb\u0119dnych sk\u0142adnik\u00f3w i wype\u0142niaczy. W jego sk\u0142ad wchodzi kilkana\u015bcie naturalnych sk\u0142adnik\u00f3w: Bakuchiol \u2013 ro\u015blinny zamiennik retinolu, 8 zimnot\u0142oczonych, organicznych olej\u00f3w ro\u015blinnych, naturalny tokoferol, ro\u015blinny skwalan, pozyskiwany z trzciny cukrowej, terapeutyczne olejki eteryczne.<\/p>\n<p>Olejek nie zawiera kompozycji zapachowych oraz barwnik\u00f3w \u2013 zapach i kolor zawdzi\u0119cza naturalnym olejom i olejkom eterycznym. Jest wega\u0144skie i zawiera 100% sk\u0142adnik\u00f3w pochodzenia naturalnego.<\/p>\n<p><b>Dla kogo?<\/b><br \/>&#8211; Ka\u017cdy typ cery<br \/>&#8211; Sk\u00f3ra sucha<br \/>&#8211; Sk\u00f3ra t\u0142usta i tr\u0105dzikowa<br \/>&#8211; Sk\u00f3ra \u0142ojotokowa<br \/>&#8211; Sk\u00f3ra mieszana<br \/>&#8211; Sk\u00f3ra wra\u017cliwa i sk\u0142onna do podra\u017cnie\u0144<br \/>&#8211; Cera dojrza\u0142a<br \/>&#8211; Cera o obni\u017conej elastyczno\u015bci<\/p>\n<p><b>Spos\u00f3b u\u017cycia:\u00a0<\/b>Produkt nak\u0142adaj zawsze na umyt\u0105 i stonizowan\u0105 sk\u00f3r\u0119. Nanie\u015b kilka kropli olejku na d\u0142onie i rozprowad\u017a je, masuj\u0105c twarz oraz szyj\u0119 ku g\u00f3rze. Mo\u017cna go bezpiecznie stosowa\u0107 rano i wieczorem o ka\u017cdej porze roku, tak\u017ce w s\u0142oneczne dni. Sk\u0142adniki olejku nie maj\u0105 dzia\u0142ania fototoksycznego, zawsze jednak pami\u0119taj o odpowiedniej ochronie przeciws\u0142onecznej podczas pogodnych dni, u\u017cywaj\u0105c na koniec piel\u0119gnacji kosmetyk\u00f3w z filtrami UV. Je\u015bli olejowa formu\u0142a jest dla Ciebie zbyt t\u0142usta w piel\u0119gnacji dziennej, z powodzeniem mo\u017cesz u\u017cywa\u0107 go jedynie na noc \u2013 Twoja sk\u00f3ra ka\u017cdego ranka odwdzi\u0119czy si\u0119 pi\u0119knym blaskiem i g\u0142adko\u015bci\u0105. Produkty w formie olejowej powinny by\u0107 nak\u0142adane w kolejno\u015bci po serach wodnych lub emulsyjnych (je\u015bli stosujesz takie w piel\u0119gnacji). Je\u015bli Twoja sk\u00f3ra wymaga intensywnej piel\u0119gnacji i nawil\u017cenia, mo\u017cesz po wch\u0142oni\u0119ciu olejku na\u0142o\u017cy\u0107 krem lub lotion. Kosmetyk posiada naturalny, wyrazisty zapach oraz kolor, kt\u00f3re zawdzi\u0119cza naturalnym olejkom eterycznym i organicznym olejom ro\u015blinnym. Olejku z bakuchiolem nie powinno si\u0119 \u0142\u0105czy\u0107 ze zwi\u0105zkami \u017celaza lub miedzi.<\/p>\n<p><strong>Dzia\u0142anie:<\/strong> nawil\u017caj\u0105ce, od\u017cywcze, redukuje zmarszczki, regeneruje, rozja\u015bnia przebarwienia, uelastycznia, wyg\u0142adza, zmi\u0119kcza<br \/>\n<strong>Gramatura:<\/strong> ml<br \/>\n<strong>Konsystencja:<\/strong> olejek<br \/>\n<strong>Linie elitarne:<\/strong> nie<br \/>\n<strong>Piel\u0119gnacja specyficzna:<\/strong> nie<br \/>\n<strong>Pojemno\u015b\u0107:<\/strong> 30<br \/>\n<strong>Pora stosowania:<\/strong> dowolnie<br \/>\n<strong>P\u0142e\u0107:<\/strong> damski<br \/>\n<strong>Rodzaj sk\u00f3ry:<\/strong> dojrza\u0142a, wra\u017cliwa, wysuszona<br \/>\n<strong>S\u0142o\u0144ce:<\/strong> nie<br \/>\n<strong>Typ sk\u00f3ry:<\/strong> mieszana\/t\u0142usta, normalna, sucha<\/p>\n<p><strong>Uwagi:<\/strong><\/p>\n<p>Nie stosuj na podra\u017cnion\u0105\/uszkodzon\u0105 sk\u00f3r\u0119. Zaprzesta\u0144 stosowania przy wyst\u0105pieniu reakcji niepo\u017c\u0105danych.<\/p>\n<p><strong>Sk\u0142adniki:<\/strong><\/p>\n<p>CARYODENDRON ORINOCENSE SEED OIL, CUCUMIS SATIVUS SEED OIL, SQUALANE, VACCINIUM CORYMBOSUM SEED OIL, OXYCOCCUS PALUSTRIS SEED OIL, CAMELLIA OLEIFERA SEED OIL, CRAMBE ABYSSINICA SEED OIL, OXYCOCCUS PALUSTRIS SEED OIL, BAKUCHIOL, NIGELLA SATIVA SEED OIL, TOCOPHEROL, HELIANTHUS ANNUUS SEED OIL, TANACETUM ANNUUM FLOWER OIL, ACHILLEA MILLEFOLIUM OIL, CITRUS AURANTIFOLIA PEEL OIL, CITRUS MEDICA LIMONUM PEEL OIL, LIMONENE, LINALOOL, CITRAL, GERANIOL<\/p>\n","protected":false},"excerpt":{"rendered":"<p> <strong>Dzia\u0142anie:<\/strong> nawil\u017caj\u0105ce, od\u017cywcze, redukuje zmarszczki, regeneruje, rozja\u015bnia przebarwienia, uelastycznia, wyg\u0142adza, zmi\u0119kcza<br \/>  <strong>Gramatura:<\/strong> ml<br \/>  <strong>Konsystencja:<\/strong> olejek<br \/>  <strong>Linie elitarne:<\/strong> nie<br \/>  <strong>Piel\u0119gnacja specyficzna:<\/strong> nie<br \/>  <strong>Pojemno\u015b\u0107:<\/strong> 30<br \/>  <strong>Pora stosowania:<\/strong> dowolnie<br \/>  <strong>P\u0142e\u0107:<\/strong> damski<br \/>  <strong>Rodzaj sk\u00f3ry:<\/strong> dojrza\u0142a, wra\u017cliwa, wysuszona<br \/>  <strong>S\u0142o\u0144ce:<\/strong> nie<br \/>  <strong>Typ sk\u00f3ry:<\/strong> mieszana\/t\u0142usta, normalna, sucha <\/p>\n","protected":false},"featured_media":64170,"comment_status":"open","ping_status":"closed","template":"","meta":{"_acf_changed":false},"kategoria-hurtowni":[90,109,110],"product_brand":[1042],"product_cat":[76],"product_tag":[],"class_list":{"0":"post-64169","1":"product","2":"type-product","3":"status-publish","4":"has-post-thumbnail","6":"kategoria-hurtowni-pielegnacja","7":"kategoria-hurtowni-pielegnacja-twarzy-pielegnacja","8":"kategoria-hurtowni-twarz-pielegnacja-twarzy-pielegnacja","9":"product_brand-clare","10":"product_cat-primavera","12":"first","13":"outofstock","14":"taxable","15":"shipping-taxable","16":"product-type-simple"},"acf":[],"_links":{"self":[{"href":"https:\/\/premino.pl\/index.php?rest_route=\/wp\/v2\/product\/64169","targetHints":{"allow":["GET"]}}],"collection":[{"href":"https:\/\/premino.pl\/index.php?rest_route=\/wp\/v2\/product"}],"about":[{"href":"https:\/\/premino.pl\/index.php?rest_route=\/wp\/v2\/types\/product"}],"replies":[{"embeddable":true,"href":"https:\/\/premino.pl\/index.php?rest_route=%2Fwp%2Fv2%2Fcomments&post=64169"}],"wp:featuredmedia":[{"embeddable":true,"href":"https:\/\/premino.pl\/index.php?rest_route=\/wp\/v2\/media\/64170"}],"wp:attachment":[{"href":"https:\/\/premino.pl\/index.php?rest_route=%2Fwp%2Fv2%2Fmedia&parent=64169"}],"wp:term":[{"taxonomy":"kategoria-hurtowni","embeddable":true,"href":"https:\/\/premino.pl\/index.php?rest_route=%2Fwp%2Fv2%2Fkategoria-hurtowni&post=64169"},{"taxonomy":"product_brand","embeddable":true,"href":"https:\/\/premino.pl\/index.php?rest_route=%2Fwp%2Fv2%2Fproduct_brand&post=64169"},{"taxonomy":"product_cat","embeddable":true,"href":"https:\/\/premino.pl\/index.php?rest_route=%2Fwp%2Fv2%2Fproduct_cat&post=64169"},{"taxonomy":"product_tag","embeddable":true,"href":"https:\/\/premino.pl\/index.php?rest_route=%2Fwp%2Fv2%2Fproduct_tag&post=64169"}],"curies":[{"name":"wp","href":"https:\/\/api.w.org\/{rel}","templated":true}]}}