{"id":64199,"date":"2026-05-13T19:34:06","date_gmt":"2026-05-13T17:34:06","guid":{"rendered":"https:\/\/premino.pl\/?product=smycz"},"modified":"2026-05-13T19:34:07","modified_gmt":"2026-05-13T17:34:07","slug":"smycz","status":"publish","type":"product","link":"https:\/\/premino.pl\/?product=smycz","title":{"rendered":"Smycz"},"content":{"rendered":"<p>Poka\u017c, komu kibicujesz \u2013 gdziekolwiek jeste\u015b!<br \/>Wytrzyma\u0142a, stylowa smycz z herbem klubu HUTNIK to nie tylko praktyczny dodatek, ale te\u017c wyraz lojalno\u015bci. Idealna do kluczy, identyfikatora lub karty kibica.\u00a0<\/p>\n<p><strong>Uwagi:<\/strong><\/p>\n<p>Nie s\u0105 wymagane \u017cadne specjalne \u015brodki ostro\u017cno\u015bci przy u\u017cywaniu tego produktu w normalnych lub racjonalnie przewidywalnych warunkach u\u017cytkowania.<\/p>\n<p><strong>Sk\u0142adniki:<\/strong><\/p>\n<p>polyester<\/p>\n","protected":false},"excerpt":{"rendered":"<p>Poka\u017c, komu kibicujesz \u2013 gdziekolwiek jeste\u015b!Wytrzyma\u0142a, stylowa smycz z herbem klubu HUTNIK to nie tylko praktyczny dodatek, ale te\u017c wyraz<\/p>\n","protected":false},"featured_media":64200,"comment_status":"open","ping_status":"closed","template":"","meta":{"_acf_changed":false},"kategoria-hurtowni":[882],"product_brand":[884],"product_cat":[76],"product_tag":[],"class_list":{"0":"post-64199","1":"product","2":"type-product","3":"status-publish","4":"has-post-thumbnail","6":"kategoria-hurtowni-hutnik","7":"product_brand-hutnik","8":"product_cat-primavera","10":"first","11":"outofstock","12":"taxable","13":"shipping-taxable","14":"product-type-simple"},"acf":[],"_links":{"self":[{"href":"https:\/\/premino.pl\/index.php?rest_route=\/wp\/v2\/product\/64199","targetHints":{"allow":["GET"]}}],"collection":[{"href":"https:\/\/premino.pl\/index.php?rest_route=\/wp\/v2\/product"}],"about":[{"href":"https:\/\/premino.pl\/index.php?rest_route=\/wp\/v2\/types\/product"}],"replies":[{"embeddable":true,"href":"https:\/\/premino.pl\/index.php?rest_route=%2Fwp%2Fv2%2Fcomments&post=64199"}],"wp:featuredmedia":[{"embeddable":true,"href":"https:\/\/premino.pl\/index.php?rest_route=\/wp\/v2\/media\/64200"}],"wp:attachment":[{"href":"https:\/\/premino.pl\/index.php?rest_route=%2Fwp%2Fv2%2Fmedia&parent=64199"}],"wp:term":[{"taxonomy":"kategoria-hurtowni","embeddable":true,"href":"https:\/\/premino.pl\/index.php?rest_route=%2Fwp%2Fv2%2Fkategoria-hurtowni&post=64199"},{"taxonomy":"product_brand","embeddable":true,"href":"https:\/\/premino.pl\/index.php?rest_route=%2Fwp%2Fv2%2Fproduct_brand&post=64199"},{"taxonomy":"product_cat","embeddable":true,"href":"https:\/\/premino.pl\/index.php?rest_route=%2Fwp%2Fv2%2Fproduct_cat&post=64199"},{"taxonomy":"product_tag","embeddable":true,"href":"https:\/\/premino.pl\/index.php?rest_route=%2Fwp%2Fv2%2Fproduct_tag&post=64199"}],"curies":[{"name":"wp","href":"https:\/\/api.w.org\/{rel}","templated":true}]}}