{"id":64681,"date":"2026-05-13T19:37:45","date_gmt":"2026-05-13T17:37:45","guid":{"rendered":"https:\/\/premino.pl\/?product=n1-libido-him-suplement-diety-wspierajacy-meska-plodnosc-90-kapsulek"},"modified":"2026-05-13T19:37:46","modified_gmt":"2026-05-13T17:37:46","slug":"n1-libido-him-suplement-diety-wspierajacy-meska-plodnosc-90-kapsulek","status":"publish","type":"product","link":"https:\/\/premino.pl\/?product=n1-libido-him-suplement-diety-wspierajacy-meska-plodnosc-90-kapsulek","title":{"rendered":"N\u00b01 Libido Him suplement diety wspieraj\u0105cy m\u0119sk\u0105 p\u0142odno\u015b\u0107 90 kapsu\u0142ek"},"content":{"rendered":"<p>Mniejsze libido u m\u0119\u017cczyzn mo\u017ce mie\u0107 wiele przyczyn. Na szcz\u0119\u015bcie istniej\u0105 sposoby na jego wsparcie np. odpowiednia dieta czy aktywny tryb \u017cycia. N\u00b01 Libido HIM zosta\u0142 opracowany, by uzupe\u0142ni\u0107 diet\u0119 w sk\u0142adniki jak cynk, witamina B6 czy ro\u015blinne ekstrakty z macy czy palmy saba\u0142owej. Sk\u0142adniki te maj\u0105 konkretne w\u0142a\u015bciwo\u015bci.<\/p>\n<p>\u2022 Cynk pomaga w utrzymaniu prawid\u0142owej p\u0142odno\u015bci i funkcji rozrodczych. Pomaga tak\u017ce w utrzymaniu prawid\u0142owego poziomu testosteronu we krwi.<br \/>\u2022 Maca pomaga w zachowaniu naturalnej aktywno\u015bci seksualnej i energii.<br \/>\u2022 Palma saba\u0142owa pozwala zachowa\u0107 funkcje rozrodcze.<br \/>\u2022 Witamina B6 przyczynia si\u0119 do zmniejszenia zm\u0119czenia i znu\u017cenia, kt\u00f3re mog\u0105 by\u0107 du\u017c\u0105 przeszkod\u0105 dla udanego \u017cycia intymnego.<\/p>\n<p>Produkt jest odpowiedni dla wegan.<\/p>\n<p><b>Zalecane spo\u017cycie: <\/b>3 kapsu\u0142ki dziennie, popi\u0107 wod\u0105.<\/p>\n<p><b>Warunki przechowywania: <\/b>przechowywa\u0107 w zamkni\u0119tym opakowaniu, w temperaturze pokojowej, w suchym miejscu. Suplementy diety powinny by\u0107 przechowywane w spos\u00f3b niedost\u0119pny dla ma\u0142ych dzieci. Chroni\u0107 od \u015bwiat\u0142a. Ze wzgl\u0119du na u\u017cyte sk\u0142adniki kapsu\u0142ka mo\u017ce ulec przebarwieniu \u2013 nie wp\u0142ywa to na jako\u015b\u0107 produktu.<\/p>\n<p><strong>Forma podania:<\/strong> kapsu\u0142ki<br \/>\n<strong>Gramatura:<\/strong> sztuka<br \/>\n<strong>Pojemno\u015b\u0107:<\/strong> 90<br \/>\n<strong>P\u0142e\u0107:<\/strong> m\u0119ski<br \/>\n<strong>Rodzaj:<\/strong> pozosta\u0142e<\/p>\n<p><strong>Uwagi:<\/strong><\/p>\n<p>Suplement diety przeznaczony dla doros\u0142ych m\u0119\u017cczyzn. Produkt nie jest przeznaczony dla diabetyk\u00f3w, os\u00f3b przyjmuj\u0105cych leki przeciwzakrzepowe lub rozrzedzaj\u0105ce krew. Nie nale\u017cy stosowa\u0107 po up\u0142ywie okresu trwa\u0142o\u015bci. Nie nale\u017cy przekracza\u0107 zalecanej porcji do spo\u017cycia w ci\u0105gu dnia. Suplementy diety nie mog\u0105 by\u0107 stosowane jako substytut zr\u00f3\u017cnicowanej diety. Zr\u00f3wnowa\u017cony spos\u00f3b \u017cywienia i zdrowy tryb \u017cycia s\u0105 wa\u017cne dla zachowania dobrego stanu zdrowia. Zalecana dzienna porcja stanowi ilo\u015b\u0107 suplementu diety niezb\u0119dn\u0105 do uzyskania deklarowanego (korzystnego) dzia\u0142ania.<\/p>\n<p><strong>Sk\u0142adniki:<\/strong><\/p>\n<p>b\u0142onnik akacjowy, L-arginina, substancjaglazuruj\u0105ca \u2013 hydroksypropylometyloceluloza, ekstrakt z korzenia MacaDER 10:1 (Lepidium meyenii), ekstrakt z korzenia \u017ce\u0144-szenia DER 7:1 (Panaxginseng), ekstrakt z li\u015bci pokrzywy zwyczajnej DER 4:1 (Urtica dioica),ekstrakt z owoc\u00f3w palmy saba\u0142owej DER 20:1 (Serenoa repens), cynk(glukonian cynku), ekstrakt z li\u015bci mi\u0142orz\u0119bu japo\u0144skiego DER 4:1 (Ginkgobiloba L.), witamina B6 (chlorowodorek pirydoksyny).<\/p>\n","protected":false},"excerpt":{"rendered":"<p> <strong>Forma podania:<\/strong> kapsu\u0142ki<br \/>  <strong>Gramatura:<\/strong> sztuka<br \/>  <strong>Pojemno\u015b\u0107:<\/strong> 90<br \/>  <strong>P\u0142e\u0107:<\/strong> m\u0119ski<br \/>  <strong>Rodzaj:<\/strong> pozosta\u0142e <\/p>\n","protected":false},"featured_media":64682,"comment_status":"open","ping_status":"closed","template":"","meta":{"_acf_changed":false},"kategoria-hurtowni":[206,205],"product_brand":[763],"product_cat":[76],"product_tag":[],"class_list":{"0":"post-64681","1":"product","2":"type-product","3":"status-publish","4":"has-post-thumbnail","6":"kategoria-hurtowni-suplementy-diety","7":"kategoria-hurtowni-zdrowie","8":"product_brand-lab-one","9":"product_cat-primavera","11":"first","12":"outofstock","13":"taxable","14":"shipping-taxable","15":"product-type-simple"},"acf":[],"_links":{"self":[{"href":"https:\/\/premino.pl\/index.php?rest_route=\/wp\/v2\/product\/64681","targetHints":{"allow":["GET"]}}],"collection":[{"href":"https:\/\/premino.pl\/index.php?rest_route=\/wp\/v2\/product"}],"about":[{"href":"https:\/\/premino.pl\/index.php?rest_route=\/wp\/v2\/types\/product"}],"replies":[{"embeddable":true,"href":"https:\/\/premino.pl\/index.php?rest_route=%2Fwp%2Fv2%2Fcomments&post=64681"}],"wp:featuredmedia":[{"embeddable":true,"href":"https:\/\/premino.pl\/index.php?rest_route=\/wp\/v2\/media\/64682"}],"wp:attachment":[{"href":"https:\/\/premino.pl\/index.php?rest_route=%2Fwp%2Fv2%2Fmedia&parent=64681"}],"wp:term":[{"taxonomy":"kategoria-hurtowni","embeddable":true,"href":"https:\/\/premino.pl\/index.php?rest_route=%2Fwp%2Fv2%2Fkategoria-hurtowni&post=64681"},{"taxonomy":"product_brand","embeddable":true,"href":"https:\/\/premino.pl\/index.php?rest_route=%2Fwp%2Fv2%2Fproduct_brand&post=64681"},{"taxonomy":"product_cat","embeddable":true,"href":"https:\/\/premino.pl\/index.php?rest_route=%2Fwp%2Fv2%2Fproduct_cat&post=64681"},{"taxonomy":"product_tag","embeddable":true,"href":"https:\/\/premino.pl\/index.php?rest_route=%2Fwp%2Fv2%2Fproduct_tag&post=64681"}],"curies":[{"name":"wp","href":"https:\/\/api.w.org\/{rel}","templated":true}]}}