{"id":64759,"date":"2026-05-13T19:38:23","date_gmt":"2026-05-13T17:38:23","guid":{"rendered":"https:\/\/premino.pl\/?product=attraction-closer-for-him-woda-toaletowa-spray-75ml"},"modified":"2026-05-13T19:38:24","modified_gmt":"2026-05-13T17:38:24","slug":"attraction-closer-for-him-woda-toaletowa-spray-75ml","status":"publish","type":"product","link":"https:\/\/premino.pl\/?product=attraction-closer-for-him-woda-toaletowa-spray-75ml","title":{"rendered":"Attraction Closer For Him woda toaletowa spray 75ml"},"content":{"rendered":"<p>Pobud\u017a zmys\u0142y z Attraction Closer for Him i daj si\u0119 ponie\u015b\u0107 chwili, gdy dwie dusze \u0142\u0105cz\u0105 si\u0119 w doskona\u0142ej harmonii. Serca bij\u0105 jednym rytmem, a cia\u0142a poruszaj\u0105 si\u0119 w pe\u0142nej synchronii. Pozw\u00f3l, by j\u0119zyk cia\u0142a przej\u0105\u0142 kontrol\u0119, a magnetyczny rytm przyci\u0105gn\u0105\u0142 Ci\u0119 jeszcze bli\u017cej.<\/p>\n<p><b>Nuty zapachowe:<br \/><\/b><br \/><b>Nuta g\u0142owy: <\/b>r\u00f3\u017cowy pieprz, ekstrakty CO2, gruszka, suszone jab\u0142ko<br \/><b>Nuta serca: <\/b>osmasylk natsublim, sk\u00f3ra, mi\u00f3d<br \/><b>Nuta bazy: <\/b>fasolka tonka, sk\u00f3ra, wetyweria<\/p>\n<p><strong>Gramatura:<\/strong> ml<br \/>\n<strong>Linia k\u0105pielowa:<\/strong> nie<br \/>\n<strong>Miniatura:<\/strong> nie<br \/>\n<strong>Nuta bazy:<\/strong> fasolka tonka, sk\u00f3ra, wetyweria<br \/>\n<strong>Nuta g\u0142owy:<\/strong> ekstrakty CO2, gruszka, r\u00f3\u017cowy pieprz, suszone jab\u0142ko<br \/>\n<strong>Nuta g\u0142\u00f3wna:<\/strong> aromatyczne<br \/>\n<strong>Nuta serca:<\/strong> mi\u00f3d, osmasylk natsublim, sk\u00f3ra<br \/>\n<strong>Pojemno\u015b\u0107:<\/strong> 75<br \/>\n<strong>Produkt rzadki:<\/strong> nie<br \/>\n<strong>Pr\u00f3bka:<\/strong> nie<br \/>\n<strong>P\u0142e\u0107:<\/strong> m\u0119ski<br \/>\n<strong>Rodzaj:<\/strong> woda toaletowa<br \/>\n<strong>Tester:<\/strong> nie<br \/>\n<strong>Zapach alternatywny:<\/strong> nie<br \/>\n<strong>Zestaw:<\/strong> nie<\/p>\n<p><strong>Uwagi:<\/strong><\/p>\n<p>Produkt \u0142atwopalny. Przechowywa\u0107 z dala od \u017ar\u00f3de\u0142 ciep\u0142a i ognia. Unika\u0107 kontaktu z oczami. Chroni\u0107 przed dzie\u0107mi. Tylko do u\u017cytku zewn\u0119trznego.<\/p>\n<p><strong>Sk\u0142adniki:<\/strong><\/p>\n<p>ALCOHOL DENAT., AQUA, PARFUM, T-BUTYL ALCOHOL, POLYGLYCERYL-3 CAPRYLATE, COUMARIN, HYDROXYCITRONELLAL, LINALOOL, ALPHA-ISOMETHYL IONONE, LIMONENE, CITRONELLOL, BENZYL ALCOHOL, ISOEUGENOL.<\/p>\n","protected":false},"excerpt":{"rendered":"<p> <strong>Gramatura:<\/strong> ml<br \/>  <strong>Linia k\u0105pielowa:<\/strong> nie<br \/>  <strong>Miniatura:<\/strong> nie<br \/>  <strong>Nuta bazy:<\/strong> fasolka tonka, sk\u00f3ra, wetyweria<br \/>  <strong>Nuta g\u0142owy:<\/strong> ekstrakty CO2, gruszka, r\u00f3\u017cowy pieprz, suszone jab\u0142ko<br \/>  <strong>Nuta g\u0142\u00f3wna:<\/strong> aromatyczne<br \/>  <strong>Nuta serca:<\/strong> mi\u00f3d, osmasylk natsublim, sk\u00f3ra<br \/>  <strong>Pojemno\u015b\u0107:<\/strong> 75<br \/>  <strong>Produkt rzadki:<\/strong> nie<br \/>  <strong>Pr\u00f3bka:<\/strong> nie<br \/>  <strong>P\u0142e\u0107:<\/strong> m\u0119ski<br \/>  <strong>Rodzaj:<\/strong> woda toaletowa<br \/>  <strong>Tester:<\/strong> nie<br \/>  <strong>Zapach alternatywny:<\/strong> nie<br \/>  <strong>Zestaw:<\/strong> nie <\/p>\n","protected":false},"featured_media":64760,"comment_status":"open","ping_status":"closed","template":"","meta":{"_acf_changed":false},"kategoria-hurtowni":[87,88],"product_brand":[621],"product_cat":[76],"product_tag":[],"class_list":{"0":"post-64759","1":"product","2":"type-product","3":"status-publish","4":"has-post-thumbnail","6":"kategoria-hurtowni-perfumy","7":"kategoria-hurtowni-zapachy","8":"product_brand-avon","9":"product_cat-primavera","11":"first","12":"outofstock","13":"taxable","14":"shipping-taxable","15":"product-type-simple"},"acf":[],"_links":{"self":[{"href":"https:\/\/premino.pl\/index.php?rest_route=\/wp\/v2\/product\/64759","targetHints":{"allow":["GET"]}}],"collection":[{"href":"https:\/\/premino.pl\/index.php?rest_route=\/wp\/v2\/product"}],"about":[{"href":"https:\/\/premino.pl\/index.php?rest_route=\/wp\/v2\/types\/product"}],"replies":[{"embeddable":true,"href":"https:\/\/premino.pl\/index.php?rest_route=%2Fwp%2Fv2%2Fcomments&post=64759"}],"wp:featuredmedia":[{"embeddable":true,"href":"https:\/\/premino.pl\/index.php?rest_route=\/wp\/v2\/media\/64760"}],"wp:attachment":[{"href":"https:\/\/premino.pl\/index.php?rest_route=%2Fwp%2Fv2%2Fmedia&parent=64759"}],"wp:term":[{"taxonomy":"kategoria-hurtowni","embeddable":true,"href":"https:\/\/premino.pl\/index.php?rest_route=%2Fwp%2Fv2%2Fkategoria-hurtowni&post=64759"},{"taxonomy":"product_brand","embeddable":true,"href":"https:\/\/premino.pl\/index.php?rest_route=%2Fwp%2Fv2%2Fproduct_brand&post=64759"},{"taxonomy":"product_cat","embeddable":true,"href":"https:\/\/premino.pl\/index.php?rest_route=%2Fwp%2Fv2%2Fproduct_cat&post=64759"},{"taxonomy":"product_tag","embeddable":true,"href":"https:\/\/premino.pl\/index.php?rest_route=%2Fwp%2Fv2%2Fproduct_tag&post=64759"}],"curies":[{"name":"wp","href":"https:\/\/api.w.org\/{rel}","templated":true}]}}