{"id":65449,"date":"2026-05-13T19:43:42","date_gmt":"2026-05-13T17:43:42","guid":{"rendered":"https:\/\/premino.pl\/?product=armani-code-elixir-perfumy-spray-50ml"},"modified":"2026-05-13T19:43:42","modified_gmt":"2026-05-13T17:43:42","slug":"armani-code-elixir-perfumy-spray-50ml","status":"publish","type":"product","link":"https:\/\/premino.pl\/?product=armani-code-elixir-perfumy-spray-50ml","title":{"rendered":"Armani Code Elixir perfumy spray 50ml"},"content":{"rendered":"<p>Armani Code Elixir to intensywna kompozycja, w kt\u00f3rej sk\u00f3ra i fasolka tonka tworz\u0105 zmys\u0142owe po\u0142\u0105czenie pe\u0142ne magnetycznej m\u0119sko\u015bci i wyj\u0105tkowego ciep\u0142a.<\/p>\n<p><b>Nuty zapachowe:<br \/><\/b><br \/><b>Nuta g\u0142owy: <\/b>zielona mandarynka<br \/><b>Nuta serca: <\/b>sk\u00f3ra, likier<br \/><b>Nuta bazy: <\/b>fasolka tonka<\/p>\n<p><strong>Gramatura:<\/strong> ml<br \/>\n<strong>Linia k\u0105pielowa:<\/strong> nie<br \/>\n<strong>Miniatura:<\/strong> nie<br \/>\n<strong>Nuta bazy:<\/strong> fasolka tonka<br \/>\n<strong>Nuta g\u0142owy:<\/strong> zielona mandarynka<br \/>\n<strong>Nuta g\u0142\u00f3wna:<\/strong> fougere, orientalne<br \/>\n<strong>Nuta serca:<\/strong> likier, sk\u00f3ra<br \/>\n<strong>Pojemno\u015b\u0107:<\/strong> 50<br \/>\n<strong>Produkt rzadki:<\/strong> nie<br \/>\n<strong>Pr\u00f3bka:<\/strong> nie<br \/>\n<strong>P\u0142e\u0107:<\/strong> m\u0119ski<br \/>\n<strong>Rodzaj:<\/strong> perfumy<br \/>\n<strong>Tester:<\/strong> nie<br \/>\n<strong>Zapach alternatywny:<\/strong> nie<br \/>\n<strong>Zestaw:<\/strong> nie<\/p>\n<p><strong>Uwagi:<\/strong><\/p>\n<p>Ostrze\u017cenie: Produkt \u0142atwopalny a\u017c do wyschni\u0119cia. Przechowuj z dala od \u017ar\u00f3de\u0142 ciep\u0142a i zap\u0142onu. Unika\u0107 rozpylania w kierunku oczu.<\/p>\n<p><strong>Sk\u0142adniki:<\/strong><\/p>\n<p>ALCOHOL \u2022 PARFUM \/ FRAGRANCE \u2022 AQUA \/ WATER \/ EAU \u2022 COUMARIN \u2022 LIMONENE \u2022 LINALOOL \u2022 BUTYL METHOXYDIBENZOYLMETHANE \u2022 HYDROXYCITRONELLAL \u2022 HEXYL CINNAMAL \u2022 ALPHA-ISOMETHYL IONONE \u2022 BENZYL BENZOATE \u2022 GERANIOL \u2022 CINNAMYL ALCOHOL \u2022 BENZYL ALCOHOL \u2022 CITRONELLOL \u2022 BENZYL CINNAMATE \u2022 CITRAL \u2022 METHYL ANTHRANILATE \u2022 FARNESOL \u2022 ISOEUGENOL \u2022 CINNAMAL \u2022 EUGENOL<\/p>\n","protected":false},"excerpt":{"rendered":"<p> <strong>Gramatura:<\/strong> ml<br \/>  <strong>Linia k\u0105pielowa:<\/strong> nie<br \/>  <strong>Miniatura:<\/strong> nie<br \/>  <strong>Nuta bazy:<\/strong> fasolka tonka<br \/>  <strong>Nuta g\u0142owy:<\/strong> zielona mandarynka<br \/>  <strong>Nuta g\u0142\u00f3wna:<\/strong> fougere, orientalne<br \/>  <strong>Nuta serca:<\/strong> likier, sk\u00f3ra<br \/>  <strong>Pojemno\u015b\u0107:<\/strong> 50<br \/>  <strong>Produkt rzadki:<\/strong> nie<br \/>  <strong>Pr\u00f3bka:<\/strong> nie<br \/>  <strong>P\u0142e\u0107:<\/strong> m\u0119ski<br \/>  <strong>Rodzaj:<\/strong> perfumy<br \/>  <strong>Tester:<\/strong> nie<br \/>  <strong>Zapach alternatywny:<\/strong> nie<br \/>  <strong>Zestaw:<\/strong> nie <\/p>\n","protected":false},"featured_media":65450,"comment_status":"open","ping_status":"closed","template":"","meta":{"_acf_changed":false},"kategoria-hurtowni":[87,88],"product_brand":[160],"product_cat":[76],"product_tag":[],"class_list":{"0":"post-65449","1":"product","2":"type-product","3":"status-publish","4":"has-post-thumbnail","6":"kategoria-hurtowni-perfumy","7":"kategoria-hurtowni-zapachy","8":"product_brand-giorgio-armani","9":"product_cat-primavera","11":"first","12":"outofstock","13":"taxable","14":"shipping-taxable","15":"product-type-simple"},"acf":[],"_links":{"self":[{"href":"https:\/\/premino.pl\/index.php?rest_route=\/wp\/v2\/product\/65449","targetHints":{"allow":["GET"]}}],"collection":[{"href":"https:\/\/premino.pl\/index.php?rest_route=\/wp\/v2\/product"}],"about":[{"href":"https:\/\/premino.pl\/index.php?rest_route=\/wp\/v2\/types\/product"}],"replies":[{"embeddable":true,"href":"https:\/\/premino.pl\/index.php?rest_route=%2Fwp%2Fv2%2Fcomments&post=65449"}],"wp:featuredmedia":[{"embeddable":true,"href":"https:\/\/premino.pl\/index.php?rest_route=\/wp\/v2\/media\/65450"}],"wp:attachment":[{"href":"https:\/\/premino.pl\/index.php?rest_route=%2Fwp%2Fv2%2Fmedia&parent=65449"}],"wp:term":[{"taxonomy":"kategoria-hurtowni","embeddable":true,"href":"https:\/\/premino.pl\/index.php?rest_route=%2Fwp%2Fv2%2Fkategoria-hurtowni&post=65449"},{"taxonomy":"product_brand","embeddable":true,"href":"https:\/\/premino.pl\/index.php?rest_route=%2Fwp%2Fv2%2Fproduct_brand&post=65449"},{"taxonomy":"product_cat","embeddable":true,"href":"https:\/\/premino.pl\/index.php?rest_route=%2Fwp%2Fv2%2Fproduct_cat&post=65449"},{"taxonomy":"product_tag","embeddable":true,"href":"https:\/\/premino.pl\/index.php?rest_route=%2Fwp%2Fv2%2Fproduct_tag&post=65449"}],"curies":[{"name":"wp","href":"https:\/\/api.w.org\/{rel}","templated":true}]}}