{"id":65689,"date":"2026-05-13T19:45:33","date_gmt":"2026-05-13T17:45:33","guid":{"rendered":"https:\/\/premino.pl\/?product=teint-idole-ultra-wear-utrwalajacy-puder-prasowany-03-medium-10g"},"modified":"2026-05-13T19:45:33","modified_gmt":"2026-05-13T17:45:33","slug":"teint-idole-ultra-wear-utrwalajacy-puder-prasowany-03-medium-10g","status":"publish","type":"product","link":"https:\/\/premino.pl\/?product=teint-idole-ultra-wear-utrwalajacy-puder-prasowany-03-medium-10g","title":{"rendered":"Teint Idole Ultra Wear utrwalaj\u0105cy puder prasowany 03 Medium 10g"},"content":{"rendered":"<p><b>Ulepsz swoj\u0105 rutyn\u0119 dzi\u0119ki pudrowi utrwalaj\u0105cemu Teint Id\u00f4le Ultra Wear Skin Refining Setting Powder od Lanc\u00f4me.<br \/><\/b>Ten ultradrobny puder doskonale utrwala makija\u017c, skutecznie redukuje \u015bwiecenie i zapewnia d\u0142ugotrwa\u0142y efekt \u2013 makija\u017c pozostaje perfekcyjny przez ca\u0142y dzie\u0144. Dzi\u0119ki lekkiej, mi\u0119kkiej konsystencji i matuj\u0105cemu wyko\u0144czeniu, puder natychmiast poprawia wygl\u0105d sk\u00f3ry, wyg\u0142adzaj\u0105c pory i nadaj\u0105c cerze efekt soft-focus. Formu\u0142a przypominaj\u0105ca drug\u0105 sk\u00f3r\u0119 jest oddychaj\u0105ca i nie obci\u0105\u017ca makija\u017cu. Nie osadza si\u0119 w zmarszczkach ani nie rozmazuje, zapewniaj\u0105c nieskazitelny efekt przez ca\u0142y dzie\u0144.<\/p>\n<p><b>Spos\u00f3b u\u017cycia:<br \/><\/b>Po na\u0142o\u017ceniu podk\u0142adu i korektora, na\u0142\u00f3\u017c puder na twarz. Skup si\u0119 szczeg\u00f3lnie na strefie T oraz policzkach, by zmatowi\u0107 i utrwali\u0107 makija\u017c. Odczekaj chwil\u0119, aby puder dobrze si\u0119 wtopi\u0142 w sk\u00f3r\u0119. Usu\u0144 nadmiar produktu delikatnie p\u0119dzlem, dla naturalnego efektu.<\/p>\n<p><strong>Br\u0105zuj\u0105cy:<\/strong> nie<br \/>\n<strong>Dzia\u0142anie:<\/strong> matuj\u0105ce, wyg\u0142adzaj\u0105ce<br \/>\n<strong>Forma podania:<\/strong> prasowany<br \/>\n<strong>Gramatura:<\/strong> g<br \/>\n<strong>Kolor:<\/strong> 03 Medium<br \/>\n<strong>Pojemno\u015b\u0107:<\/strong> 10<br \/>\n<strong>P\u0142e\u0107:<\/strong> damski<br \/>\n<strong>Roz\u015bwietlaj\u0105cy:<\/strong> nie<br \/>\n<strong>Stopie\u0144 krycia:<\/strong> lekkie, mocnokryj\u0105ce, \u015brednie<br \/>\n<strong>S\u0142o\u0144ce:<\/strong> nie<\/p>\n<p><strong>Uwagi:<\/strong><\/p>\n<p>Nie s\u0105 wymagane \u017cadne specjalne \u015brodki ostro\u017cno\u015bci przy u\u017cywaniu tego produktu w normalnych lub racjonalnie przewidywalnych warunkach u\u017cytkowania.<\/p>\n<p><strong>Sk\u0142adniki:<\/strong><\/p>\n<p>SHADE 00: TALC \u25cf SILICA \u25cf PERLITE \u25cf CAPRYLIC\/CAPRIC TRIGLYCERIDE \u25cf OCTYLDODECYL STEAROYL STEARATE \u25cf BORON NITRIDE \u25cf MAGNESIUM STEARATE \u25cf SQUALANE \u25cf NIACINAMIDE \u25cf SODIUM HYALURONATE \u25cf CAPRYLYL GLYCOL \u25cf TOCOPHEROL \u25cf [+\/- MAY CONTAIN CI 77491, CI 77492, CI 77499 \/ IRON OXIDES \u25cf CI 77891 \/ TITANIUM DIOXIDE \u25cf] F.I.L N70043562\/1.<br \/>SHADE 01: TALC \u25cf SILICA \u25cf PERLITE \u25cf BORON NITRIDE \u25cf CAPRYLIC\/CAPRIC TRIGLYCERIDE \u25cf OCTYLDODECYL STEAROYL STEARATE \u25cf MAGNESIUM STEARATE \u25cf SQUALANE \u25cf NIACINAMIDE \u25cf SODIUM HYALURONATE \u25cf KAOLIN \u25cf CAPRYLYL GLYCOL \u25cf TOCOPHEROL \u25cf CI 15850 \/ RED 7 \u25cf CI 77007 \/ ULTRAMARINES \u25cf CI 77491 \/ IRON OXIDES \u25cf CI 77499 \/ IRON OXIDES \u25cf CI 77891 \/ TITANIUM DIOXIDE \u25cf F.I.L T70046005\/1.<br \/>SHADE 02: TALC \u25cf SILICA \u25cf PERLITE \u25cf CAPRYLIC\/CAPRIC TRIGLYCERIDE \u25cf OCTYLDODECYL STEAROYL STEARATE \u25cf BORON NITRIDE \u25cf MAGNESIUM STEARATE \u25cf SQUALANE \u25cf NIACINAMIDE \u25cf SODIUM HYALURONATE \u25cf CAPRYLYL GLYCOL \u25cf TOCOPHEROL \u25cf [+\/- MAY CONTAIN CI 77491, CI 77492, CI 77499 \/ IRON OXIDES \u25cf CI 77891 \/ TITANIUM DIOXIDE \u25cf] F.I.L N70043562\/1.<br \/>SHADE 03: TALC \u25cf SILICA \u25cf PERLITE \u25cf CAPRYLIC\/CAPRIC TRIGLYCERIDE \u25cf OCTYLDODECYL STEAROYL STEARATE \u25cf BORON NITRIDE \u25cf MAGNESIUM STEARATE \u25cf SQUALANE \u25cf NIACINAMIDE \u25cf SODIUM HYALURONATE \u25cf CAPRYLYL GLYCOL \u25cf TOCOPHEROL \u25cf [+\/- MAY CONTAIN CI 77491, CI 77492, CI 77499 \/ IRON OXIDES \u25cf CI 77891 \/ TITANIUM DIOXIDE \u25cf] F.I.L N70043562\/1.<br \/>SHADE 04: TALC \u25cf SILICA \u25cf PERLITE \u25cf CAPRYLIC\/CAPRIC TRIGLYCERIDE \u25cf OCTYLDODECYL STEAROYL STEARATE \u25cf BORON NITRIDE \u25cf MAGNESIUM STEARATE \u25cf SQUALANE \u25cf NIACINAMIDE \u25cf SODIUM HYALURONATE \u25cf CAPRYLYL GLYCOL \u25cf TOCOPHEROL \u25cf [+\/- MAY CONTAIN CI 77491, CI 77492, CI 77499 \/ IRON OXIDES \u25cf CI 77891 \/ TITANIUM DIOXIDE \u25cf] F.I.L N70043562\/1.<\/p>\n","protected":false},"excerpt":{"rendered":"<p> <strong>Br\u0105zuj\u0105cy:<\/strong> nie<br \/>  <strong>Dzia\u0142anie:<\/strong> matuj\u0105ce, wyg\u0142adzaj\u0105ce<br \/>  <strong>Forma podania:<\/strong> prasowany<br \/>  <strong>Gramatura:<\/strong> g<br \/>  <strong>Kolor:<\/strong> 03 Medium<br \/>  <strong>Pojemno\u015b\u0107:<\/strong> 10<br \/>  <strong>P\u0142e\u0107:<\/strong> damski<br \/>  <strong>Roz\u015bwietlaj\u0105cy:<\/strong> nie<br \/>  <strong>Stopie\u0144 krycia:<\/strong> lekkie, mocnokryj\u0105ce, \u015brednie<br \/>  <strong>S\u0142o\u0144ce:<\/strong> nie <\/p>\n","protected":false},"featured_media":65690,"comment_status":"open","ping_status":"closed","template":"","meta":{"_acf_changed":false},"kategoria-hurtowni":[83,129,180],"product_brand":[159],"product_cat":[76],"product_tag":[],"class_list":{"0":"post-65689","1":"product","2":"type-product","3":"status-publish","4":"has-post-thumbnail","6":"kategoria-hurtowni-makijaz","7":"kategoria-hurtowni-makijaz-twarz","8":"kategoria-hurtowni-pudry","9":"product_brand-lancome","10":"product_cat-primavera","12":"first","13":"outofstock","14":"taxable","15":"shipping-taxable","16":"product-type-simple"},"acf":[],"_links":{"self":[{"href":"https:\/\/premino.pl\/index.php?rest_route=\/wp\/v2\/product\/65689","targetHints":{"allow":["GET"]}}],"collection":[{"href":"https:\/\/premino.pl\/index.php?rest_route=\/wp\/v2\/product"}],"about":[{"href":"https:\/\/premino.pl\/index.php?rest_route=\/wp\/v2\/types\/product"}],"replies":[{"embeddable":true,"href":"https:\/\/premino.pl\/index.php?rest_route=%2Fwp%2Fv2%2Fcomments&post=65689"}],"wp:featuredmedia":[{"embeddable":true,"href":"https:\/\/premino.pl\/index.php?rest_route=\/wp\/v2\/media\/65690"}],"wp:attachment":[{"href":"https:\/\/premino.pl\/index.php?rest_route=%2Fwp%2Fv2%2Fmedia&parent=65689"}],"wp:term":[{"taxonomy":"kategoria-hurtowni","embeddable":true,"href":"https:\/\/premino.pl\/index.php?rest_route=%2Fwp%2Fv2%2Fkategoria-hurtowni&post=65689"},{"taxonomy":"product_brand","embeddable":true,"href":"https:\/\/premino.pl\/index.php?rest_route=%2Fwp%2Fv2%2Fproduct_brand&post=65689"},{"taxonomy":"product_cat","embeddable":true,"href":"https:\/\/premino.pl\/index.php?rest_route=%2Fwp%2Fv2%2Fproduct_cat&post=65689"},{"taxonomy":"product_tag","embeddable":true,"href":"https:\/\/premino.pl\/index.php?rest_route=%2Fwp%2Fv2%2Fproduct_tag&post=65689"}],"curies":[{"name":"wp","href":"https:\/\/api.w.org\/{rel}","templated":true}]}}