{"id":65725,"date":"2026-05-13T19:45:49","date_gmt":"2026-05-13T17:45:49","guid":{"rendered":"https:\/\/premino.pl\/?product=rouge-pur-couture-satynowa-pomadka-do-ust-n44-3-8g"},"modified":"2026-05-13T19:45:50","modified_gmt":"2026-05-13T17:45:50","slug":"rouge-pur-couture-satynowa-pomadka-do-ust-n44-3-8g","status":"publish","type":"product","link":"https:\/\/premino.pl\/?product=rouge-pur-couture-satynowa-pomadka-do-ust-n44-3-8g","title":{"rendered":"Rouge Pur Couture satynowa pomadka do ust N44 3.8g"},"content":{"rendered":"<p>Pomadka Rouge Pur Couture to po\u0142\u0105czenie intensywnego koloru, d\u0142ugotrwa\u0142ego efektu i piel\u0119gnacji na najwy\u017cszym poziomie. Dzi\u0119ki 80% bazy piel\u0119gnacyjnej z ceramidami oraz ekstraktami z tuberozy i opuncji figowej, zapewnia do 16 godzin nawil\u017cenia i komfortu. Formu\u0142a z czystymi pigmentami gwarantuje wyrazisty kolor ju\u017c przy pierwszym poci\u0105gni\u0119ciu, a kremowa, zmys\u0142owa konsystencja g\u0142adko sunie po ustach, otulaj\u0105c je eleganck\u0105 satyn\u0105.<\/p>\n<p><b>Spos\u00f3b u\u017cycia:\u00a0<\/b>Aplikuj od \u015brodka ust ku zewn\u0119trznym k\u0105cikom dla perfekcyjnego wyko\u0144czenia.<\/p>\n<p><strong>Gramatura:<\/strong> g<br \/>\n<strong>Kolor:<\/strong> N44<br \/>\n<strong>Pojemno\u015b\u0107:<\/strong> 3.8<br \/>\n<strong>P\u0142e\u0107:<\/strong> damski<br \/>\n<strong>Rodzaj:<\/strong> kremowe<br \/>\n<strong>S\u0142o\u0144ce:<\/strong> nie<\/p>\n<p><strong>Uwagi:<\/strong><\/p>\n<p>Nie s\u0105 wymagane \u017cadne specjalne \u015brodki ostro\u017cno\u015bci przy u\u017cywaniu tego produktu w normalnych lub racjonalnie przewidywalnych warunkach u\u017cytkowania.<\/p>\n<p><strong>Sk\u0142adniki:<\/strong><\/p>\n<p>OCTYLDODECANOL , PENTAERYTHRITYL TETRAISOSTEARATE , PROPYLENE GLYCOL DIBENZOATE , NEOPENTYL GLYCOL DIHEPTANOATE , BIS-DIGLYCERYL POLYACYLADIPATE-2 , POLYETHYLENE , POLYBUTENE , HYDROGENATED CASTOR OIL DIMER DILINOLEATE , HYDROGENATED COCO-GLYCERIDES , CI 15850 \/ RED 6 , CI 15850 \/ RED 7 , CI 45410 \/ RED 28 LAKE , MICA , CANDELILLA CERA \/ CANDELILLA WAX \/ CIRE DE CANDELILLA , CERA MICROCRISTALLINA \/ MICROCRYSTALLINE WAX \/ CIRE MICROCRISTALLINE , SILICA SILYLATE , CAPRYLIC\/CAPRIC TRIGLYCERIDE , CI 77891 \/ TITANIUM DIOXIDE , PENTAERYTHRITYL TETRA-DI-T-BUTYL HYDROXYHYDROCINNAMATE , CERAMIDE NP , BENZYL ALCOHOL , ALUMINUM HYDROXIDE , ANISE ALCOHOL , SILICA , POLIANTHES TUBEROSA FLOWER EXTRACT , OPUNTIA FICUS-INDICA FLOWER EXTRACT , PARFUM \/ FRAGRANCE (F.I.L. N70022144\/1).<\/p>\n","protected":false},"excerpt":{"rendered":"<p> <strong>Gramatura:<\/strong> g<br \/>  <strong>Kolor:<\/strong> N44<br \/>  <strong>Pojemno\u015b\u0107:<\/strong> 3.8<br \/>  <strong>P\u0142e\u0107:<\/strong> damski<br \/>  <strong>Rodzaj:<\/strong> kremowe<br \/>  <strong>S\u0142o\u0144ce:<\/strong> nie <\/p>\n","protected":false},"featured_media":65726,"comment_status":"open","ping_status":"closed","template":"","meta":{"_acf_changed":false},"kategoria-hurtowni":[83,105,106],"product_brand":[157],"product_cat":[76],"product_tag":[],"class_list":{"0":"post-65725","1":"product","2":"type-product","3":"status-publish","4":"has-post-thumbnail","6":"kategoria-hurtowni-makijaz","7":"kategoria-hurtowni-makijaz-usta","8":"kategoria-hurtowni-pomadki","9":"product_brand-yves-saint-laurent","10":"product_cat-primavera","12":"first","13":"outofstock","14":"taxable","15":"shipping-taxable","16":"product-type-simple"},"acf":[],"_links":{"self":[{"href":"https:\/\/premino.pl\/index.php?rest_route=\/wp\/v2\/product\/65725","targetHints":{"allow":["GET"]}}],"collection":[{"href":"https:\/\/premino.pl\/index.php?rest_route=\/wp\/v2\/product"}],"about":[{"href":"https:\/\/premino.pl\/index.php?rest_route=\/wp\/v2\/types\/product"}],"replies":[{"embeddable":true,"href":"https:\/\/premino.pl\/index.php?rest_route=%2Fwp%2Fv2%2Fcomments&post=65725"}],"wp:featuredmedia":[{"embeddable":true,"href":"https:\/\/premino.pl\/index.php?rest_route=\/wp\/v2\/media\/65726"}],"wp:attachment":[{"href":"https:\/\/premino.pl\/index.php?rest_route=%2Fwp%2Fv2%2Fmedia&parent=65725"}],"wp:term":[{"taxonomy":"kategoria-hurtowni","embeddable":true,"href":"https:\/\/premino.pl\/index.php?rest_route=%2Fwp%2Fv2%2Fkategoria-hurtowni&post=65725"},{"taxonomy":"product_brand","embeddable":true,"href":"https:\/\/premino.pl\/index.php?rest_route=%2Fwp%2Fv2%2Fproduct_brand&post=65725"},{"taxonomy":"product_cat","embeddable":true,"href":"https:\/\/premino.pl\/index.php?rest_route=%2Fwp%2Fv2%2Fproduct_cat&post=65725"},{"taxonomy":"product_tag","embeddable":true,"href":"https:\/\/premino.pl\/index.php?rest_route=%2Fwp%2Fv2%2Fproduct_tag&post=65725"}],"curies":[{"name":"wp","href":"https:\/\/api.w.org\/{rel}","templated":true}]}}