{"id":65773,"date":"2026-05-13T19:46:12","date_gmt":"2026-05-13T17:46:12","guid":{"rendered":"https:\/\/premino.pl\/?product=all-hours-foundation-luminous-matte-podklad-w-plynie-mw8-25ml"},"modified":"2026-05-13T19:46:12","modified_gmt":"2026-05-13T17:46:12","slug":"all-hours-foundation-luminous-matte-podklad-w-plynie-mw8-25ml","status":"publish","type":"product","link":"https:\/\/premino.pl\/?product=all-hours-foundation-luminous-matte-podklad-w-plynie-mw8-25ml","title":{"rendered":"All Hours Foundation Luminous Matte podk\u0142ad w p\u0142ynie MW8 25ml"},"content":{"rendered":"<p>Podk\u0142ad All Hours z kwasem hialuronowym, o 24-godzinnym pe\u0142nym kryciu bez obci\u0105\u017cania sk\u00f3ry. Perfekcyjny wygl\u0105d sk\u00f3ry, na kt\u00f3rym mo\u017cesz polega\u0107 przez ca\u0142y dzie\u0144, ca\u0142\u0105 noc, ca\u0142y czas. Ulepszona, oddychaj\u0105ca formu\u0142a zapewniaj\u0105ca pe\u0142ne krycie przez 24 godziny. Do\u015bwiadcz niezwykle zmys\u0142owego doznania na sk\u00f3rze, dzi\u0119ki pe\u0142nemu kryciu, nadaj\u0105cemu efekt drugiej sk\u00f3ry. Formu\u0142a zawiera kwas hialuronowy, dzi\u0119ki kt\u00f3remu zapewnia uczucie nawil\u017cenia przez ca\u0142y dzie\u0144 i przynosi korzy\u015bci piel\u0119gnacyjne ka\u017cdego dnia, nawet po zmyciu makija\u017cu. Sk\u00f3ra staje si\u0119 bardziej mi\u0119kka, g\u0142adsza i nawil\u017cona ju\u017c po 2 tygodniach stosowania*. Na potrzeby renowacji All Hours, marka YSL opracowa\u0142a technologi\u0119 Skin-Fusin, kt\u00f3ra na\u015bladuje struktur\u0119 sk\u00f3ry w celu ca\u0142kowitego po\u0142\u0105czenia podk\u0142adu ze sk\u00f3r\u0105. Potr\u00f3jna odporno\u015b\u0107: odporno\u015b\u0107 na \u015bcieranie, wodoodporno\u015b\u0107 i odporno\u015b\u0107 na pot. Cera pozostaje nieskazitelna i \u015bwie\u017ca, zapewniaj\u0105c naturalny, matowy efekt przez 24 godziny*.<\/p>\n<p>* Test konsumencki z udzia\u0142em 111 kobiet.<\/p>\n<p><b>Spos\u00f3b u\u017cycia:<\/b>\u00a0Nak\u0142adaj podk\u0142ad All Hours od \u015brodka twarzy na zewn\u0105trz, aby ujednolici\u0107 cer\u0119. U\u017cyj opuszk\u00f3w palc\u00f3w, aby uzyska\u0107 bardziej naturalne pokrycie. Aby uzyska\u0107 krycie od \u015bredniego do wysokiego, u\u017cyj p\u0119dzla do makija\u017cu. Aby uzyska\u0107 nieskazitelny i wysoki poziom krycia, u\u017cyj g\u0105bki do makija\u017cu.<\/p>\n<p><strong>Dzia\u0142anie:<\/strong> matuj\u0105ce, nawil\u017caj\u0105ce<br \/>\n<strong>Forma podania:<\/strong> pompka<br \/>\n<strong>Gramatura:<\/strong> ml<br \/>\n<strong>Kolor:<\/strong> MW8<br \/>\n<strong>Pojemno\u015b\u0107:<\/strong> 25<br \/>\n<strong>P\u0142e\u0107:<\/strong> damski<br \/>\n<strong>Rodzaj sk\u00f3ry:<\/strong> bardzo sucha, mieszana\/t\u0142usta, normalna<br \/>\n<strong>Roz\u015bwietlaj\u0105cy:<\/strong> nie<br \/>\n<strong>Stopie\u0144 krycia:<\/strong> mocnokryj\u0105ce<br \/>\n<strong>S\u0142o\u0144ce:<\/strong> nie<br \/>\n<strong>Trwa\u0142o\u015b\u0107:<\/strong> normalna<br \/>\n<strong>Wk\u0142ad:<\/strong> nie<\/p>\n<p><strong>Uwagi:<\/strong><\/p>\n<p>Nie s\u0105 wymagane \u017cadne specjalne \u015brodki ostro\u017cno\u015bci przy u\u017cywaniu tego produktu w normalnych lub racjonalnie przewidywalnych warunkach u\u017cytkowania.<\/p>\n<p><strong>Sk\u0142adniki:<\/strong><\/p>\n<p>AQUA \/ WATER \/ EAU \u25cfDIMETHICONE \u25cfISODODECANE \u25cfALCOHOL DENAT. \u25cfETHYLHEXYL METHOXYCINNAMATE \u25cfTRIMETHYLSILOXYSILICATE \u25cfBUTYLENE GLYCOL \u25cfTITANIUM DIOXIDE [NANO] \/ TITANIUM DIOXIDE \u25cfPEG-10 DIMETHICONE \u25cfSYNTHETIC FLUORPHLOGOPITE \u25cfPERLITE \u25cfNYLON-12 \u25cfISOPROPYL LAUROYL SARCOSINATE \u25cfDIISOPROPYL SEBACATE \u25cfDISTEARDIMONIUM HECTORITE \u25cfHDI\/TRIMETHYLOL HEXYLLACTONE CROSSPOLYMER \u25cfBIS-PEG\/PPG-14\/14 DIMETHICONE \u25cfMAGNESIUM SULFATE \u25cfALUMINUM HYDROXIDE \u25cfPHENOXYETHANOL \u25cfDISODIUM STEAROYL GLUTAMATE \u25cfHYDROGEN DIMETHICONE \u25cfDIPENTAERYTHRITYL TETRAHYDROXYSTEARATE\/TETRAISOSTEARATE \u25cfSILICA SILYLATE \u25cfGLYCERIN \u25cfTOCOPHEROL \u25cfCAPRYLIC\/CAPRIC TRIGLYCERIDE \u25cfSILICA \u25cfBHT \u25cfJASMINUM OFFICINALE FLOWER EXTRACT \/ JASMINE FLOWER EXTRACT \u25cfBENZYL ALCOHOL \u25cfSODIUM HYALURONATE \u25cfPHENETHYL ALCOHOL \u25cfLINALOOL \u25cfSODIUM CARRAGEENAN \u25cfCITRUS LIMON PEEL EXTRACT \/ LEMON PEEL EXTRACT \u25cfJANIA RUBENS EXTRACT \u25cfPARFUM \/ FRAGRANCE \u25cf<\/p>\n","protected":false},"excerpt":{"rendered":"<p> <strong>Dzia\u0142anie:<\/strong> matuj\u0105ce, nawil\u017caj\u0105ce<br \/>  <strong>Forma podania:<\/strong> pompka<br \/>  <strong>Gramatura:<\/strong> ml<br \/>  <strong>Kolor:<\/strong> MW8<br \/>  <strong>Pojemno\u015b\u0107:<\/strong> 25<br \/>  <strong>P\u0142e\u0107:<\/strong> damski<br \/>  <strong>Rodzaj sk\u00f3ry:<\/strong> bardzo sucha, mieszana\/t\u0142usta, normalna<br \/>  <strong>Roz\u015bwietlaj\u0105cy:<\/strong> nie<br \/>  <strong>Stopie\u0144 krycia:<\/strong> mocnokryj\u0105ce<br \/>  <strong>S\u0142o\u0144ce:<\/strong> nie<br \/>  <strong>Trwa\u0142o\u015b\u0107:<\/strong> normalna<br \/>  <strong>Wk\u0142ad:<\/strong> nie <\/p>\n","protected":false},"featured_media":65774,"comment_status":"open","ping_status":"closed","template":"","meta":{"_acf_changed":false},"kategoria-hurtowni":[83,129,190],"product_brand":[157],"product_cat":[76],"product_tag":[],"class_list":{"0":"post-65773","1":"product","2":"type-product","3":"status-publish","4":"has-post-thumbnail","6":"kategoria-hurtowni-makijaz","7":"kategoria-hurtowni-makijaz-twarz","8":"kategoria-hurtowni-podklad","9":"product_brand-yves-saint-laurent","10":"product_cat-primavera","12":"first","13":"outofstock","14":"taxable","15":"shipping-taxable","16":"product-type-simple"},"acf":[],"_links":{"self":[{"href":"https:\/\/premino.pl\/index.php?rest_route=\/wp\/v2\/product\/65773","targetHints":{"allow":["GET"]}}],"collection":[{"href":"https:\/\/premino.pl\/index.php?rest_route=\/wp\/v2\/product"}],"about":[{"href":"https:\/\/premino.pl\/index.php?rest_route=\/wp\/v2\/types\/product"}],"replies":[{"embeddable":true,"href":"https:\/\/premino.pl\/index.php?rest_route=%2Fwp%2Fv2%2Fcomments&post=65773"}],"wp:featuredmedia":[{"embeddable":true,"href":"https:\/\/premino.pl\/index.php?rest_route=\/wp\/v2\/media\/65774"}],"wp:attachment":[{"href":"https:\/\/premino.pl\/index.php?rest_route=%2Fwp%2Fv2%2Fmedia&parent=65773"}],"wp:term":[{"taxonomy":"kategoria-hurtowni","embeddable":true,"href":"https:\/\/premino.pl\/index.php?rest_route=%2Fwp%2Fv2%2Fkategoria-hurtowni&post=65773"},{"taxonomy":"product_brand","embeddable":true,"href":"https:\/\/premino.pl\/index.php?rest_route=%2Fwp%2Fv2%2Fproduct_brand&post=65773"},{"taxonomy":"product_cat","embeddable":true,"href":"https:\/\/premino.pl\/index.php?rest_route=%2Fwp%2Fv2%2Fproduct_cat&post=65773"},{"taxonomy":"product_tag","embeddable":true,"href":"https:\/\/premino.pl\/index.php?rest_route=%2Fwp%2Fv2%2Fproduct_tag&post=65773"}],"curies":[{"name":"wp","href":"https:\/\/api.w.org\/{rel}","templated":true}]}}