{"id":65901,"date":"2026-05-13T19:47:05","date_gmt":"2026-05-13T17:47:05","guid":{"rendered":"https:\/\/premino.pl\/?product=lift-integral-krem-do-szyi-i-dekoltu-50ml"},"modified":"2026-05-13T19:47:06","modified_gmt":"2026-05-13T17:47:06","slug":"lift-integral-krem-do-szyi-i-dekoltu-50ml","status":"publish","type":"product","link":"https:\/\/premino.pl\/?product=lift-integral-krem-do-szyi-i-dekoltu-50ml","title":{"rendered":"Lift Integral krem do szyi i dekoltu 50ml"},"content":{"rendered":"<p><b>Lift Integral \u2013 Krem uj\u0119drniaj\u0105co-liftinguj\u0105cy do szyi i dekoltu<br \/><\/b>Zaawansowana piel\u0119gnacja, kt\u00f3ra odbudowuje struktur\u0119 sk\u00f3ry, przywracaj\u0105c jej j\u0119drno\u015b\u0107, spr\u0119\u017cysto\u015b\u0107 i elastyczno\u015b\u0107. Krem dzia\u0142a kompleksowo na kluczowe elementy podporowe sk\u00f3ry: kolagen, elastyn\u0119 i kwas hialuronowy, a tak\u017ce glikoproteiny, kt\u00f3re je ze sob\u0105 \u0142\u0105cz\u0105.<\/p>\n<p>Wzbogacony o ultranapinaj\u0105ce biopolimery, zapewnia natychmiastowy efekt wyg\u0142adzenia i liftingu. Kontur szyi zostaje na nowo zdefiniowany, a sk\u00f3ra dekoltu widocznie wyg\u0142adzona.<\/p>\n<p>Jego lekka, \u017celowo-kremowa konsystencja szybko si\u0119 wch\u0142ania, intensywnie nawil\u017ca i zapewnia natychmiastowy komfort \u2013 idealny do codziennego stosowania, r\u00f3wnie\u017c dla sk\u00f3ry wra\u017cliwej.<\/p>\n<p><b>Technologia:<br \/><\/b>Oparta na prze\u0142omowych badaniach nad struktur\u0105 sk\u00f3ry, formu\u0142a Lift Integral opiera si\u0119 na kompleksie StructureLift, kt\u00f3ry wzmacnia trzy g\u0142\u00f3wne filary m\u0142odej sk\u00f3ry oraz powi\u0105zane z nimi glikoproteiny \u2013 niezb\u0119dne dla sp\u00f3jnej i napi\u0119tej tkanki.<\/p>\n<p>RNA r\u00f3\u017cy z Grasse<br \/>Stymuluje naturaln\u0105 syntez\u0119 kolagenu i fibronektyny \u2013 glikoproteiny \u0142\u0105cz\u0105cej w\u0142\u00f3kna strukturalne sk\u00f3ry. Sk\u0142adnik w 100% pochodzenia naturalnego.<\/p>\n<p>Ekstrakt z czarnego tulipana<br \/>Opatentowany przez Lierac, wzmacnia syntez\u0119 elastyny i fibryliny \u2013 bia\u0142ek odpowiedzialnych za elastyczno\u015b\u0107 i spr\u0119\u017cysto\u015b\u0107. Rezultat 7 lat bada\u0144, 100% sk\u0142adnik ro\u015blinny.<\/p>\n<p>Kwas hialuronowy o niskiej masie cz\u0105steczkowej<br \/>Intensywnie uj\u0119drnia i nawil\u017ca sk\u00f3r\u0119, nadaj\u0105c jej g\u0142adszy wygl\u0105d.<\/p>\n<p><b>Stosowanie:<br \/><\/b>Stosuj rano i wieczorem na oczyszczon\u0105 sk\u00f3r\u0119. Delikatnie wmasuj krem ku g\u00f3rze: od dekoltu w kierunku ramion, od podstawy szyi a\u017c po lini\u0119 \u017cuchwy, aby unie\u015b\u0107 i uj\u0119drni\u0107 sk\u00f3r\u0119.<\/p>\n<p><strong>Dzia\u0142anie:<\/strong> liftuj\u0105ce, uelastycznia, uj\u0119drnia, wyg\u0142adza<br \/>\n<strong>Gramatura:<\/strong> ml<br \/>\n<strong>Konsystencja:<\/strong> krem<br \/>\n<strong>Linie elitarne:<\/strong> nie<br \/>\n<strong>Piel\u0119gnacja specyficzna:<\/strong> nie<br \/>\n<strong>Pojemno\u015b\u0107:<\/strong> 50<br \/>\n<strong>Pora stosowania:<\/strong> dowolnie<br \/>\n<strong>P\u0142e\u0107:<\/strong> damski<br \/>\n<strong>Rodzaj sk\u00f3ry:<\/strong> wra\u017cliwa<br \/>\n<strong>S\u0142o\u0144ce:<\/strong> nie<br \/>\n<strong>Typ sk\u00f3ry:<\/strong> mieszana\/t\u0142usta, normalna, sucha<\/p>\n<p><strong>Uwagi:<\/strong><\/p>\n<p>Unika\u0107 kontaktu z oczami.<\/p>\n<p><strong>Sk\u0142adniki:<\/strong><\/p>\n<p>AQUA \/ WATER \/ EAU. COCO-CAPRYLATE\/CAPRATE. GLYCERIN. SODIUM POLYACRYLATE. BUTYLENE GLYCOL. CETYL ALCOHOL. XYLITYLGLUCOSIDE. 1,2-HEXANEDIOL.SODIUM STEAROYL GLUTAMATE.ANHYDROXYLITOL. CAESALPINIA SPINOSA FRUIT EXTRACT. CITRIC ACID. PARFUM \/ FRAGRANCE. XANTHAN GUM. ETHYLHEXYLGLYCERIN. SODIUM BENZOATE. XYLITOL. HYDROLYZED HYALURONIC ACID. SODIUM HYALURONATE. SODIUM PHYTATE.KAPPAPHYCUS ALVAREZII EXTRACT. MALTODEXTRIN. TOCOPHEROL. LECITHIN. ADENOSINE. HELIANTHUS ANNUUS (SUNFLOWER) SEED OIL. LINALYL ACETATE. TULIPA GESNERIANA FLOWER EXTRACT. ROSA CENTIFOLIA FLOWER EXTRACT. ROSE FLOWER OIL\/EXTRACT. PINENE.<\/p>\n","protected":false},"excerpt":{"rendered":"<p> <strong>Dzia\u0142anie:<\/strong> liftuj\u0105ce, uelastycznia, uj\u0119drnia, wyg\u0142adza<br \/>  <strong>Gramatura:<\/strong> ml<br \/>  <strong>Konsystencja:<\/strong> krem<br \/>  <strong>Linie elitarne:<\/strong> nie<br \/>  <strong>Piel\u0119gnacja specyficzna:<\/strong> nie<br \/>  <strong>Pojemno\u015b\u0107:<\/strong> 50<br \/>  <strong>Pora stosowania:<\/strong> dowolnie<br \/>  <strong>P\u0142e\u0107:<\/strong> damski<br \/>  <strong>Rodzaj sk\u00f3ry:<\/strong> wra\u017cliwa<br \/>  <strong>S\u0142o\u0144ce:<\/strong> nie<br \/>  <strong>Typ sk\u00f3ry:<\/strong> mieszana\/t\u0142usta, normalna, sucha <\/p>\n","protected":false},"featured_media":65902,"comment_status":"open","ping_status":"closed","template":"","meta":{"_acf_changed":false},"kategoria-hurtowni":[211,214,215],"product_brand":[626],"product_cat":[76],"product_tag":[],"class_list":{"0":"post-65901","1":"product","2":"type-product","3":"status-publish","4":"has-post-thumbnail","6":"kategoria-hurtowni-dermokosmetyki","7":"kategoria-hurtowni-pielegnacja-twarzy-dermokosmetyki","8":"kategoria-hurtowni-twarz-pielegnacja-twarzy-dermokosmetyki","9":"product_brand-lierac","10":"product_cat-primavera","12":"first","13":"outofstock","14":"taxable","15":"shipping-taxable","16":"product-type-simple"},"acf":[],"_links":{"self":[{"href":"https:\/\/premino.pl\/index.php?rest_route=\/wp\/v2\/product\/65901","targetHints":{"allow":["GET"]}}],"collection":[{"href":"https:\/\/premino.pl\/index.php?rest_route=\/wp\/v2\/product"}],"about":[{"href":"https:\/\/premino.pl\/index.php?rest_route=\/wp\/v2\/types\/product"}],"replies":[{"embeddable":true,"href":"https:\/\/premino.pl\/index.php?rest_route=%2Fwp%2Fv2%2Fcomments&post=65901"}],"wp:featuredmedia":[{"embeddable":true,"href":"https:\/\/premino.pl\/index.php?rest_route=\/wp\/v2\/media\/65902"}],"wp:attachment":[{"href":"https:\/\/premino.pl\/index.php?rest_route=%2Fwp%2Fv2%2Fmedia&parent=65901"}],"wp:term":[{"taxonomy":"kategoria-hurtowni","embeddable":true,"href":"https:\/\/premino.pl\/index.php?rest_route=%2Fwp%2Fv2%2Fkategoria-hurtowni&post=65901"},{"taxonomy":"product_brand","embeddable":true,"href":"https:\/\/premino.pl\/index.php?rest_route=%2Fwp%2Fv2%2Fproduct_brand&post=65901"},{"taxonomy":"product_cat","embeddable":true,"href":"https:\/\/premino.pl\/index.php?rest_route=%2Fwp%2Fv2%2Fproduct_cat&post=65901"},{"taxonomy":"product_tag","embeddable":true,"href":"https:\/\/premino.pl\/index.php?rest_route=%2Fwp%2Fv2%2Fproduct_tag&post=65901"}],"curies":[{"name":"wp","href":"https:\/\/api.w.org\/{rel}","templated":true}]}}