{"id":68979,"date":"2026-05-13T20:10:58","date_gmt":"2026-05-13T18:10:58","guid":{"rendered":"https:\/\/premino.pl\/?product=infaillible-matte-resistance-matowa-pomadka-do-ust-200-lipstickchill-5ml"},"modified":"2026-05-13T20:10:59","modified_gmt":"2026-05-13T18:10:59","slug":"infaillible-matte-resistance-matowa-pomadka-do-ust-200-lipstickchill-5ml","status":"publish","type":"product","link":"https:\/\/premino.pl\/?product=infaillible-matte-resistance-matowa-pomadka-do-ust-200-lipstickchill-5ml","title":{"rendered":"Infaillible Matte Resistance matowa pomadka do ust 200 Lipstick&amp;Chill 5ml"},"content":{"rendered":"<p>Trwa\u0142e matowe wyko\u0144czenie bez wysuszania ust? \u200bOdkryj pomadk\u0119 w p\u0142ynie Infaillible MATTE RESISTANCE. \u200b<\/p>\n<p>Super trwa\u0142o\u015b\u0107, idealne matowe wyko\u0144czenie i precyzyjny aplikator zamkni\u0119te w stylowym opakowaniu. Innowacyjna formu\u0142a wzbogacona o kwas hialuronowy dba o nawil\u017cenie ust i pozwala na na\u0142o\u017cenie niemal niewyczuwalnej na ustach warstwy. Komfort noszenia i efekt przez ca\u0142y dzie\u0144. \u200b<\/p>\n<p>Odporna na jedzenie, picie i ca\u0142usy! \u200b<\/p>\n<p>&#8211; trwa\u0142o\u015b\u0107 do 16H bez wysuszania ust\u200b*<br \/>&#8211; 9 mocno napigmentowanych odcieni \u200b<br \/>&#8211; innowacyjna formu\u0142a z kwasem hialuronowym\u200b<\/p>\n<p>Infaillible to seria d\u0142ugotrwa\u0142ych produkt\u00f3w do makija\u017cu. Si\u0119gnij r\u00f3wnie\u017c po podk\u0142ady, kredki do oczu i produkty do brwi, \u017ceby dope\u0142ni\u0107 Tw\u00f3j look Infaillible!<\/p>\n<p>\u200b*test, konsumencki 171\u00a0kobiet<\/p>\n<p><b>Spos\u00f3b u\u017cycia:<\/b>\u00a0Wstrz\u0105\u015bnij, a nast\u0119pnie na\u0142\u00f3\u017c formu\u0142\u0119 na usta precyzyjnym aplikatorem.<\/p>\n<p><strong>Gramatura:<\/strong> ml<br \/>\n<strong>Kolor:<\/strong> 200 Lipstick&#038;Chill<br \/>\n<strong>Pojemno\u015b\u0107:<\/strong> 5<br \/>\n<strong>P\u0142e\u0107:<\/strong> damski<br \/>\n<strong>Rodzaj:<\/strong> kremowe<br \/>\n<strong>S\u0142o\u0144ce:<\/strong> nie<\/p>\n<p><strong>Uwagi:<\/strong><\/p>\n<p>Nie s\u0105 wymagane \u017cadne specjalne \u015brodki ostro\u017cno\u015bci przy u\u017cywaniu tego produktu w normalnych lub racjonalnie przewidywalnych warunkach u\u017cytkowania.<\/p>\n<p><strong>Sk\u0142adniki:<\/strong><\/p>\n<p>DIMETHICONE \u2022 ISODODECANE \u2022 TRIMETHYLSILOXYSILICATE \u2022 NYLON-611\/DIMETHICONE COPOLYMER \u2022 DIMETHICONE CROSSPOLYMER \u2022 C30-45 ALKYLDIMETHYLSILYL POLYPROPYLSILSESQUIOXANE \u2022 LAUROYL LYSINE \u2022 SILICA SILYLATE \u2022 PHENOXYETHANOL \u2022 ETHYLHEXYL PALMITATE \u2022 TRIETHOXYSILYLETHYL POLYDIMETHYLSILOXYETHYL DIMETHICONE \u2022 ISOPROPYL TITANIUM TRIISOSTEARATE \u2022 TRIHYDROXYSTEARIN \u2022 BENZYL ALCOHOL \u2022 SODIUM HYALURONATE \u2022 GLUCOMANNAN \u2022 PARFUM \/ FRAGRANCE \u25cf [+\/- MAY CONTAIN: CI 77891 \/ TITANIUM DIOXIDE \u2022 CI 15850 \/ RED 7 \u2022 CI 77491, CI 77492, CI 77499 \/ IRON OXIDES \u2022 CI 45380 \/ RED 22 LAKE \u2022 CI 45410 \/ RED 28 LAKE \u2022 CI 15985 \/ YELLOW 6 LAKE \u2022 CI 19140 \/ YELLOW 5 LAKE \u2022 CI 15850 \/ RED 6 \u2022 CI 42090 \/ BLUE 1 LAKE]. (F.I.L. Z70028103\/1).<\/p>\n","protected":false},"excerpt":{"rendered":"<p> <strong>Gramatura:<\/strong> ml<br \/>  <strong>Kolor:<\/strong> 200 Lipstick&#038;Chill<br \/>  <strong>Pojemno\u015b\u0107:<\/strong> 5<br \/>  <strong>P\u0142e\u0107:<\/strong> damski<br \/>  <strong>Rodzaj:<\/strong> kremowe<br \/>  <strong>S\u0142o\u0144ce:<\/strong> nie <\/p>\n","protected":false},"featured_media":68980,"comment_status":"open","ping_status":"closed","template":"","meta":{"_acf_changed":false},"kategoria-hurtowni":[83,105,106],"product_brand":[111],"product_cat":[76],"product_tag":[],"class_list":{"0":"post-68979","1":"product","2":"type-product","3":"status-publish","4":"has-post-thumbnail","6":"kategoria-hurtowni-makijaz","7":"kategoria-hurtowni-makijaz-usta","8":"kategoria-hurtowni-pomadki","9":"product_brand-loreal-paris","10":"product_cat-primavera","12":"first","13":"outofstock","14":"taxable","15":"shipping-taxable","16":"product-type-simple"},"acf":[],"_links":{"self":[{"href":"https:\/\/premino.pl\/index.php?rest_route=\/wp\/v2\/product\/68979","targetHints":{"allow":["GET"]}}],"collection":[{"href":"https:\/\/premino.pl\/index.php?rest_route=\/wp\/v2\/product"}],"about":[{"href":"https:\/\/premino.pl\/index.php?rest_route=\/wp\/v2\/types\/product"}],"replies":[{"embeddable":true,"href":"https:\/\/premino.pl\/index.php?rest_route=%2Fwp%2Fv2%2Fcomments&post=68979"}],"wp:featuredmedia":[{"embeddable":true,"href":"https:\/\/premino.pl\/index.php?rest_route=\/wp\/v2\/media\/68980"}],"wp:attachment":[{"href":"https:\/\/premino.pl\/index.php?rest_route=%2Fwp%2Fv2%2Fmedia&parent=68979"}],"wp:term":[{"taxonomy":"kategoria-hurtowni","embeddable":true,"href":"https:\/\/premino.pl\/index.php?rest_route=%2Fwp%2Fv2%2Fkategoria-hurtowni&post=68979"},{"taxonomy":"product_brand","embeddable":true,"href":"https:\/\/premino.pl\/index.php?rest_route=%2Fwp%2Fv2%2Fproduct_brand&post=68979"},{"taxonomy":"product_cat","embeddable":true,"href":"https:\/\/premino.pl\/index.php?rest_route=%2Fwp%2Fv2%2Fproduct_cat&post=68979"},{"taxonomy":"product_tag","embeddable":true,"href":"https:\/\/premino.pl\/index.php?rest_route=%2Fwp%2Fv2%2Fproduct_tag&post=68979"}],"curies":[{"name":"wp","href":"https:\/\/api.w.org\/{rel}","templated":true}]}}