{"id":69029,"date":"2026-05-13T20:11:23","date_gmt":"2026-05-13T18:11:23","guid":{"rendered":"https:\/\/premino.pl\/?product=revitalift-laser-trzy-peptydy-serum-przeciw-oznakom-starzenia-30ml"},"modified":"2026-05-13T20:11:24","modified_gmt":"2026-05-13T18:11:24","slug":"revitalift-laser-trzy-peptydy-serum-przeciw-oznakom-starzenia-30ml","status":"publish","type":"product","link":"https:\/\/premino.pl\/?product=revitalift-laser-trzy-peptydy-serum-przeciw-oznakom-starzenia-30ml","title":{"rendered":"Revitalift Laser Trzy Peptydy serum przeciw oznakom starzenia 30ml"},"content":{"rendered":"<p><b>Poznaj L&#8217;Or\u00e9al Paris Revitalift Laser Serum z 3 Peptydami. <\/b><br \/>Serum 3w1, kt\u00f3re oferuje skuteczne rozwi\u0105zanie dla wszystkich typ\u00f3w sk\u00f3ry z widocznymi oznakami starzenia. Formu\u0142a wzbogacona o peptyd Arigreline\u00ae**, pomaga wyg\u0142adzi\u0107 rysy twarzy i redukuje drobne linie. Frakcje peptyd\u00f3w kolagenowych wspieraj\u0105 redukcj\u0119 zmarszczek. Elasti-peptydy pomagaj\u0105 uj\u0119drni\u0107 sk\u00f3r\u0119. Mikro i makrocz\u0105steczkowy kwas hialuronowy wspiera intensywne nawil\u017cenie. Witamina Cg pomaga roz\u015bwietli\u0107 cer\u0119 i widocznie wyr\u00f3wna\u0107 jej koloryt. <\/p>\n<p>Natychmiast sk\u00f3ra jest nawil\u017cona i bardziej j\u0119drna. Wygl\u0105da na g\u0142adsz\u0105 i pe\u0142n\u0105 zdrowego blasku. <br \/>Po 2 tygodniach: zmarszczki s\u0105 mniej widoczne, a sk\u00f3ra bardziej wyg\u0142adzona i j\u0119drna. Jej koloryt jest wyra\u017anie wyr\u00f3wnany. <br \/>Dzie\u0144 po dniu: efekty stale si\u0119 poprawiaj\u0105. <\/p>\n<p>Opakowanie z precyzyjnym aplikatorem u\u0142atwiaj\u0105cym aplikacj\u0119 serum. <\/p>\n<p>*Samoocena, po 2 tygodniach, 76 kobiet. <br \/>**Argireline\u00ae jest znakiem towarowym Lubrizol Advanced Materials, Inc. I podmiot\u00f3w przynale\u017cnych.<\/p>\n<p><b>Stosowanie:\u00a0<\/b>Stosuj rano i wieczorem przed na\u0142o\u017ceniem kremu Revitalift Laser, na oczyszczon\u0105 sk\u00f3r\u0119 twarzy i szyi. Rozprowad\u017a kolistymi ruchami od do\u0142u ku g\u00f3rze.<\/p>\n<p><strong>Dzia\u0142anie:<\/strong> nawil\u017caj\u0105ce, redukuje zmarszczki, roz\u015bwietlaj\u0105ce, uelastycznia, uj\u0119drnia<br \/>\n<strong>Gramatura:<\/strong> ml<br \/>\n<strong>Konsystencja:<\/strong> emulsja<br \/>\n<strong>Linie elitarne:<\/strong> nie<br \/>\n<strong>Piel\u0119gnacja specyficzna:<\/strong> serum<br \/>\n<strong>Pojemno\u015b\u0107:<\/strong> 30<br \/>\n<strong>Pora stosowania:<\/strong> dowolnie, dzie\u0144, noc<br \/>\n<strong>P\u0142e\u0107:<\/strong> damski<br \/>\n<strong>Rodzaj sk\u00f3ry:<\/strong> dojrza\u0142a<br \/>\n<strong>S\u0142o\u0144ce:<\/strong> nie<br \/>\n<strong>Typ sk\u00f3ry:<\/strong> mieszana\/t\u0142usta, normalna, sucha<\/p>\n<p><strong>Uwagi:<\/strong><\/p>\n<p>Nie s\u0105 wymagane \u017cadne specjalne \u015brodki ostro\u017cno\u015bci przy u\u017cywaniu tego produktu w normalnych lub racjonalnie przewidywalnych warunkach u\u017cytkowania.<\/p>\n<p><strong>Sk\u0142adniki:<\/strong><\/p>\n<p>AQUA \/ WATER \u2022 BIFIDA FERMENT LYSATE \u2022 GLYCERIN \u2022 ALCOHOL DENAT. \u2022 POLYGLYCERYL-4 CAPRATE \u2022 SODIUM HYALURONATE \u2022 BETAINE \u2022 ACETYL DIPEPTIDE-1 CETYL ESTER \u2022 ACETYL HEXAPEPTIDE-8 \u2022 PALMITOYL TETRAPEPTIDE-7 \u2022 PALMITOYL TRIPEPTIDE-1 \u2022 PHYTIC ACID \u2022 SECALE CEREALE SEED EXTRACT \/ RYE SEED EXTRACT \u2022 SODIUM ACETYLATED HYALURONATE \u2022 SODIUM HYDROXIDE \u2022 TRISODIUM ETHYLENEDIAMINE DISUCCINATE \u2022 ASCORBYL GLUCOSIDE \u2022 CALCIUM PANTOTHENATE \u2022 ISONONYL ISONONANOATE \u2022 ISOPROPYL MYRISTATE \u2022 POLYGLYCERYL-2 ISOSTEARATE \u2022 ACETIC ACID \u2022 AMMONIUM POLYACRYLOYLDIMETHYL TAURATE \u2022 BUTYLENE GLYCOL \u2022 CAPRYLYL GLYCOL \u2022 CARBOMER \u2022 HYDROXYETHYLCELLULOSE \u2022 HYDROXYPROPYL METHYLCELLULOSE \u2022 LACTIC ACID \u2022 PENTYLENE GLYCOL \u2022 POLYEPSILON-LYSINE \u2022 POLYSORBATE 20 \u2022 PPG-6-DECYLTETRADECETH-30 \u2022 SODIUM LACTATE \u2022 SORBITAN LAURATE \u2022 TOCOPHEROL \u2022 SIMETHICONE \u2022 BENZYL ALCOHOL \u2022 CITRONELLOL \u2022 LINALOOL \u2022 CHLORPHENESIN \u2022 SODIUM BENZOATE \u2022 PARFUM \/ FRAGRANCE (F.I.L. Z70054509\/1).<\/p>\n","protected":false},"excerpt":{"rendered":"<p> <strong>Dzia\u0142anie:<\/strong> nawil\u017caj\u0105ce, redukuje zmarszczki, roz\u015bwietlaj\u0105ce, uelastycznia, uj\u0119drnia<br \/>  <strong>Gramatura:<\/strong> ml<br \/>  <strong>Konsystencja:<\/strong> emulsja<br \/>  <strong>Linie elitarne:<\/strong> nie<br \/>  <strong>Piel\u0119gnacja specyficzna:<\/strong> serum<br \/>  <strong>Pojemno\u015b\u0107:<\/strong> 30<br \/>  <strong>Pora stosowania:<\/strong> dowolnie, dzie\u0144, noc<br \/>  <strong>P\u0142e\u0107:<\/strong> damski<br \/>  <strong>Rodzaj sk\u00f3ry:<\/strong> dojrza\u0142a<br \/>  <strong>S\u0142o\u0144ce:<\/strong> nie<br \/>  <strong>Typ sk\u00f3ry:<\/strong> mieszana\/t\u0142usta, normalna, sucha <\/p>\n","protected":false},"featured_media":69030,"comment_status":"open","ping_status":"closed","template":"","meta":{"_acf_changed":false},"kategoria-hurtowni":[90,109,110],"product_brand":[111],"product_cat":[76],"product_tag":[],"class_list":{"0":"post-69029","1":"product","2":"type-product","3":"status-publish","4":"has-post-thumbnail","6":"kategoria-hurtowni-pielegnacja","7":"kategoria-hurtowni-pielegnacja-twarzy-pielegnacja","8":"kategoria-hurtowni-twarz-pielegnacja-twarzy-pielegnacja","9":"product_brand-loreal-paris","10":"product_cat-primavera","12":"first","13":"outofstock","14":"taxable","15":"shipping-taxable","16":"product-type-simple"},"acf":[],"_links":{"self":[{"href":"https:\/\/premino.pl\/index.php?rest_route=\/wp\/v2\/product\/69029","targetHints":{"allow":["GET"]}}],"collection":[{"href":"https:\/\/premino.pl\/index.php?rest_route=\/wp\/v2\/product"}],"about":[{"href":"https:\/\/premino.pl\/index.php?rest_route=\/wp\/v2\/types\/product"}],"replies":[{"embeddable":true,"href":"https:\/\/premino.pl\/index.php?rest_route=%2Fwp%2Fv2%2Fcomments&post=69029"}],"wp:featuredmedia":[{"embeddable":true,"href":"https:\/\/premino.pl\/index.php?rest_route=\/wp\/v2\/media\/69030"}],"wp:attachment":[{"href":"https:\/\/premino.pl\/index.php?rest_route=%2Fwp%2Fv2%2Fmedia&parent=69029"}],"wp:term":[{"taxonomy":"kategoria-hurtowni","embeddable":true,"href":"https:\/\/premino.pl\/index.php?rest_route=%2Fwp%2Fv2%2Fkategoria-hurtowni&post=69029"},{"taxonomy":"product_brand","embeddable":true,"href":"https:\/\/premino.pl\/index.php?rest_route=%2Fwp%2Fv2%2Fproduct_brand&post=69029"},{"taxonomy":"product_cat","embeddable":true,"href":"https:\/\/premino.pl\/index.php?rest_route=%2Fwp%2Fv2%2Fproduct_cat&post=69029"},{"taxonomy":"product_tag","embeddable":true,"href":"https:\/\/premino.pl\/index.php?rest_route=%2Fwp%2Fv2%2Fproduct_tag&post=69029"}],"curies":[{"name":"wp","href":"https:\/\/api.w.org\/{rel}","templated":true}]}}