{"id":69033,"date":"2026-05-13T20:11:25","date_gmt":"2026-05-13T18:11:25","guid":{"rendered":"https:\/\/premino.pl\/?product=elseve-hyaluron-plump-szampon-wypelniajacy-nawilzeniem-do-wlosow-odwodnionych-1000ml"},"modified":"2026-05-13T20:11:25","modified_gmt":"2026-05-13T18:11:25","slug":"elseve-hyaluron-plump-szampon-wypelniajacy-nawilzeniem-do-wlosow-odwodnionych-1000ml","status":"publish","type":"product","link":"https:\/\/premino.pl\/?product=elseve-hyaluron-plump-szampon-wypelniajacy-nawilzeniem-do-wlosow-odwodnionych-1000ml","title":{"rendered":"Elseve Hyaluron Plump szampon wype\u0142niaj\u0105cy nawil\u017ceniem do w\u0142os\u00f3w odwodnionych 1000ml"},"content":{"rendered":"<p>Czy Twoje w\u0142osy s\u0105 odwodnione? To oznaka utraty nawil\u017cenia. Poznaj szampon Hyaluron Plump Wype\u0142niaj\u0105cy Nawil\u017ceniem, kt\u00f3ry natychmiastowo okrywa \u0142uski w\u0142os\u00f3w i wype\u0142nia je nawil\u017ceniem do 72 godzin* dla bardziej b\u0142yszcz\u0105cych, 10x bardziej nawil\u017conych** i od\u017cywionych w\u0142os\u00f3w bez obci\u0105\u017cania. Formu\u0142a zosta\u0142a wzbogacona kwasem hialuronowym. Kwas hialuronowy to wyst\u0119puj\u0105ca naturalnie w ciele moleku\u0142a, kt\u00f3ra jest zdolna wi\u0105za\u0107 1000x wi\u0119cej wody ni\u017c sama wa\u017cy i pomaga wype\u0142ni\u0107 w\u0142osy nawil\u017ceniem. Si\u0119gnij po inne produkty z gamy Elseve Hyaluron Plump, aby nawil\u017cy\u0107 swoje odwodnione w\u0142osy i doda\u0107 im spr\u0119\u017cysto\u015bci. Butelka w 100% z recyklingu*** oraz nadaj\u0105ca si\u0119 do ponownego przetworzenia.<\/p>\n<p>*Test instrumentalny po u\u017cyciu szamponu.<br \/>**Test instrumentalny po u\u017cyciu szamponu i od\u017cywki.<br \/>***Z wy\u0142\u0105czeniem nakr\u0119tki i barwnika.<\/p>\n<p><b>Spos\u00f3b u\u017cycia:\u00a0<\/b>Na\u0142\u00f3\u017c na wilgotne w\u0142osy, delikatnie wmasuj w sk\u00f3r\u0119 g\u0142owy, nast\u0119pnie sp\u0142ucz. Kontynuuj piel\u0119gnacj\u0119 z u\u017cyciem od\u017cywki lub maski z tej samej gamy.<\/p>\n<p><strong>Gramatura:<\/strong> ml<br \/>\n<strong>Henna:<\/strong> nie<br \/>\n<strong>Konsystencja:<\/strong> szampon<br \/>\n<strong>Linie elitarne:<\/strong> nie<br \/>\n<strong>Pojemno\u015b\u0107:<\/strong> 1000<br \/>\n<strong>P\u0142e\u0107:<\/strong> damski<br \/>\n<strong>S\u0142o\u0144ce:<\/strong> nie<\/p>\n<p><strong>Uwagi:<\/strong><\/p>\n<p>W przypadku kontaktu z oczami natychmiast dok\u0142adnie sp\u0142uka\u0107.<\/p>\n<p><strong>Sk\u0142adniki:<\/strong><\/p>\n<p>AQUA \/ WATER \u2022 SODIUM LAURETH SULFATE \u2022 GLYCOL DISTEARATE \u2022 SODIUM CHLORIDE \u2022 COCAMIDOPROPYL BETAINE \u2022 DIMETHICONE \u2022 CI 60730 \/ EXT. VIOLET 2 \u2022 GUAR HYDROXYPROPYLTRIMONIUM CHLORIDE \u2022 COCAMIDE MEA \u2022 COCO-BETAINE \u2022 SODIUM BENZOATE \u2022 SODIUM HYDROXIDE \u2022 SODIUM HYALURONATE \u2022 PHENOXYETHANOL \u2022 STEARETH-6 \u2022 ACETIC ACID \u2022 PEG-100 STEARATE \u2022 TRIDECETH-10 \u2022 TRIDECETH-3 \u2022 SALICYLIC ACID \u2022 LIMONENE \u2022 FUMARIC ACID \u2022 AMODIMETHICONE \u2022 CARBOMER \u2022 CITRIC ACID \u2022 HEXYLENE GLYCOL \u2022 PARFUM \/ FRAGRANCE (F.I.L. Z289767\/1).<\/p>\n","protected":false},"excerpt":{"rendered":"<p> <strong>Gramatura:<\/strong> ml<br \/>  <strong>Henna:<\/strong> nie<br \/>  <strong>Konsystencja:<\/strong> szampon<br \/>  <strong>Linie elitarne:<\/strong> nie<br \/>  <strong>Pojemno\u015b\u0107:<\/strong> 1000<br \/>  <strong>P\u0142e\u0107:<\/strong> damski<br \/>  <strong>S\u0142o\u0144ce:<\/strong> nie <\/p>\n","protected":false},"featured_media":69034,"comment_status":"open","ping_status":"closed","template":"","meta":{"_acf_changed":false},"kategoria-hurtowni":[90,113,112],"product_brand":[111],"product_cat":[76],"product_tag":[],"class_list":{"0":"post-69033","1":"product","2":"type-product","3":"status-publish","4":"has-post-thumbnail","6":"kategoria-hurtowni-pielegnacja","7":"kategoria-hurtowni-szampony","8":"kategoria-hurtowni-wlosy","9":"product_brand-loreal-paris","10":"product_cat-primavera","12":"first","13":"outofstock","14":"taxable","15":"shipping-taxable","16":"product-type-simple"},"acf":[],"_links":{"self":[{"href":"https:\/\/premino.pl\/index.php?rest_route=\/wp\/v2\/product\/69033","targetHints":{"allow":["GET"]}}],"collection":[{"href":"https:\/\/premino.pl\/index.php?rest_route=\/wp\/v2\/product"}],"about":[{"href":"https:\/\/premino.pl\/index.php?rest_route=\/wp\/v2\/types\/product"}],"replies":[{"embeddable":true,"href":"https:\/\/premino.pl\/index.php?rest_route=%2Fwp%2Fv2%2Fcomments&post=69033"}],"wp:featuredmedia":[{"embeddable":true,"href":"https:\/\/premino.pl\/index.php?rest_route=\/wp\/v2\/media\/69034"}],"wp:attachment":[{"href":"https:\/\/premino.pl\/index.php?rest_route=%2Fwp%2Fv2%2Fmedia&parent=69033"}],"wp:term":[{"taxonomy":"kategoria-hurtowni","embeddable":true,"href":"https:\/\/premino.pl\/index.php?rest_route=%2Fwp%2Fv2%2Fkategoria-hurtowni&post=69033"},{"taxonomy":"product_brand","embeddable":true,"href":"https:\/\/premino.pl\/index.php?rest_route=%2Fwp%2Fv2%2Fproduct_brand&post=69033"},{"taxonomy":"product_cat","embeddable":true,"href":"https:\/\/premino.pl\/index.php?rest_route=%2Fwp%2Fv2%2Fproduct_cat&post=69033"},{"taxonomy":"product_tag","embeddable":true,"href":"https:\/\/premino.pl\/index.php?rest_route=%2Fwp%2Fv2%2Fproduct_tag&post=69033"}],"curies":[{"name":"wp","href":"https:\/\/api.w.org\/{rel}","templated":true}]}}