{"id":69699,"date":"2026-05-13T20:16:54","date_gmt":"2026-05-13T18:16:54","guid":{"rendered":"https:\/\/premino.pl\/?product=the-ritual-of-namaste-przeciwzmarszczkowy-krem-na-dzien-50ml"},"modified":"2026-05-13T20:16:55","modified_gmt":"2026-05-13T18:16:55","slug":"the-ritual-of-namaste-przeciwzmarszczkowy-krem-na-dzien-50ml","status":"publish","type":"product","link":"https:\/\/premino.pl\/?product=the-ritual-of-namaste-przeciwzmarszczkowy-krem-na-dzien-50ml","title":{"rendered":"The Ritual of Namaste przeciwzmarszczkowy krem na dzie\u0144 50ml"},"content":{"rendered":"<p>Przywr\u00f3\u0107 blask swojej sk\u00f3ry dzi\u0119ki innowacyjnemu kremowi przeciwzmarszczkowemu na dzie\u0144 z kolekcji The Ritual of Namaste. Formu\u0142a z Bakuchiol Repair Complex \u2013 ro\u015blinnym odpowiednikiem retinolu \u2013 dzia\u0142a wyg\u0142adzaj\u0105co, rozja\u015bniaj\u0105co i rewitalizuj\u0105co, wydobywaj\u0105c naturalny blask sk\u00f3ry. Wzbogacony o ekstrakt z baptysji b\u0142\u0119kitnej, krem pomaga zredukowa\u0107 widoczno\u015b\u0107 drobnych linii, poprawia j\u0119drno\u015b\u0107 i elastyczno\u015b\u0107 sk\u00f3ry oraz chroni j\u0105 przed dzia\u0142aniem wolnych rodnik\u00f3w. Efekt? Widocznie g\u0142adsza, bardziej spr\u0119\u017cysta i promienna sk\u00f3ra ka\u017cdego dnia.<\/p>\n<\/p>\n<p><b>Spos\u00f3b u\u017cycia:<\/b>\u00a0Nanie\u015b niewielk\u0105 ilo\u015b\u0107 kremu na czyst\u0105, such\u0105 sk\u00f3r\u0119 twarzy i pozw\u00f3l mu si\u0119 ca\u0142kowicie wch\u0142on\u0105\u0107.<\/p>\n<\/p>\n<p><strong>Dzia\u0142anie:<\/strong> nawil\u017caj\u0105ce, redukuje zmarszczki, roz\u015bwietlaj\u0105ce, uelastycznia, uj\u0119drnia, wyg\u0142adza, zmi\u0119kcza<br \/>\n<strong>Gramatura:<\/strong> ml<br \/>\n<strong>Konsystencja:<\/strong> krem<br \/>\n<strong>Linie elitarne:<\/strong> nie<br \/>\n<strong>Piel\u0119gnacja specyficzna:<\/strong> nie<br \/>\n<strong>Pojemno\u015b\u0107:<\/strong> 50<br \/>\n<strong>Pora stosowania:<\/strong> dzie\u0144<br \/>\n<strong>P\u0142e\u0107:<\/strong> damski<br \/>\n<strong>Rodzaj sk\u00f3ry:<\/strong> dojrza\u0142a, wra\u017cliwa<br \/>\n<strong>S\u0142o\u0144ce:<\/strong> nie<br \/>\n<strong>Typ sk\u00f3ry:<\/strong> mieszana\/t\u0142usta, normalna, sucha<\/p>\n<p><strong>Uwagi:<\/strong><\/p>\n<p>Trzyma\u0107 w miejscu niedost\u0119pnym dla dzieci. Nie stosowa\u0107 na podra\u017cnion\u0105 lub uszkodzon\u0105 sk\u00f3r\u0119. Unika\u0107 kontaktu z oczami.<\/p>\n<p><strong>Sk\u0142adniki:<\/strong><\/p>\n<p>Aqua\/Water, C15-19 Alkane, Glycerin, Isoamyl Laurate, Pentylene Glycol, Polyglyceryl-3 Dicitrate\/Stearate, Butyrospermum Parkii (Shea) Butter, Cocoglycerides, Glyceryl Stearate, C10-18 Triglycerides, Xylitylglucoside, Camellia Oleifera Seed Oil, Tephrosia Purpurea Seed Extract, Nelumbo Nucifera Flower Extract, Sesamum Indicum (Sesame) Seed Oil, Bakuchiol, Bisabolol, Anhydroxylitol, Xylitol, Helianthus Annuus (Sunflower) Seed Oil, Dimethicone, Sodium Stearoyl Glutamate, Stearyl Alcohol, Carbomer, Tocopherol, Propanediol, Phenylpropanol, Tetrasodium Glutamate Diacetate, Lactic Acid, Citric Acid, Sodium Hydroxide, Sodium Chloride, Potassium Sorbate, Sodium Benzoate, Linalool, Limonene, Citronellol, Geraniol, Parfum\/Fragrance.<\/p>\n","protected":false},"excerpt":{"rendered":"<p> <strong>Dzia\u0142anie:<\/strong> nawil\u017caj\u0105ce, redukuje zmarszczki, roz\u015bwietlaj\u0105ce, uelastycznia, uj\u0119drnia, wyg\u0142adza, zmi\u0119kcza<br \/>  <strong>Gramatura:<\/strong> ml<br \/>  <strong>Konsystencja:<\/strong> krem<br \/>  <strong>Linie elitarne:<\/strong> nie<br \/>  <strong>Piel\u0119gnacja specyficzna:<\/strong> nie<br \/>  <strong>Pojemno\u015b\u0107:<\/strong> 50<br \/>  <strong>Pora stosowania:<\/strong> dzie\u0144<br \/>  <strong>P\u0142e\u0107:<\/strong> damski<br \/>  <strong>Rodzaj sk\u00f3ry:<\/strong> dojrza\u0142a, wra\u017cliwa<br \/>  <strong>S\u0142o\u0144ce:<\/strong> nie<br \/>  <strong>Typ sk\u00f3ry:<\/strong> mieszana\/t\u0142usta, normalna, sucha <\/p>\n","protected":false},"featured_media":69700,"comment_status":"open","ping_status":"closed","template":"","meta":{"_acf_changed":false},"kategoria-hurtowni":[90,109,110],"product_brand":[169],"product_cat":[76],"product_tag":[],"class_list":{"0":"post-69699","1":"product","2":"type-product","3":"status-publish","4":"has-post-thumbnail","6":"kategoria-hurtowni-pielegnacja","7":"kategoria-hurtowni-pielegnacja-twarzy-pielegnacja","8":"kategoria-hurtowni-twarz-pielegnacja-twarzy-pielegnacja","9":"product_brand-rituals","10":"product_cat-primavera","12":"first","13":"outofstock","14":"taxable","15":"shipping-taxable","16":"product-type-simple"},"acf":[],"_links":{"self":[{"href":"https:\/\/premino.pl\/index.php?rest_route=\/wp\/v2\/product\/69699","targetHints":{"allow":["GET"]}}],"collection":[{"href":"https:\/\/premino.pl\/index.php?rest_route=\/wp\/v2\/product"}],"about":[{"href":"https:\/\/premino.pl\/index.php?rest_route=\/wp\/v2\/types\/product"}],"replies":[{"embeddable":true,"href":"https:\/\/premino.pl\/index.php?rest_route=%2Fwp%2Fv2%2Fcomments&post=69699"}],"wp:featuredmedia":[{"embeddable":true,"href":"https:\/\/premino.pl\/index.php?rest_route=\/wp\/v2\/media\/69700"}],"wp:attachment":[{"href":"https:\/\/premino.pl\/index.php?rest_route=%2Fwp%2Fv2%2Fmedia&parent=69699"}],"wp:term":[{"taxonomy":"kategoria-hurtowni","embeddable":true,"href":"https:\/\/premino.pl\/index.php?rest_route=%2Fwp%2Fv2%2Fkategoria-hurtowni&post=69699"},{"taxonomy":"product_brand","embeddable":true,"href":"https:\/\/premino.pl\/index.php?rest_route=%2Fwp%2Fv2%2Fproduct_brand&post=69699"},{"taxonomy":"product_cat","embeddable":true,"href":"https:\/\/premino.pl\/index.php?rest_route=%2Fwp%2Fv2%2Fproduct_cat&post=69699"},{"taxonomy":"product_tag","embeddable":true,"href":"https:\/\/premino.pl\/index.php?rest_route=%2Fwp%2Fv2%2Fproduct_tag&post=69699"}],"curies":[{"name":"wp","href":"https:\/\/api.w.org\/{rel}","templated":true}]}}