{"id":69823,"date":"2026-05-13T20:17:55","date_gmt":"2026-05-13T18:17:55","guid":{"rendered":"https:\/\/premino.pl\/?product=carnal-flower-woda-perfumowana-spray-30ml"},"modified":"2026-05-13T20:17:55","modified_gmt":"2026-05-13T18:17:55","slug":"carnal-flower-woda-perfumowana-spray-30ml","status":"publish","type":"product","link":"https:\/\/premino.pl\/?product=carnal-flower-woda-perfumowana-spray-30ml","title":{"rendered":"Carnal Flower woda perfumowana spray 30ml"},"content":{"rendered":"<p>Porywaj\u0105cy magnetyzm tuberozy. Pocz\u0105tkowe wra\u017cenie niewinno\u015bci i \u015bwie\u017cej kwiatowej mieszanki ust\u0119puje miejsca zmys\u0142owemu charakterowi tuberozy. Zestawienie ciemnych, pikantnych akcent\u00f3w z bia\u0142ym pi\u017cmem tworzy sensualny aromat, kt\u00f3ry otoczy Ci\u0119 aur\u0105 zmys\u0142owo\u015bci. Carnal Flower to perfumy z najwy\u017cszym st\u0119\u017ceniem naturalnej tuberozy, kt\u00f3re emanuj\u0105 erotyzmem.<\/p>\n<p><\/p>\n<p><b>Nuty zapachowe:<br \/><\/b><br \/><b>Nuta g\u0142owy: <\/b>melon, bergamotka, eukaliptus<br \/><b>Nuta serca: <\/b>tuberoza, ja\u015bmin, kwiat pomara\u0144czy, ylang-ylang<br \/><b>Nuta bazy: <\/b>kokos, bia\u0142e pi\u017cmo<\/p>\n<p><\/p>\n<p><strong>Gramatura:<\/strong> ml<br \/>\n<strong>Linia k\u0105pielowa:<\/strong> nie<br \/>\n<strong>Miniatura:<\/strong> nie<br \/>\n<strong>Nuta bazy:<\/strong> bia\u0142e pi\u017cmo, kokos<br \/>\n<strong>Nuta g\u0142owy:<\/strong> bergamotka, eukaliptus, melon<br \/>\n<strong>Nuta g\u0142\u00f3wna:<\/strong> kwiatowe<br \/>\n<strong>Nuta serca:<\/strong> ja\u015bmin, kwiat pomara\u0144czy, tuberoza, ylang-ylang<br \/>\n<strong>Pojemno\u015b\u0107:<\/strong> 30<br \/>\n<strong>Produkt rzadki:<\/strong> tak<br \/>\n<strong>Pr\u00f3bka:<\/strong> nie<br \/>\n<strong>P\u0142e\u0107:<\/strong> unisex<br \/>\n<strong>Rodzaj:<\/strong> woda perfumowana<br \/>\n<strong>Tester:<\/strong> nie<br \/>\n<strong>Zapach alternatywny:<\/strong> nie<br \/>\n<strong>Zestaw:<\/strong> nie<\/p>\n<p><strong>Uwagi:<\/strong><\/p>\n<p>Produkt przechowywa\u0107 z dala od ognia i \u017ar\u00f3de\u0142 ciep\u0142a. Trzyma\u0107 w miejscu niedost\u0119pnym dla dzieci. Nie stosowa\u0107 na podra\u017cnion\u0105 lub uszkodzon\u0105 sk\u00f3r\u0119. Unika\u0107 kontaktu z oczami.<\/p>\n<p><strong>Sk\u0142adniki:<\/strong><\/p>\n<p>ALCOHOL DENAT, WATER AQUALEAU, FRAGRANCE (PARFUM), LIMONENE, LINALOOL, COUMARIN, GERA- NIO CINNAMAL, EUGENOL, CITRAL, BENZYL BENZO- ATE, SOEUGENOL, CITRONELLOL, BHT, TOCOPHEROL <122-4391><\/p>\n","protected":false},"excerpt":{"rendered":"<p> <strong>Gramatura:<\/strong> ml<br \/>  <strong>Linia k\u0105pielowa:<\/strong> nie<br \/>  <strong>Miniatura:<\/strong> nie<br \/>  <strong>Nuta bazy:<\/strong> bia\u0142e pi\u017cmo, kokos<br \/>  <strong>Nuta g\u0142owy:<\/strong> bergamotka, eukaliptus, melon<br \/>  <strong>Nuta g\u0142\u00f3wna:<\/strong> kwiatowe<br \/>  <strong>Nuta serca:<\/strong> ja\u015bmin, kwiat pomara\u0144czy, tuberoza, ylang-ylang<br \/>  <strong>Pojemno\u015b\u0107:<\/strong> 30<br \/>  <strong>Produkt rzadki:<\/strong> tak<br \/>  <strong>Pr\u00f3bka:<\/strong> nie<br \/>  <strong>P\u0142e\u0107:<\/strong> unisex<br \/>  <strong>Rodzaj:<\/strong> woda perfumowana<br \/>  <strong>Tester:<\/strong> nie<br \/>  <strong>Zapach alternatywny:<\/strong> nie<br \/>  <strong>Zestaw:<\/strong> nie <\/p>\n","protected":false},"featured_media":69824,"comment_status":"open","ping_status":"closed","template":"","meta":{"_acf_changed":false},"kategoria-hurtowni":[87,88],"product_brand":[431],"product_cat":[76],"product_tag":[],"class_list":{"0":"post-69823","1":"product","2":"type-product","3":"status-publish","4":"has-post-thumbnail","6":"kategoria-hurtowni-perfumy","7":"kategoria-hurtowni-zapachy","8":"product_brand-frederic-malle","9":"product_cat-primavera","11":"first","12":"outofstock","13":"taxable","14":"shipping-taxable","15":"product-type-simple"},"acf":[],"_links":{"self":[{"href":"https:\/\/premino.pl\/index.php?rest_route=\/wp\/v2\/product\/69823","targetHints":{"allow":["GET"]}}],"collection":[{"href":"https:\/\/premino.pl\/index.php?rest_route=\/wp\/v2\/product"}],"about":[{"href":"https:\/\/premino.pl\/index.php?rest_route=\/wp\/v2\/types\/product"}],"replies":[{"embeddable":true,"href":"https:\/\/premino.pl\/index.php?rest_route=%2Fwp%2Fv2%2Fcomments&post=69823"}],"wp:featuredmedia":[{"embeddable":true,"href":"https:\/\/premino.pl\/index.php?rest_route=\/wp\/v2\/media\/69824"}],"wp:attachment":[{"href":"https:\/\/premino.pl\/index.php?rest_route=%2Fwp%2Fv2%2Fmedia&parent=69823"}],"wp:term":[{"taxonomy":"kategoria-hurtowni","embeddable":true,"href":"https:\/\/premino.pl\/index.php?rest_route=%2Fwp%2Fv2%2Fkategoria-hurtowni&post=69823"},{"taxonomy":"product_brand","embeddable":true,"href":"https:\/\/premino.pl\/index.php?rest_route=%2Fwp%2Fv2%2Fproduct_brand&post=69823"},{"taxonomy":"product_cat","embeddable":true,"href":"https:\/\/premino.pl\/index.php?rest_route=%2Fwp%2Fv2%2Fproduct_cat&post=69823"},{"taxonomy":"product_tag","embeddable":true,"href":"https:\/\/premino.pl\/index.php?rest_route=%2Fwp%2Fv2%2Fproduct_tag&post=69823"}],"curies":[{"name":"wp","href":"https:\/\/api.w.org\/{rel}","templated":true}]}}