{"id":69825,"date":"2026-05-13T20:17:55","date_gmt":"2026-05-13T18:17:55","guid":{"rendered":"https:\/\/premino.pl\/?product=bigarade-concentree-woda-kolonska-spray-50ml"},"modified":"2026-05-13T20:17:55","modified_gmt":"2026-05-13T18:17:55","slug":"bigarade-concentree-woda-kolonska-spray-50ml","status":"publish","type":"product","link":"https:\/\/premino.pl\/?product=bigarade-concentree-woda-kolonska-spray-50ml","title":{"rendered":"Bigarade Concentree woda kolo\u0144ska spray 50ml"},"content":{"rendered":"<p>Bigarade Concentree to zapach dla tych, kt\u00f3rzy wierz\u0105, \u017ce moc uwodzenia tkwi w doskona\u0142o\u015bci i czysto\u015bci.<\/p>\n<p><b>Nuty zapachowe:<br \/><\/b><br \/><b>Nuta g\u0142owy: <\/b>gorzka pomara\u0144cza, kardamon, herbata, mandarynka, r\u00f3\u017cowy pieprz, grejpfrut, czarna porzeczka<br \/><b>Nuta serca: <\/b>r\u00f3\u017ca, neroli, kminek, wiciokrzew, irys<br \/><b>Nuta bazy: <\/b>trawa, siano, cedr, pi\u017cmo, fasolka tonka<\/p>\n<p><strong>Gramatura:<\/strong> ml<br \/>\n<strong>Linia k\u0105pielowa:<\/strong> nie<br \/>\n<strong>Miniatura:<\/strong> nie<br \/>\n<strong>Nuta bazy:<\/strong> cedr, fasolka tonka, pi\u017cmo, siano, trawa<br \/>\n<strong>Nuta g\u0142owy:<\/strong> czarna porzeczka, gorzka pomara\u0144cza, grejpfrut, herbata, kardamon, mandarynka, r\u00f3\u017cowy pieprz<br \/>\n<strong>Nuta g\u0142\u00f3wna:<\/strong> aromatyczne, cytrusowe<br \/>\n<strong>Nuta serca:<\/strong> irys, kminek, neroli, r\u00f3\u017ca, wiciokrzew<br \/>\n<strong>Pojemno\u015b\u0107:<\/strong> 50<br \/>\n<strong>Produkt rzadki:<\/strong> tak<br \/>\n<strong>Pr\u00f3bka:<\/strong> nie<br \/>\n<strong>P\u0142e\u0107:<\/strong> unisex<br \/>\n<strong>Rodzaj:<\/strong> woda kolo\u0144ska<br \/>\n<strong>Tester:<\/strong> nie<br \/>\n<strong>Zapach alternatywny:<\/strong> nie<br \/>\n<strong>Zestaw:<\/strong> nie<\/p>\n<p><strong>Uwagi:<\/strong><\/p>\n<p>Produkt przechowywa\u0107 z dala od ognia i \u017ar\u00f3de\u0142 ciep\u0142a. Trzyma\u0107 w miejscu niedost\u0119pnym dla dzieci. Nie stosowa\u0107 na podra\u017cnion\u0105 lub uszkodzon\u0105 sk\u00f3r\u0119. Unika\u0107 kontaktu z oczami.<\/p>\n<p><strong>Sk\u0142adniki:<\/strong><\/p>\n<p>Alcohol Denat., WaterAquaEau, Limonene, Fragrance (Parfum), Peg-40 Hydrogenated Castor Oil, Hexyl Cinnamal, Linalool, Coumarin, Evernia Prunastri (Oakmoss) Extract, Citral, Geraniol, Bht, Tocopherol<\/p>\n","protected":false},"excerpt":{"rendered":"<p> <strong>Gramatura:<\/strong> ml<br \/>  <strong>Linia k\u0105pielowa:<\/strong> nie<br \/>  <strong>Miniatura:<\/strong> nie<br \/>  <strong>Nuta bazy:<\/strong> cedr, fasolka tonka, pi\u017cmo, siano, trawa<br \/>  <strong>Nuta g\u0142owy:<\/strong> czarna porzeczka, gorzka pomara\u0144cza, grejpfrut, herbata, kardamon, mandarynka, r\u00f3\u017cowy pieprz<br \/>  <strong>Nuta g\u0142\u00f3wna:<\/strong> aromatyczne, cytrusowe<br \/>  <strong>Nuta serca:<\/strong> irys, kminek, neroli, r\u00f3\u017ca, wiciokrzew<br \/>  <strong>Pojemno\u015b\u0107:<\/strong> 50<br \/>  <strong>Produkt rzadki:<\/strong> tak<br \/>  <strong>Pr\u00f3bka:<\/strong> nie<br \/>  <strong>P\u0142e\u0107:<\/strong> unisex<br \/>  <strong>Rodzaj:<\/strong> woda kolo\u0144ska<br \/>  <strong>Tester:<\/strong> nie<br \/>  <strong>Zapach alternatywny:<\/strong> nie<br \/>  <strong>Zestaw:<\/strong> nie <\/p>\n","protected":false},"featured_media":69826,"comment_status":"open","ping_status":"closed","template":"","meta":{"_acf_changed":false},"kategoria-hurtowni":[87,88],"product_brand":[431],"product_cat":[76],"product_tag":[],"class_list":{"0":"post-69825","1":"product","2":"type-product","3":"status-publish","4":"has-post-thumbnail","6":"kategoria-hurtowni-perfumy","7":"kategoria-hurtowni-zapachy","8":"product_brand-frederic-malle","9":"product_cat-primavera","11":"first","12":"outofstock","13":"taxable","14":"shipping-taxable","15":"product-type-simple"},"acf":[],"_links":{"self":[{"href":"https:\/\/premino.pl\/index.php?rest_route=\/wp\/v2\/product\/69825","targetHints":{"allow":["GET"]}}],"collection":[{"href":"https:\/\/premino.pl\/index.php?rest_route=\/wp\/v2\/product"}],"about":[{"href":"https:\/\/premino.pl\/index.php?rest_route=\/wp\/v2\/types\/product"}],"replies":[{"embeddable":true,"href":"https:\/\/premino.pl\/index.php?rest_route=%2Fwp%2Fv2%2Fcomments&post=69825"}],"wp:featuredmedia":[{"embeddable":true,"href":"https:\/\/premino.pl\/index.php?rest_route=\/wp\/v2\/media\/69826"}],"wp:attachment":[{"href":"https:\/\/premino.pl\/index.php?rest_route=%2Fwp%2Fv2%2Fmedia&parent=69825"}],"wp:term":[{"taxonomy":"kategoria-hurtowni","embeddable":true,"href":"https:\/\/premino.pl\/index.php?rest_route=%2Fwp%2Fv2%2Fkategoria-hurtowni&post=69825"},{"taxonomy":"product_brand","embeddable":true,"href":"https:\/\/premino.pl\/index.php?rest_route=%2Fwp%2Fv2%2Fproduct_brand&post=69825"},{"taxonomy":"product_cat","embeddable":true,"href":"https:\/\/premino.pl\/index.php?rest_route=%2Fwp%2Fv2%2Fproduct_cat&post=69825"},{"taxonomy":"product_tag","embeddable":true,"href":"https:\/\/premino.pl\/index.php?rest_route=%2Fwp%2Fv2%2Fproduct_tag&post=69825"}],"curies":[{"name":"wp","href":"https:\/\/api.w.org\/{rel}","templated":true}]}}