{"id":70041,"date":"2026-05-13T20:19:46","date_gmt":"2026-05-13T18:19:46","guid":{"rendered":"https:\/\/premino.pl\/?product=contour-g-konturowka-do-ust-03-le-brun-tonka"},"modified":"2026-05-13T20:19:47","modified_gmt":"2026-05-13T18:19:47","slug":"contour-g-konturowka-do-ust-03-le-brun-tonka","status":"publish","type":"product","link":"https:\/\/premino.pl\/?product=contour-g-konturowka-do-ust-03-le-brun-tonka","title":{"rendered":"Contour G kontur\u00f3wka do ust 03 Le Brun Tonka"},"content":{"rendered":"<p><b>Contour G \u2013 precyzyjna kredka do modelowania ust<br \/><\/b>Contour G to kredka do ust o intensywnej pigmentacji i d\u0142ugotrwa\u0142ej formule no-transfer, kt\u00f3ra precyzyjnie modeluje i podkre\u015bla kontur ust ju\u017c za jednym poci\u0105gni\u0119ciem. Dzi\u0119ki ultracienkiej ko\u0144c\u00f3wce i do\u0142\u0105czonej temper\u00f3wce umo\u017cliwia wyj\u0105tkowo dok\u0142adn\u0105 aplikacj\u0119, podkre\u015blaj\u0105c ka\u017cdy makija\u017c ust z elegancj\u0105 i precyzj\u0105. Jej lekka, niewyczuwalna konsystencja g\u0142adko \u0142\u0105czy si\u0119 z pomadk\u0105, wzmacniaj\u0105c jej trwa\u0142o\u015b\u0107.<\/p>\n<p><b>Kremowa formu\u0142a, kt\u00f3ra nie zawodzi<br \/><\/b>Wzbogacona o olejek rycynowy i botaniczny skwalan, kremowa formu\u0142a kredki Contour G zapewnia natychmiastowe uczucie komfortu i mi\u0119kko\u015bci. Efekt no-transfer gwarantuje nienaganny wygl\u0105d przez ca\u0142y dzie\u0144 \u2014 bez rozmazywania, bez poprawek. Idealna zar\u00f3wno do precyzyjnego konturowania, jak i wype\u0142niania ust kolorem.<\/p>\n<p><strong>Gramatura:<\/strong> sztuka<br \/>\n<strong>Kolor:<\/strong> 03 Le Brun Tonka<br \/>\n<strong>Pojemno\u015b\u0107:<\/strong> 1<br \/>\n<strong>P\u0142e\u0107:<\/strong> damski<br \/>\n<strong>S\u0142o\u0144ce:<\/strong> nie<\/p>\n<p><strong>Uwagi:<\/strong><\/p>\n<p>Tylko do u\u017cytku zewn\u0119trznego.<\/p>\n<p><strong>Sk\u0142adniki:<\/strong><\/p>\n<p>RICINUS COMMUNIS (CASTOR) SEED OIL \u2022 SQUALANE \u2022 HYDROGENATED CASTOR OIL \u2022 CERA CARNAUBA (COPERNICIA CERIFERA (CARNAUBA) WAX) \u2022 KAOLIN \u2022 SYNTHETIC FLUORPHLOGOPITE \u2022 ALUMINUM HYDROXIDE \u2022 TOCOPHEROL \u2022 AQUA (WATER) \u2022 [+\/- CI 15850 (RED 6, RED 7) \u2022 CI 45410 (RED 28 LAKE) \u2022 CI 77492, CI 77499 (IRON OXIDES)]<\/p>\n","protected":false},"excerpt":{"rendered":"<p> <strong>Gramatura:<\/strong> sztuka<br \/>  <strong>Kolor:<\/strong> 03 Le Brun Tonka<br \/>  <strong>Pojemno\u015b\u0107:<\/strong> 1<br \/>  <strong>P\u0142e\u0107:<\/strong> damski<br \/>  <strong>S\u0142o\u0144ce:<\/strong> nie <\/p>\n","protected":false},"featured_media":70042,"comment_status":"open","ping_status":"closed","template":"","meta":{"_acf_changed":false},"kategoria-hurtowni":[108,83,105],"product_brand":[308],"product_cat":[76],"product_tag":[],"class_list":{"0":"post-70041","1":"product","2":"type-product","3":"status-publish","4":"has-post-thumbnail","6":"kategoria-hurtowni-konturowki-do-ust","7":"kategoria-hurtowni-makijaz","8":"kategoria-hurtowni-makijaz-usta","9":"product_brand-guerlain","10":"product_cat-primavera","12":"first","13":"outofstock","14":"taxable","15":"shipping-taxable","16":"product-type-simple"},"acf":[],"_links":{"self":[{"href":"https:\/\/premino.pl\/index.php?rest_route=\/wp\/v2\/product\/70041","targetHints":{"allow":["GET"]}}],"collection":[{"href":"https:\/\/premino.pl\/index.php?rest_route=\/wp\/v2\/product"}],"about":[{"href":"https:\/\/premino.pl\/index.php?rest_route=\/wp\/v2\/types\/product"}],"replies":[{"embeddable":true,"href":"https:\/\/premino.pl\/index.php?rest_route=%2Fwp%2Fv2%2Fcomments&post=70041"}],"wp:featuredmedia":[{"embeddable":true,"href":"https:\/\/premino.pl\/index.php?rest_route=\/wp\/v2\/media\/70042"}],"wp:attachment":[{"href":"https:\/\/premino.pl\/index.php?rest_route=%2Fwp%2Fv2%2Fmedia&parent=70041"}],"wp:term":[{"taxonomy":"kategoria-hurtowni","embeddable":true,"href":"https:\/\/premino.pl\/index.php?rest_route=%2Fwp%2Fv2%2Fkategoria-hurtowni&post=70041"},{"taxonomy":"product_brand","embeddable":true,"href":"https:\/\/premino.pl\/index.php?rest_route=%2Fwp%2Fv2%2Fproduct_brand&post=70041"},{"taxonomy":"product_cat","embeddable":true,"href":"https:\/\/premino.pl\/index.php?rest_route=%2Fwp%2Fv2%2Fproduct_cat&post=70041"},{"taxonomy":"product_tag","embeddable":true,"href":"https:\/\/premino.pl\/index.php?rest_route=%2Fwp%2Fv2%2Fproduct_tag&post=70041"}],"curies":[{"name":"wp","href":"https:\/\/api.w.org\/{rel}","templated":true}]}}