{"id":70047,"date":"2026-05-13T20:19:49","date_gmt":"2026-05-13T18:19:49","guid":{"rendered":"https:\/\/premino.pl\/?product=terracotta-korektor-do-twarzy-1n-neutral-11-5ml"},"modified":"2026-05-13T20:19:50","modified_gmt":"2026-05-13T18:19:50","slug":"terracotta-korektor-do-twarzy-1n-neutral-11-5ml","status":"publish","type":"product","link":"https:\/\/premino.pl\/?product=terracotta-korektor-do-twarzy-1n-neutral-11-5ml","title":{"rendered":"Terracotta korektor do twarzy 1N Neutral 11.5ml"},"content":{"rendered":"<p><b>CA\u0141KOWICIE NATURALNA, DOSKONA\u0141A KOREKTA CERY<\/b><br \/>Guerlain, bazuj\u0105c na swoim do\u015bwiadczeniu w dziedzinie pudr\u00f3w i pigment\u00f3w, stworzy\u0142 korektor \u0142\u0105cz\u0105cy precyzj\u0119 krycia z naturalnym blaskiem. Korektor Terracotta to innowacyjna formu\u0142a w 95% oparta na sk\u0142adnikach naturalnego pochodzenia\u00b9, kt\u00f3ra oferuje d\u0142ugotrwa\u0142y efekt i subtelne roz\u015bwietlenie.<\/p>\n<p>Korektor Terracotta zapewnia \u0142atwe w budowaniu krycie i nieskazitelne wyko\u0144czenie. Szczeg\u00f3lnie wygodna, mi\u0119kka i zmys\u0142owa konsystencja zapewnia 24-godzinne nawil\u017cenie\u00b2 i 24-godzinn\u0105 trwa\u0142o\u015b\u0107\u00b3 dzi\u0119ki technologii zapobiegaj\u0105cej rozmazywaniu.<\/p>\n<p>Innowacyjna, d\u0142ugotrwa\u0142a formu\u0142a ze sk\u0142adnikami pochodzenia naturalnego to niezb\u0119dny krok w korygowaniu niedoskona\u0142o\u015bci sk\u00f3ry, rozja\u015bnianiu ciemnych obszar\u00f3w, rozmywaniu fioletowych i niebieskawych cieni pod oczami.\u00a0<\/p>\n<p>\u00b9 Zgodnie z norm\u0105 ISO 16128. Pozosta\u0142e 5% odpowiada za trwa\u0142o\u015b\u0107 i sensoryczno\u015b\u0107 produktu.<br \/>\u00b2 Test instrumentalny przeprowadzony na 33 kobietach.<br \/>\u00b3 Test instrumentalny i ocena kliniczna na 25 kobietach.<\/p>\n<p><b>DWIE TECHNIKI APLIKACJI:<br \/><\/b>TAP &#038; ZONE: Precyzyjna aplikacja opuszkami palc\u00f3w. Na\u0142\u00f3\u017c produkt miejscowo i delikatnie wklep, skupiaj\u0105c si\u0119 tylko na obszarach wymagaj\u0105cych korekty.<br \/>TAP &#038; STRETCH: Pe\u0142na aplikacja p\u0119dzlem. Rozprowad\u017a korektor od wewn\u0119trznego k\u0105cika oka ku skroni, od nosa ku policzkom oraz od \u015brodka czo\u0142a na zewn\u0105trz. Nast\u0119pnie wklep i rozetrzyj, aby uzyska\u0107 g\u0142adkie, naturalne wyko\u0144czenie.<\/p>\n<p><strong>Br\u0105zuj\u0105cy:<\/strong> nie<br \/>\n<strong>Dzia\u0142anie:<\/strong> maskuj\u0105ce, nawil\u017caj\u0105ce, roz\u015bwietlaj\u0105ce, wyg\u0142adzaj\u0105ce<br \/>\n<strong>Forma podania:<\/strong> aplikator<br \/>\n<strong>Gramatura:<\/strong> ml<br \/>\n<strong>Kolor:<\/strong> 1N Neutral<br \/>\n<strong>Pojemno\u015b\u0107:<\/strong> 11.5<br \/>\n<strong>P\u0142e\u0107:<\/strong> damski<br \/>\n<strong>Roz\u015bwietlaj\u0105cy:<\/strong> tak<br \/>\n<strong>S\u0142o\u0144ce:<\/strong> nie<\/p>\n<p><strong>Uwagi:<\/strong><\/p>\n<p>Tylko do u\u017cytku zewn\u0119trznego.<\/p>\n<p><strong>Sk\u0142adniki:<\/strong><\/p>\n<p>AQUA (WATER) \u2022 C9-12 ALKANE \u2022 PROPANEDIOL \u2022 UNDECANE \u2022 GLYCERIN \u2022 POLYGLYCERYL-6 POLYRICINOLEATE \u2022 DICAPRYLYL ETHER \u2022 DISTEARDIMONIUM HECTORITE \u2022 PENTYLENE GLYCOL \u2022 POLYGLYCERYL-10 DECAISOSTEARATE \u2022 TRIDECANE \u2022 TRIMETHYLSILOXYSILICATE \u2022 POLYGLYCERYL-2 ISOSTEARATE \u2022 SILICA \u2022 SODIUM MYRISTOYL GLUTAMATE \u2022 SODIUM CHLORIDE \u2022 SYNTHETIC FLUORPHLOGOPITE \u2022 PROPYLENE CARBONATE \u2022 PARFUM (FRAGRANCE) \u2022 LECITHIN \u2022 HYDROXYACETOPHENONE \u2022 SODIUM BENZOATE \u2022 CAPRYLIC\/CAPRIC TRIGLYCERIDE \u2022 POLYHYDROXYSTEARIC ACID \u2022 ALUMINUM HYDROXIDE \u2022 TOCOPHEROL \u2022 ISOSTEARIC ACID \u2022 POLYGLYCERYL-3 POLYRICINOLEATE \u2022 ARGANIA SPINOSA KERNEL OIL \u2022 PHENETHYL ALCOHOL \u2022 SODIUM CARRAGEENAN \u2022 CITRIC ACID \u2022 JANIA RUBENS EXTRACT \u2022 MICA \u2022 [+\/- CI 77491, CI 77492, CI 77499 (IRON OXIDES) \u2022 CI 77891 (TITANIUM DIOXIDE) \u2022 CI 77163 (BISMUTH OXYCHLORIDE)]<\/p>\n","protected":false},"excerpt":{"rendered":"<p> <strong>Br\u0105zuj\u0105cy:<\/strong> nie<br \/>  <strong>Dzia\u0142anie:<\/strong> maskuj\u0105ce, nawil\u017caj\u0105ce, roz\u015bwietlaj\u0105ce, wyg\u0142adzaj\u0105ce<br \/>  <strong>Forma podania:<\/strong> aplikator<br \/>  <strong>Gramatura:<\/strong> ml<br \/>  <strong>Kolor:<\/strong> 1N Neutral<br \/>  <strong>Pojemno\u015b\u0107:<\/strong> 11.5<br \/>  <strong>P\u0142e\u0107:<\/strong> damski<br \/>  <strong>Roz\u015bwietlaj\u0105cy:<\/strong> tak<br \/>  <strong>S\u0142o\u0144ce:<\/strong> nie <\/p>\n","protected":false},"featured_media":70048,"comment_status":"open","ping_status":"closed","template":"","meta":{"_acf_changed":false},"kategoria-hurtowni":[189,83,129],"product_brand":[308],"product_cat":[76],"product_tag":[],"class_list":{"0":"post-70047","1":"product","2":"type-product","3":"status-publish","4":"has-post-thumbnail","6":"kategoria-hurtowni-korektory-na-niedoskonalosci-twarzy","7":"kategoria-hurtowni-makijaz","8":"kategoria-hurtowni-makijaz-twarz","9":"product_brand-guerlain","10":"product_cat-primavera","12":"first","13":"outofstock","14":"taxable","15":"shipping-taxable","16":"product-type-simple"},"acf":[],"_links":{"self":[{"href":"https:\/\/premino.pl\/index.php?rest_route=\/wp\/v2\/product\/70047","targetHints":{"allow":["GET"]}}],"collection":[{"href":"https:\/\/premino.pl\/index.php?rest_route=\/wp\/v2\/product"}],"about":[{"href":"https:\/\/premino.pl\/index.php?rest_route=\/wp\/v2\/types\/product"}],"replies":[{"embeddable":true,"href":"https:\/\/premino.pl\/index.php?rest_route=%2Fwp%2Fv2%2Fcomments&post=70047"}],"wp:featuredmedia":[{"embeddable":true,"href":"https:\/\/premino.pl\/index.php?rest_route=\/wp\/v2\/media\/70048"}],"wp:attachment":[{"href":"https:\/\/premino.pl\/index.php?rest_route=%2Fwp%2Fv2%2Fmedia&parent=70047"}],"wp:term":[{"taxonomy":"kategoria-hurtowni","embeddable":true,"href":"https:\/\/premino.pl\/index.php?rest_route=%2Fwp%2Fv2%2Fkategoria-hurtowni&post=70047"},{"taxonomy":"product_brand","embeddable":true,"href":"https:\/\/premino.pl\/index.php?rest_route=%2Fwp%2Fv2%2Fproduct_brand&post=70047"},{"taxonomy":"product_cat","embeddable":true,"href":"https:\/\/premino.pl\/index.php?rest_route=%2Fwp%2Fv2%2Fproduct_cat&post=70047"},{"taxonomy":"product_tag","embeddable":true,"href":"https:\/\/premino.pl\/index.php?rest_route=%2Fwp%2Fv2%2Fproduct_tag&post=70047"}],"curies":[{"name":"wp","href":"https:\/\/api.w.org\/{rel}","templated":true}]}}