{"id":70159,"date":"2026-05-13T20:20:50","date_gmt":"2026-05-13T18:20:50","guid":{"rendered":"https:\/\/premino.pl\/?product=bed-head-colour-goddess-shampoo-szampon-do-wlosow-farbowanych-750ml"},"modified":"2026-05-13T20:20:51","modified_gmt":"2026-05-13T18:20:51","slug":"bed-head-colour-goddess-shampoo-szampon-do-wlosow-farbowanych-750ml","status":"publish","type":"product","link":"https:\/\/premino.pl\/?product=bed-head-colour-goddess-shampoo-szampon-do-wlosow-farbowanych-750ml","title":{"rendered":"Bed Head Colour Goddess Shampoo szampon do w\u0142os\u00f3w farbowanych 750ml"},"content":{"rendered":"<p>Szampon Bed Head Colour Goddess\u2122 to formu\u0142a wzmacniaj\u0105ca kolor w\u0142os\u00f3w\u00a0stworzona we wsp\u00f3\u0142pracy z profesjonalistami. Szampon g\u0142\u0119boko oczyszcza, od\u017cywia i wyg\u0142adza w\u0142osy, dzi\u0119ki czemu staj\u0105 si\u0119 od\u015bwie\u017cone, nie pusz\u0105 si\u0119 i wygl\u0105daj\u0105 zdrowo. Zawiera witamin\u0119 E i siemi\u0119 lniane, kt\u00f3re s\u0105 niezb\u0119dnymi sk\u0142adnikami od\u017cywczymi i silnymi przeciwutleniaczami. Dzi\u0119ki zawarto\u015bci oleju kokosowego, bogatego w kwasy t\u0142uszczowe, doskonale od\u017cywia i zmi\u0119kcza w\u0142osy farbowane. Amodimetikon wyg\u0142adza i zmniejsza elektryzowanie w\u0142os\u00f3w, a olejek ze s\u0142odkich migda\u0142\u00f3w i keratyna odpowiednio nawil\u017caj\u0105, od\u017cywiaj\u0105 i pomagaj\u0105 odbudowa\u0107 zniszczone w\u0142osy.\u00a0<\/p>\n<p><b>Zapach:<\/b>\u00a0kremowe toffi.<\/p>\n<p><b>Spos\u00f3b u\u017cycia:\u00a0<\/b>Wmasuj szampon w mokre w\u0142osy, a nast\u0119pnie dok\u0142adnie sp\u0142ucz.\u00a0<\/p>\n<p><strong>Gramatura:<\/strong> ml<br \/>\n<strong>Henna:<\/strong> nie<br \/>\n<strong>Konsystencja:<\/strong> szampon<br \/>\n<strong>Linie elitarne:<\/strong> nie<br \/>\n<strong>Pojemno\u015b\u0107:<\/strong> 750<br \/>\n<strong>P\u0142e\u0107:<\/strong> damski<br \/>\n<strong>S\u0142o\u0144ce:<\/strong> nie<\/p>\n<p><strong>Uwagi:<\/strong><\/p>\n<p>Unikaj kontaktu z oczami. Produkt do u\u017cytku zewn\u0119trznego. Nie stosuj na podra\u017cnion\u0105\/uszkodzon\u0105 sk\u00f3r\u0119. Zaprzesta\u0144 stosowania przy wyst\u0105pieniu reakcji niepo\u017c\u0105danych.<\/p>\n<p><strong>Sk\u0142adniki:<\/strong><\/p>\n<p>WATER (AQUA\/EAU), SODIUM LAURETH SULFATE, COCAMIDOPROPYL BETAINE, GLYCERIN, POTASSIUM CHLORIDE, FRAGRANCE (PARFUM), GLYCOL DISTEARATE, DIMETHICONOL, SODIUM BENZOATE, CARBOMER, SODIUM CHLORIDE, AMODIMETHICONE, GUAR HYDROXYPROPYLTRIMONIUM CHLORIDE, COCAMIDE MEA, TEA-DODECYLBENZENESULFONATE, LAURETH-23, CITRIC ACID, DISODIUM EDTA, TRIDECETH-12, PEG-45M, PRUNUS AMYGDALUS DULCIS (SWEET ALMOND) OIL, PHENOXYETHANOL, BENZOPHENONE-4, BUTYROSPERMUM PARKII (SHEA) BUTTER, COCOS NUCIFERA (COCONUT) OIL, LINUM USITATISSIMUM (LINSEED) SEED OIL, HYDROLYZED KERATIN, CETRIMONIUM CHLORIDE, MAGNESIUM CARBONATE, PANTHENOL, PPG-9, TOCOPHERYL ACETATE, SILICA, MICA (CI 77019), IRON OXIDES (CI 77491), TITANIUM DIOXIDE (CI 77891), BLUE 1 (CI 42090), RED 33 (CI 17200), YELLOW 5 (CI 19140).<\/p>\n","protected":false},"excerpt":{"rendered":"<p> <strong>Gramatura:<\/strong> ml<br \/>  <strong>Henna:<\/strong> nie<br \/>  <strong>Konsystencja:<\/strong> szampon<br \/>  <strong>Linie elitarne:<\/strong> nie<br \/>  <strong>Pojemno\u015b\u0107:<\/strong> 750<br \/>  <strong>P\u0142e\u0107:<\/strong> damski<br \/>  <strong>S\u0142o\u0144ce:<\/strong> nie <\/p>\n","protected":false},"featured_media":70160,"comment_status":"open","ping_status":"closed","template":"","meta":{"_acf_changed":false},"kategoria-hurtowni":[90,113,112],"product_brand":[715],"product_cat":[76],"product_tag":[],"class_list":{"0":"post-70159","1":"product","2":"type-product","3":"status-publish","4":"has-post-thumbnail","6":"kategoria-hurtowni-pielegnacja","7":"kategoria-hurtowni-szampony","8":"kategoria-hurtowni-wlosy","9":"product_brand-tigi","10":"product_cat-primavera","12":"first","13":"outofstock","14":"taxable","15":"shipping-taxable","16":"product-type-simple"},"acf":[],"_links":{"self":[{"href":"https:\/\/premino.pl\/index.php?rest_route=\/wp\/v2\/product\/70159","targetHints":{"allow":["GET"]}}],"collection":[{"href":"https:\/\/premino.pl\/index.php?rest_route=\/wp\/v2\/product"}],"about":[{"href":"https:\/\/premino.pl\/index.php?rest_route=\/wp\/v2\/types\/product"}],"replies":[{"embeddable":true,"href":"https:\/\/premino.pl\/index.php?rest_route=%2Fwp%2Fv2%2Fcomments&post=70159"}],"wp:featuredmedia":[{"embeddable":true,"href":"https:\/\/premino.pl\/index.php?rest_route=\/wp\/v2\/media\/70160"}],"wp:attachment":[{"href":"https:\/\/premino.pl\/index.php?rest_route=%2Fwp%2Fv2%2Fmedia&parent=70159"}],"wp:term":[{"taxonomy":"kategoria-hurtowni","embeddable":true,"href":"https:\/\/premino.pl\/index.php?rest_route=%2Fwp%2Fv2%2Fkategoria-hurtowni&post=70159"},{"taxonomy":"product_brand","embeddable":true,"href":"https:\/\/premino.pl\/index.php?rest_route=%2Fwp%2Fv2%2Fproduct_brand&post=70159"},{"taxonomy":"product_cat","embeddable":true,"href":"https:\/\/premino.pl\/index.php?rest_route=%2Fwp%2Fv2%2Fproduct_cat&post=70159"},{"taxonomy":"product_tag","embeddable":true,"href":"https:\/\/premino.pl\/index.php?rest_route=%2Fwp%2Fv2%2Fproduct_tag&post=70159"}],"curies":[{"name":"wp","href":"https:\/\/api.w.org\/{rel}","templated":true}]}}