{"id":70237,"date":"2026-05-13T20:21:32","date_gmt":"2026-05-13T18:21:32","guid":{"rendered":"https:\/\/premino.pl\/?product=wonder-no-orange-extra-care-maska-neutralizujaca-cieple-tony-1000ml"},"modified":"2026-05-13T20:21:32","modified_gmt":"2026-05-13T18:21:32","slug":"wonder-no-orange-extra-care-maska-neutralizujaca-cieple-tony-1000ml","status":"publish","type":"product","link":"https:\/\/premino.pl\/?product=wonder-no-orange-extra-care-maska-neutralizujaca-cieple-tony-1000ml","title":{"rendered":"Wonder No Orange Extra Care maska neutralizuj\u0105ca ciep\u0142e tony 1000ml"},"content":{"rendered":"<p>Intensywnie piel\u0119gnuj\u0105ca maska stworzona z my\u015bl\u0105 o przed\u0142u\u017ceniu efekt\u00f3w szamponu No Orange. Skutecznie neutralizuje niepo\u017c\u0105dane miedziane i czerwone tony, nadaj\u0105c w\u0142osom ch\u0142odny odcie\u0144. Dodatkowo g\u0142\u0119boko od\u017cywia, nawil\u017ca i u\u0142atwia rozczesywanie, pozostawiaj\u0105c w\u0142osy mi\u0119kkie, l\u015bni\u0105ce i g\u0142adkie jak po wizycie w salonie..<\/p>\n<p><b>G\u0142\u00f3wne korzy\u015bci:<br \/><\/b>\u2022 Skuteczna neutralizacja ciep\u0142ych ton\u00f3w \u2013 eliminuje ciep\u0142e tony, podkre\u015blaj\u0105c ch\u0142odne odcienie blondu i br\u0105zu.<br \/>\u2022 Efekt jak z salonu \u2013 w duecie z szamponem No Orange zapewnia d\u0142ugotrwa\u0142y, profesjonalny rezultat.<br \/>\u2022 Od\u017cywienie i nawil\u017cenie \u2013 wyg\u0142adza, rozpl\u0105tuje i regeneruje w\u0142osy bez ich obci\u0105\u017cania.<\/p>\n<p><b>Formu\u0142a:<br \/><\/b>\u2022 Z mas\u0142em shea \u2013 intensywnie nawil\u017ca i wzmacnia struktur\u0119 w\u0142os\u00f3w.<br \/>\u2022 100% wega\u0144ska \u2013 bez sk\u0142adnik\u00f3w pochodzenia zwierz\u0119cego.<\/p>\n<p><b>Spos\u00f3b u\u017cycia:<br \/><\/b>Po umyciu w\u0142os\u00f3w szamponem No Orange, nanie\u015b mask\u0119 r\u00f3wnomiernie na wilgotne, osuszone r\u0119cznikiem w\u0142osy (najlepiej przy u\u017cyciu r\u0119kawiczek). Pozostaw na 3\u20135 minut, aby pigmenty mog\u0142y zadzia\u0142a\u0107, nast\u0119pnie dok\u0142adnie sp\u0142ucz ciep\u0142\u0105 wod\u0105.<\/p>\n<p><strong>Gramatura:<\/strong> ml<br \/>\n<strong>Henna:<\/strong> nie<br \/>\n<strong>Konsystencja:<\/strong> maska<br \/>\n<strong>Linie elitarne:<\/strong> nie<br \/>\n<strong>Pojemno\u015b\u0107:<\/strong> 1000<br \/>\n<strong>P\u0142e\u0107:<\/strong> damski<br \/>\n<strong>S\u0142o\u0144ce:<\/strong> nie<\/p>\n<p><strong>Uwagi:<\/strong><\/p>\n<p>Unika\u0107 kontaktu z oczami. Je\u015bli produkt dostanie si\u0119 do oczu, natychmiast przemyj je du\u017c\u0105 ilo\u015bci\u0105 czystej wody. Nie po\u0142yka\u0107. Produkt jest przeznaczony wy\u0142\u0105cznie do u\u017cytku zewn\u0119trznego. W przypadku po\u0142kni\u0119cia nale\u017cy natychmiast zasi\u0119gn\u0105\u0107 porady lekarza. Przechowywa\u0107 w miejscu niedost\u0119pnym dla dzieci. Je\u015bli masz alergie lub wra\u017cliw\u0105 sk\u00f3r\u0119, przed u\u017cyciem wykonaj test uczuleniowy (nanie\u015b niewielk\u0105 ilo\u015b\u0107 na sk\u00f3r\u0119 i odczekaj 24 godziny). W przypadku wyst\u0105pienia podra\u017cnienia sk\u00f3ry lub wyst\u0105pienia reakcji niepo\u017c\u0105danych nale\u017cy natychmiast przerwa\u0107 stosowanie produktu i skonsultowa\u0107 si\u0119 z lekarzem. Chroni\u0107 przed bezpo\u015brednim dzia\u0142aniem promieni s\u0142onecznych. Produkt nale\u017cy przechowywa\u0107 w ch\u0142odnym i suchym miejscu, z dala od bezpo\u015bredniego \u015bwiat\u0142a s\u0142onecznego. Nie stosowa\u0107 po up\u0142ywie terminu wa\u017cno\u015bci. Stosowa\u0107 wy\u0142\u0105cznie zgodnie z zaleceniami.<\/p>\n<p><strong>Sk\u0142adniki:<\/strong><\/p>\n<p>Aqua (Water), Cetearyl Alcohol, Caprylic\/Capric Triglyceride, Cetrimonium Chloride, Dipalmitoylethyl Hydroxyethylmonium Methosulfate, Phenoxyethanol, Triolein, Behentrimoniumchloride, Amodimethicone, Parfum (Fragrance), Peg-40 Hydrogenated Castor Oil, Ppg-26-Buteth-26, Butyrospermum Parkii Butter (Butyrospermum Parkii (Shea) Butter), Dipropylene Glycol, Ethylhexylglycerin, Isopropyl Alcohol, Linalool, Hexyl Cinnamal, Acid Violet 43, Trideceth-10, Ci 42090 (Fd&#038;C Blue 1), Citric Acid, Tocopherol.<\/p>\n","protected":false},"excerpt":{"rendered":"<p> <strong>Gramatura:<\/strong> ml<br \/>  <strong>Henna:<\/strong> nie<br \/>  <strong>Konsystencja:<\/strong> maska<br \/>  <strong>Linie elitarne:<\/strong> nie<br \/>  <strong>Pojemno\u015b\u0107:<\/strong> 1000<br \/>  <strong>P\u0142e\u0107:<\/strong> damski<br \/>  <strong>S\u0142o\u0144ce:<\/strong> nie <\/p>\n","protected":false},"featured_media":70238,"comment_status":"open","ping_status":"closed","template":"","meta":{"_acf_changed":false},"kategoria-hurtowni":[146,90,112],"product_brand":[414],"product_cat":[76],"product_tag":[],"class_list":{"0":"post-70237","1":"product","2":"type-product","3":"status-publish","4":"has-post-thumbnail","6":"kategoria-hurtowni-maski-do-wlosow","7":"kategoria-hurtowni-pielegnacja","8":"kategoria-hurtowni-wlosy","9":"product_brand-fanola","10":"product_cat-primavera","12":"first","13":"outofstock","14":"taxable","15":"shipping-taxable","16":"product-type-simple"},"acf":[],"_links":{"self":[{"href":"https:\/\/premino.pl\/index.php?rest_route=\/wp\/v2\/product\/70237","targetHints":{"allow":["GET"]}}],"collection":[{"href":"https:\/\/premino.pl\/index.php?rest_route=\/wp\/v2\/product"}],"about":[{"href":"https:\/\/premino.pl\/index.php?rest_route=\/wp\/v2\/types\/product"}],"replies":[{"embeddable":true,"href":"https:\/\/premino.pl\/index.php?rest_route=%2Fwp%2Fv2%2Fcomments&post=70237"}],"wp:featuredmedia":[{"embeddable":true,"href":"https:\/\/premino.pl\/index.php?rest_route=\/wp\/v2\/media\/70238"}],"wp:attachment":[{"href":"https:\/\/premino.pl\/index.php?rest_route=%2Fwp%2Fv2%2Fmedia&parent=70237"}],"wp:term":[{"taxonomy":"kategoria-hurtowni","embeddable":true,"href":"https:\/\/premino.pl\/index.php?rest_route=%2Fwp%2Fv2%2Fkategoria-hurtowni&post=70237"},{"taxonomy":"product_brand","embeddable":true,"href":"https:\/\/premino.pl\/index.php?rest_route=%2Fwp%2Fv2%2Fproduct_brand&post=70237"},{"taxonomy":"product_cat","embeddable":true,"href":"https:\/\/premino.pl\/index.php?rest_route=%2Fwp%2Fv2%2Fproduct_cat&post=70237"},{"taxonomy":"product_tag","embeddable":true,"href":"https:\/\/premino.pl\/index.php?rest_route=%2Fwp%2Fv2%2Fproduct_tag&post=70237"}],"curies":[{"name":"wp","href":"https:\/\/api.w.org\/{rel}","templated":true}]}}