{"id":70245,"date":"2026-05-13T20:21:35","date_gmt":"2026-05-13T18:21:35","guid":{"rendered":"https:\/\/premino.pl\/?product=choco-body-set-zestaw-do-kapieli-i-pielegnacji-ciala"},"modified":"2026-05-13T20:21:36","modified_gmt":"2026-05-13T18:21:36","slug":"choco-body-set-zestaw-do-kapieli-i-pielegnacji-ciala","status":"publish","type":"product","link":"https:\/\/premino.pl\/?product=choco-body-set-zestaw-do-kapieli-i-pielegnacji-ciala","title":{"rendered":"Choco Body Set zestaw do k\u0105pieli i piel\u0119gnacji cia\u0142a"},"content":{"rendered":"<p>Odkryj rozkosz czekoladowej piel\u0119gnacji! Zanurz si\u0119 w wyj\u0105tkowym rytuale domowego spa z czekoladowym zestawem do k\u0105pieli i piel\u0119gnacji cia\u0142a. To prawdziwa gratka dla wszystkich, kt\u00f3rzy kochaj\u0105 s\u0142odycz czekolady i chwile pe\u0142ne relaksu.<\/p>\n<p><b>W sk\u0142ad zestawu wchodz\u0105:<\/b><br \/>\u2022 \u017bel pod prysznic \u2013 \u0142agodnie oczyszcza sk\u00f3r\u0119, otulaj\u0105c j\u0105 ciep\u0142ym, apetycznym aromatem.<br \/>\u2022 Balsam do cia\u0142a \u2013 intensywnie nawil\u017ca i od\u017cywia, pozostawiaj\u0105c sk\u00f3r\u0119 jedwabi\u015bcie g\u0142adk\u0105 i pachn\u0105c\u0105 jak deser marze\u0144.<br \/>\u2022 Musuj\u0105ca kula do k\u0105pieli \u2013 zamienia zwyk\u0142\u0105 k\u0105piel w zmys\u0142owe, pachn\u0105ce odpr\u0119\u017cenie.<br \/>\u2022 Mi\u0119kka myjka \u2013 do delikatnego masa\u017cu i skutecznego oczyszczenia sk\u00f3ry.<\/p>\n<p>Ten zestaw to idealny pomys\u0142 na prezent lub rozpieszczaj\u0105cy rytua\u0142 tylko dla Ciebie. Podaruj sobie chwil\u0119 luksusu i pozw\u00f3l, by czekoladowa rozkosz zaw\u0142adn\u0119\u0142a Twoimi zmys\u0142ami.<\/p>\n<p><b>Spos\u00f3b u\u017cycia:<\/b><br \/>Balsam: Niewielk\u0105 ilo\u015b\u0107 balsamu na\u0142\u00f3\u017c na such\u0105 sk\u00f3r\u0119 i delikatnie wmasuj do ca\u0142kowitego wch\u0142oni\u0119cia.<br \/>\u017bel: Niewielk\u0105 ilo\u015b\u0107 \u017celu nanie\u015b na r\u0119k\u0119 lub g\u0105bk\u0119 i rozprowad\u017a na sk\u00f3rze. Spie\u0144, a nast\u0119pnie sp\u0142ucz obficie letni\u0105 wod\u0105.<\/p>\n<p><strong>Dzia\u0142anie:<\/strong> nawil\u017caj\u0105ce, oczyszczaj\u0105ce, od\u015bwie\u017ca<br \/>\n<strong>Gramatura:<\/strong> sztuka<br \/>\n<strong>Konsystencja:<\/strong> balsam, w kulce, \u017cel<br \/>\n<strong>Linie elitarne:<\/strong> nie<br \/>\n<strong>Lokalizacja:<\/strong> ca\u0142e cia\u0142o<br \/>\n<strong>Piel\u0119gnacja cia\u0142a:<\/strong> tak<br \/>\n<strong>Pojemno\u015b\u0107:<\/strong> 4<br \/>\n<strong>P\u0142e\u0107:<\/strong> damski<br \/>\n<strong>S\u0142o\u0144ce:<\/strong> nie<\/p>\n<p><strong>Uwagi:<\/strong><\/p>\n<p>Unika\u0107 kontaktu z oczami. Zaprzesta\u0107 u\u017cywania w razie podra\u017cnienia sk\u00f3ry lub uczulenia na kt\u00f3rykolwiek sk\u0142adnik preparatu.<\/p>\n<p><strong>Sk\u0142adniki:<\/strong><\/p>\n<p>Balsam: Aqua, Glycerin, Brassica Campestris Seed Oil, Glyceryl Stearate Citrate, Hydrogenated Soybean Oil, C12-15 Alkyl Benzoate, Cetearyl Alcohol, Dimethicone, Glyceryl Stearate SE, Mel Extract, Gluconolactone, Calcium Gluconate, Sodium Polyacrylate, Propylene Glycol, Ethylhexylglycerin, Sodium Benzoate, Phenoxyethanol, Parfum, Benzyl Benzoate, Cinnamal, Eugenol, Coumarin, Vanillin, Pinene.<br \/>\u017bel: Aqua, Lauryl Glucoside, Cocamidopropyl Betaine, Glycerin, Aloe Barbadensis Leaf Juice, Trehalose, Panthenol, Citric Acid, Sodium Benzoate, Potassium Sorbate, Parfum, Benzyl Benzoate, Cinnamal, Eugenol.<br \/>Kula do k\u0105pieli: Sodium Bicarbonate, Citric Acid, Sodium Sulfate, Sodium Chloride, Sodium Carbonate, Parfum, CI 42090, CI 9140.<\/p>\n","protected":false},"excerpt":{"rendered":"<p> <strong>Dzia\u0142anie:<\/strong> nawil\u017caj\u0105ce, oczyszczaj\u0105ce, od\u015bwie\u017ca<br \/>  <strong>Gramatura:<\/strong> sztuka<br \/>  <strong>Konsystencja:<\/strong> balsam, w kulce, \u017cel<br \/>  <strong>Linie elitarne:<\/strong> nie<br \/>  <strong>Lokalizacja:<\/strong> ca\u0142e cia\u0142o<br \/>  <strong>Piel\u0119gnacja cia\u0142a:<\/strong> tak<br \/>  <strong>Pojemno\u015b\u0107:<\/strong> 4<br \/>  <strong>P\u0142e\u0107:<\/strong> damski<br \/>  <strong>S\u0142o\u0144ce:<\/strong> nie <\/p>\n","protected":false},"featured_media":70246,"comment_status":"open","ping_status":"closed","template":"","meta":{"_acf_changed":false},"kategoria-hurtowni":[100,165],"product_brand":[295],"product_cat":[76],"product_tag":[],"class_list":{"0":"post-70245","1":"product","2":"type-product","3":"status-publish","4":"has-post-thumbnail","6":"kategoria-hurtowni-eco-bio","7":"kategoria-hurtowni-pielegnacja-ciala-eco-bio","8":"product_brand-hiskin","9":"product_cat-primavera","11":"first","12":"outofstock","13":"taxable","14":"shipping-taxable","15":"product-type-simple"},"acf":[],"_links":{"self":[{"href":"https:\/\/premino.pl\/index.php?rest_route=\/wp\/v2\/product\/70245","targetHints":{"allow":["GET"]}}],"collection":[{"href":"https:\/\/premino.pl\/index.php?rest_route=\/wp\/v2\/product"}],"about":[{"href":"https:\/\/premino.pl\/index.php?rest_route=\/wp\/v2\/types\/product"}],"replies":[{"embeddable":true,"href":"https:\/\/premino.pl\/index.php?rest_route=%2Fwp%2Fv2%2Fcomments&post=70245"}],"wp:featuredmedia":[{"embeddable":true,"href":"https:\/\/premino.pl\/index.php?rest_route=\/wp\/v2\/media\/70246"}],"wp:attachment":[{"href":"https:\/\/premino.pl\/index.php?rest_route=%2Fwp%2Fv2%2Fmedia&parent=70245"}],"wp:term":[{"taxonomy":"kategoria-hurtowni","embeddable":true,"href":"https:\/\/premino.pl\/index.php?rest_route=%2Fwp%2Fv2%2Fkategoria-hurtowni&post=70245"},{"taxonomy":"product_brand","embeddable":true,"href":"https:\/\/premino.pl\/index.php?rest_route=%2Fwp%2Fv2%2Fproduct_brand&post=70245"},{"taxonomy":"product_cat","embeddable":true,"href":"https:\/\/premino.pl\/index.php?rest_route=%2Fwp%2Fv2%2Fproduct_cat&post=70245"},{"taxonomy":"product_tag","embeddable":true,"href":"https:\/\/premino.pl\/index.php?rest_route=%2Fwp%2Fv2%2Fproduct_tag&post=70245"}],"curies":[{"name":"wp","href":"https:\/\/api.w.org\/{rel}","templated":true}]}}