{"id":70261,"date":"2026-05-13T20:21:44","date_gmt":"2026-05-13T18:21:44","guid":{"rendered":"https:\/\/premino.pl\/?product=happy-bath-time-zestaw-wstazki-i-2-kule-do-kapieli"},"modified":"2026-05-13T20:21:44","modified_gmt":"2026-05-13T18:21:44","slug":"happy-bath-time-zestaw-wstazki-i-2-kule-do-kapieli","status":"publish","type":"product","link":"https:\/\/premino.pl\/?product=happy-bath-time-zestaw-wstazki-i-2-kule-do-kapieli","title":{"rendered":"Happy Bath Time zestaw wst\u0105\u017cki i 2 kule do k\u0105pieli"},"content":{"rendered":"<p><b>Kolorowe wst\u0105\u017cki do K\u0105pieli dla Dzieci<br \/><\/b>Wprowad\u017a wyj\u0105tkowy element do wieczornego rytua\u0142u k\u0105pielowego dzi\u0119ki kolorowym wst\u0105\u017ck\u0105 do k\u0105pieli. To innowacyjna forma zabawy, kt\u00f3ra zachwyci ka\u017cde dziecko. Wst\u0105\u017cki barwi\u0105 wod\u0119, tworz\u0105c ciekawy efekt wizualny i dodaj\u0105c k\u0105pieli odrobin\u0119 kreatywno\u015bci. Dzi\u0119ki nim ka\u017cda k\u0105piel b\u0119dzie jeszcze bardziej radosna i relaksuj\u0105ca.<\/p>\n<p><b>Spos\u00f3b u\u017cycia:<\/b><br \/>Kolorowe wst\u0105\u017cki:\u00a0Wyjmij wst\u0105\u017cki z pojemnika i wrzu\u0107 je do ciep\u0142ej wody. Obserwuj, jak wst\u0105\u017cki rozpuszczaj\u0105 si\u0119 i barwi\u0105 wod\u0119.<br \/>Kule do k\u0105pieli:\u00a0Wyjmij kul\u0119 z folii ochronnej i wrzu\u0107 j\u0105 do wanny wype\u0142nionej ciep\u0142\u0105 wod\u0105.<\/p>\n<p><strong>Dla dzieci:<\/strong> Tak<br \/>\n<strong>Dzia\u0142anie:<\/strong> relaksuj\u0105ce, zmi\u0119kcza<br \/>\n<strong>Gramatura:<\/strong> sztuka<br \/>\n<strong>Konsystencja:<\/strong> w kulce<br \/>\n<strong>Linie elitarne:<\/strong> nie<br \/>\n<strong>Lokalizacja:<\/strong> ca\u0142e cia\u0142o<br \/>\n<strong>Piel\u0119gnacja cia\u0142a:<\/strong> tak<br \/>\n<strong>Pojemno\u015b\u0107:<\/strong> 3<br \/>\n<strong>P\u0142e\u0107:<\/strong> unisex<br \/>\n<strong>S\u0142o\u0144ce:<\/strong> nie<\/p>\n<p><strong>Uwagi:<\/strong><\/p>\n<p>Unika\u0107 kontaktu z oczami.<\/p>\n<p><strong>Sk\u0142adniki:<\/strong><\/p>\n<p>Kolorowe wst\u0105\u017cki: Sodium C14-16 olefin sulfonate, Polyvinyl alcohol, Zea mays starch, Aqua, Cocamide DEA, Glycerin, Lanolin, Sodium PCA.<br \/>Kule do k\u0105pieli: Sodium Bicarbonate, Isopropyl Alcohol, Magnesium Sulfate, Sodium Carbonate, CI 17200, CI 42090, Sodium Sulfate, PEG-12.<\/p>\n","protected":false},"excerpt":{"rendered":"<p> <strong>Dla dzieci:<\/strong> Tak<br \/>  <strong>Dzia\u0142anie:<\/strong> relaksuj\u0105ce, zmi\u0119kcza<br \/>  <strong>Gramatura:<\/strong> sztuka<br \/>  <strong>Konsystencja:<\/strong> w kulce<br \/>  <strong>Linie elitarne:<\/strong> nie<br \/>  <strong>Lokalizacja:<\/strong> ca\u0142e cia\u0142o<br \/>  <strong>Piel\u0119gnacja cia\u0142a:<\/strong> tak<br \/>  <strong>Pojemno\u015b\u0107:<\/strong> 3<br \/>  <strong>P\u0142e\u0107:<\/strong> unisex<br \/>  <strong>S\u0142o\u0144ce:<\/strong> nie <\/p>\n","protected":false},"featured_media":70262,"comment_status":"open","ping_status":"closed","template":"","meta":{"_acf_changed":false},"kategoria-hurtowni":[100,165],"product_brand":[295],"product_cat":[76],"product_tag":[],"class_list":{"0":"post-70261","1":"product","2":"type-product","3":"status-publish","4":"has-post-thumbnail","6":"kategoria-hurtowni-eco-bio","7":"kategoria-hurtowni-pielegnacja-ciala-eco-bio","8":"product_brand-hiskin","9":"product_cat-primavera","11":"first","12":"outofstock","13":"taxable","14":"shipping-taxable","15":"product-type-simple"},"acf":[],"_links":{"self":[{"href":"https:\/\/premino.pl\/index.php?rest_route=\/wp\/v2\/product\/70261","targetHints":{"allow":["GET"]}}],"collection":[{"href":"https:\/\/premino.pl\/index.php?rest_route=\/wp\/v2\/product"}],"about":[{"href":"https:\/\/premino.pl\/index.php?rest_route=\/wp\/v2\/types\/product"}],"replies":[{"embeddable":true,"href":"https:\/\/premino.pl\/index.php?rest_route=%2Fwp%2Fv2%2Fcomments&post=70261"}],"wp:featuredmedia":[{"embeddable":true,"href":"https:\/\/premino.pl\/index.php?rest_route=\/wp\/v2\/media\/70262"}],"wp:attachment":[{"href":"https:\/\/premino.pl\/index.php?rest_route=%2Fwp%2Fv2%2Fmedia&parent=70261"}],"wp:term":[{"taxonomy":"kategoria-hurtowni","embeddable":true,"href":"https:\/\/premino.pl\/index.php?rest_route=%2Fwp%2Fv2%2Fkategoria-hurtowni&post=70261"},{"taxonomy":"product_brand","embeddable":true,"href":"https:\/\/premino.pl\/index.php?rest_route=%2Fwp%2Fv2%2Fproduct_brand&post=70261"},{"taxonomy":"product_cat","embeddable":true,"href":"https:\/\/premino.pl\/index.php?rest_route=%2Fwp%2Fv2%2Fproduct_cat&post=70261"},{"taxonomy":"product_tag","embeddable":true,"href":"https:\/\/premino.pl\/index.php?rest_route=%2Fwp%2Fv2%2Fproduct_tag&post=70261"}],"curies":[{"name":"wp","href":"https:\/\/api.w.org\/{rel}","templated":true}]}}