{"id":70337,"date":"2026-05-13T20:22:22","date_gmt":"2026-05-13T18:22:22","guid":{"rendered":"https:\/\/premino.pl\/?product=eye-fusion-serum-liftingujace-pod-oczy-i-na-powieki-15ml"},"modified":"2026-05-13T20:22:22","modified_gmt":"2026-05-13T18:22:22","slug":"eye-fusion-serum-liftingujace-pod-oczy-i-na-powieki-15ml","status":"publish","type":"product","link":"https:\/\/premino.pl\/?product=eye-fusion-serum-liftingujace-pod-oczy-i-na-powieki-15ml","title":{"rendered":"Eye Fusion serum liftinguj\u0105ce pod oczy i na powieki 15ml"},"content":{"rendered":"<p>Linia EYE FUSION, to zaawansowana piel\u0119gnacja dla sk\u00f3ry wok\u00f3\u0142 oczu. Skuteczna dzi\u0119ki wysokim st\u0119\u017ceniom sk\u0142adnik\u00f3w aktywnych. Efekty widoczne s\u0105 ju\u017c od<br \/>pierwszego u\u017cycia. Kosmetyki zachwycaj\u0105 przyjemno\u015bci\u0105 stosowania.<\/p>\n<p>Serum dla wymagaj\u0105cej sk\u00f3ry wok\u00f3\u0142 oczu. Silnie skoncentrowany kosmetyk, kt\u00f3ry natychmiastowo poprawia napi\u0119cie i wyg\u0142adza. Redukuje zmarszczki, worki i cienie.<\/p>\n<p><b>Innowacyjna technologia aminokwasowa<\/b><br \/>To technologia wykorzystuj\u0105ca aminokwasy jako aktywn\u0105 baz\u0119 produktu. Dzi\u0119ki temu, ju\u017c na poziomie bazy kosmetyk dzia\u0142a aktywnie i jest biozgodny ze<br \/>sk\u00f3r\u0105. Zostaje zwi\u0119kszona jego skuteczno\u015b\u0107, a tak\u017ce przyjemno\u015b\u0107 stosowania!<\/p>\n<p><b>Sk\u0142adniki aktywne:<\/b><br \/>\u25cf 0,2% dipeptyd pro-age (100% zalecanego st\u0119\u017cenia) \u2013 dzia\u0142a przeciwstarzeniowo stymuluj\u0105c produkcj\u0119 kolagenu w sk\u00f3rze oraz chroni bia\u0142ka podporowe przed<br \/>degradacj\u0105,<br \/>\u25cf 3% pro kofeina \u2013 innowacyjna, wektorowa forma o zwi\u0119kszonej biodost\u0119pno\u015bci i stabilno\u015bci. Dzia\u0142a przeciwzmarszczkowo, uj\u0119drniaj\u0105co, hamuje degradacj\u0119 kolagenu, redukuje cienie i worki pod oczami.<br \/>\u25cf 2% lipo-lift \u2013 natychmiastowo poprawia napi\u0119cie sk\u00f3ry, wyg\u0142adza i redukuje kurze \u0142apki.<br \/>\u25cf 1,5% ekstrakt z czarnego bzu (100% zalecanego st\u0119\u017cenia) \u2013 zmniejsza widoczno\u015b\u0107 cieni pod oczami i redukuje worki, poprawia napi\u0119cie sk\u00f3ry i dzia\u0142a antyoksydacyjnie.<\/p>\n<p><b>Dzia\u0142anie potwierdzone w badaniach aplikacyjnych po 1. u\u017cyciu:<\/b><br \/>\u2022 natychmiastowo poprawia napi\u0119cie,<br \/>\u2022 wyg\u0142adza sk\u00f3r\u0119.<\/p>\n<p><b>Dzia\u0142anie potwierdzone w badaniach aplikacyjnych po 4 tyg. stosowania:<\/b><br \/>\u2022 redukuje cienie i worki pod oczami,<br \/>\u2022 zmniejsza widoczno\u015b\u0107 drobnych linii i zmarszczek.<\/p>\n<p><b>Spos\u00f3b u\u017cycia:<\/b>\u00a0Serum nak\u0142adaj rano i\/lub wieczorem na oczyszczon\u0105 sk\u00f3r\u0119 wok\u00f3\u0142 oczu. Dla najlepszych efekt\u00f3w stosuj z innymi kosmetykami z linii EYE FUSION.<\/p>\n<p><strong>Dla dzieci:<\/strong> Nie<br \/>\n<strong>Dzia\u0142anie:<\/strong> liftuj\u0105ce, napina, nawil\u017caj\u0105ce, redukuje cienie i obrz\u0119ki, redukuje zmarszczki, uelastycznia, uj\u0119drnia, wyg\u0142adza, zmi\u0119kcza<br \/>\n<strong>Gramatura:<\/strong> ml<br \/>\n<strong>Konsystencja:<\/strong> emulsja<br \/>\n<strong>Linie elitarne:<\/strong> nie<br \/>\n<strong>Piel\u0119gnacja specyficzna:<\/strong> serum<br \/>\n<strong>Pojemno\u015b\u0107:<\/strong> 15<br \/>\n<strong>Pora stosowania:<\/strong> dowolnie<br \/>\n<strong>P\u0142e\u0107:<\/strong> damski<br \/>\n<strong>Rodzaj sk\u00f3ry:<\/strong> dojrza\u0142a<br \/>\n<strong>S\u0142o\u0144ce:<\/strong> nie<\/p>\n<p><strong>Uwagi:<\/strong><\/p>\n<p>Zaprzesta\u0144 stosowania przy wyst\u0105pieniu reakcji niepo\u017c\u0105danych.<\/p>\n<p><strong>Sk\u0142adniki:<\/strong><\/p>\n<p>AQUA,  ETHYLHEXYL PELARGONATE, GLYCERIN, SQUALANE, CARTHAMUS TINCTORIUS SEED OIL,  HYDROGENATED VEGETABLE OIL, PRUNUS AMYGDALUS DULCIS OIL, CETEARYL ALCOHOL,  CAFFEINE, CAESALPINIA SPINOSA FRUIT EXTRACT, LAUROYL LYSINE, PULLULAN,  SPILANTHES ACMELLA FLOWER\/LEAF\/STEM EXTRACT, SILOXANETRIOL ALGINATE,  CARNOSINE, KAPPAPHYCUS ALVAREZII EXTRACT, SAMBUCUS NIGRA FLOWER EXTRACT,  ASTRAGALUS MEMBRANACEUS ROOT EXTRACT, UBIQUINONE, HIPPOPHAE RHAMNOIDES FRUIT  OIL, SODIUM STEAROYL GLUTAMATE, PROPANEDIOL, CITRUS TANGERINA PEEL OIL,  SILICA, XANTHAN GUM, HECTORITE, ALLANTOIN, BUTYLENE GLYCOL, TOCOPHEROL,  TOCOPHERYL ACETATE, TETRASODIUM GLUTAMATE DIACETATE, LACTIC ACID,  DEHYDROACETIC ACID, BENZYL ALCOHOL, LIMONENE, LINALOOL<\/p>\n","protected":false},"excerpt":{"rendered":"<p> <strong>Dla dzieci:<\/strong> Nie<br \/>  <strong>Dzia\u0142anie:<\/strong> liftuj\u0105ce, napina, nawil\u017caj\u0105ce, redukuje cienie i obrz\u0119ki, redukuje zmarszczki, uelastycznia, uj\u0119drnia, wyg\u0142adza, zmi\u0119kcza<br \/>  <strong>Gramatura:<\/strong> ml<br \/>  <strong>Konsystencja:<\/strong> emulsja<br \/>  <strong>Linie elitarne:<\/strong> nie<br \/>  <strong>Piel\u0119gnacja specyficzna:<\/strong> serum<br \/>  <strong>Pojemno\u015b\u0107:<\/strong> 15<br \/>  <strong>Pora stosowania:<\/strong> dowolnie<br \/>  <strong>P\u0142e\u0107:<\/strong> damski<br \/>  <strong>Rodzaj sk\u00f3ry:<\/strong> dojrza\u0142a<br \/>  <strong>S\u0142o\u0144ce:<\/strong> nie <\/p>\n","protected":false},"featured_media":70338,"comment_status":"open","ping_status":"closed","template":"","meta":{"_acf_changed":false},"kategoria-hurtowni":[100,164,101],"product_brand":[489],"product_cat":[76],"product_tag":[],"class_list":{"0":"post-70337","1":"product","2":"type-product","3":"status-publish","4":"has-post-thumbnail","6":"kategoria-hurtowni-eco-bio","7":"kategoria-hurtowni-oczy","8":"kategoria-hurtowni-pielegnacja-twarzy","9":"product_brand-uzdrovisco","10":"product_cat-primavera","12":"first","13":"outofstock","14":"taxable","15":"shipping-taxable","16":"product-type-simple"},"acf":[],"_links":{"self":[{"href":"https:\/\/premino.pl\/index.php?rest_route=\/wp\/v2\/product\/70337","targetHints":{"allow":["GET"]}}],"collection":[{"href":"https:\/\/premino.pl\/index.php?rest_route=\/wp\/v2\/product"}],"about":[{"href":"https:\/\/premino.pl\/index.php?rest_route=\/wp\/v2\/types\/product"}],"replies":[{"embeddable":true,"href":"https:\/\/premino.pl\/index.php?rest_route=%2Fwp%2Fv2%2Fcomments&post=70337"}],"wp:featuredmedia":[{"embeddable":true,"href":"https:\/\/premino.pl\/index.php?rest_route=\/wp\/v2\/media\/70338"}],"wp:attachment":[{"href":"https:\/\/premino.pl\/index.php?rest_route=%2Fwp%2Fv2%2Fmedia&parent=70337"}],"wp:term":[{"taxonomy":"kategoria-hurtowni","embeddable":true,"href":"https:\/\/premino.pl\/index.php?rest_route=%2Fwp%2Fv2%2Fkategoria-hurtowni&post=70337"},{"taxonomy":"product_brand","embeddable":true,"href":"https:\/\/premino.pl\/index.php?rest_route=%2Fwp%2Fv2%2Fproduct_brand&post=70337"},{"taxonomy":"product_cat","embeddable":true,"href":"https:\/\/premino.pl\/index.php?rest_route=%2Fwp%2Fv2%2Fproduct_cat&post=70337"},{"taxonomy":"product_tag","embeddable":true,"href":"https:\/\/premino.pl\/index.php?rest_route=%2Fwp%2Fv2%2Fproduct_tag&post=70337"}],"curies":[{"name":"wp","href":"https:\/\/api.w.org\/{rel}","templated":true}]}}