{"id":70429,"date":"2026-05-13T20:23:04","date_gmt":"2026-05-13T18:23:04","guid":{"rendered":"https:\/\/premino.pl\/?product=aperitivo-in-terrazza-swieca-zapachowa-200g"},"modified":"2026-05-13T20:23:05","modified_gmt":"2026-05-13T18:23:05","slug":"aperitivo-in-terrazza-swieca-zapachowa-200g","status":"publish","type":"product","link":"https:\/\/premino.pl\/?product=aperitivo-in-terrazza-swieca-zapachowa-200g","title":{"rendered":"Aperitivo in Terrazza \u015bwieca zapachowa 200g"},"content":{"rendered":"<p>Wype\u0142nij sw\u00f3j dom nut\u0105 w\u0142oskiego stylu i beztroskiej elegancji dzi\u0119ki \u015bwiecy Aperitivo in Terrazza, kt\u00f3ra roztacza aromat musuj\u0105cych cytrus\u00f3w, przywo\u0142uj\u0105c klimat letniego popo\u0142udnia na s\u0142onecznym tarasie.<\/p>\n<p><b>Czas palenia: <\/b>do 50 godzin<\/p>\n<p><b>Nuty zapachowe: <\/b>destylowany olejek eteryczny z limonki, olejek eteryczny z pomara\u0144czy krwistej, olejek eteryczny z grejpfruta, absolut z goryczki, olejek eteryczny z cynamonu cejlo\u0144skiego<\/p>\n<p><strong>Gramatura:<\/strong> g<br \/>\n<strong>Linia k\u0105pielowa:<\/strong> \u015bwieczka zapachowa<br \/>\n<strong>Nuta g\u0142\u00f3wna:<\/strong> cytrusowe, korzenne<br \/>\n<strong>Pojemno\u015b\u0107:<\/strong> 200<br \/>\n<strong>P\u0142e\u0107:<\/strong> unisex<\/p>\n<p><strong>Uwagi:<\/strong><\/p>\n<p>WA\u017bNE \u2013 \u015aRODKI OSTRO\u017bNO\u015aCI PRZY STOSOWANIU: Aby zapewni\u0107 najlepsze wra\u017cenia z u\u017cytkowania \u015bwiecy zapachowej, Acqua di Parma zaleca si\u0119: Nie pal \u015bwiecy d\u0142u\u017cej ni\u017c 1,5 godziny na raz. Zapobiegnie to zbyt wysokiemu p\u0142omieniowi, kt\u00f3ry wytwarza dym i mo\u017ce plami\u0107 boki szk\u0142a. U\u017cyj odpowiedniego gasid\u0142a, aby ugasi\u0107 p\u0142omie\u0144. Pozw\u00f3l \u015bwiecy stwardnie\u0107 przed ponownym zapaleniem. Wyprostuj knot w wosku po ka\u017cdym u\u017cyciu, aby uzyska\u0107 r\u00f3wnomierne zu\u017cycie wosku. Regularnie przycinaj knot trymerem (najlepiej o d\u0142ugo\u015bci 5 mm), aby nie przykleja\u0142 si\u0119 do wosku i aby \u015bwieca nie wydziela\u0142a dymu. Utrzymuj wosk w czysto\u015bci, bez zapa\u0142ek i zanieczyszcze\u0144. Nie u\u017cywaj \u015bwiecy, je\u015bli poziom wosku w szkle jest mniejszy ni\u017c 5 mm.\u2022 Nie pozostawiaj pal\u0105cej si\u0119 \u015bwiecy bez nadzoru. Trzymaj z dala od dzieci, zas\u0142on i zwierz\u0105t domowych. Nie przeno\u015b pal\u0105cej si\u0119 \u015bwiecy lub gdy wosk jest jeszcze gor\u0105cy. Poczekaj, a\u017c wosk stwardnieje. Nie umieszczaj \u015bwiecy na powierzchniach wra\u017cliwych na ciep\u0142o, w pobli\u017cu materia\u0142\u00f3w \u0142atwopalnych, otwartego okna lub w pobli\u017cu innych \u015bwiec.<\/p>\n<p><strong>Sk\u0142adniki:<\/strong><\/p>\n<p>wosk, parafina, bawe\u0142niany knot<\/p>\n","protected":false},"excerpt":{"rendered":"<p> <strong>Gramatura:<\/strong> g<br \/>  <strong>Linia k\u0105pielowa:<\/strong> \u015bwieczka zapachowa<br \/>  <strong>Nuta g\u0142\u00f3wna:<\/strong> cytrusowe, korzenne<br \/>  <strong>Pojemno\u015b\u0107:<\/strong> 200<br \/>  <strong>P\u0142e\u0107:<\/strong> unisex <\/p>\n","protected":false},"featured_media":70430,"comment_status":"open","ping_status":"closed","template":"","meta":{"_acf_changed":false},"kategoria-hurtowni":[120,87],"product_brand":[354],"product_cat":[76],"product_tag":[],"class_list":{"0":"post-70429","1":"product","2":"type-product","3":"status-publish","4":"has-post-thumbnail","6":"kategoria-hurtowni-linia-kapielowa","7":"kategoria-hurtowni-perfumy","8":"product_brand-acqua-di-parma","9":"product_cat-primavera","11":"first","12":"outofstock","13":"taxable","14":"shipping-taxable","15":"product-type-simple"},"acf":[],"_links":{"self":[{"href":"https:\/\/premino.pl\/index.php?rest_route=\/wp\/v2\/product\/70429","targetHints":{"allow":["GET"]}}],"collection":[{"href":"https:\/\/premino.pl\/index.php?rest_route=\/wp\/v2\/product"}],"about":[{"href":"https:\/\/premino.pl\/index.php?rest_route=\/wp\/v2\/types\/product"}],"replies":[{"embeddable":true,"href":"https:\/\/premino.pl\/index.php?rest_route=%2Fwp%2Fv2%2Fcomments&post=70429"}],"wp:featuredmedia":[{"embeddable":true,"href":"https:\/\/premino.pl\/index.php?rest_route=\/wp\/v2\/media\/70430"}],"wp:attachment":[{"href":"https:\/\/premino.pl\/index.php?rest_route=%2Fwp%2Fv2%2Fmedia&parent=70429"}],"wp:term":[{"taxonomy":"kategoria-hurtowni","embeddable":true,"href":"https:\/\/premino.pl\/index.php?rest_route=%2Fwp%2Fv2%2Fkategoria-hurtowni&post=70429"},{"taxonomy":"product_brand","embeddable":true,"href":"https:\/\/premino.pl\/index.php?rest_route=%2Fwp%2Fv2%2Fproduct_brand&post=70429"},{"taxonomy":"product_cat","embeddable":true,"href":"https:\/\/premino.pl\/index.php?rest_route=%2Fwp%2Fv2%2Fproduct_cat&post=70429"},{"taxonomy":"product_tag","embeddable":true,"href":"https:\/\/premino.pl\/index.php?rest_route=%2Fwp%2Fv2%2Fproduct_tag&post=70429"}],"curies":[{"name":"wp","href":"https:\/\/api.w.org\/{rel}","templated":true}]}}