{"id":70977,"date":"2026-05-13T20:27:19","date_gmt":"2026-05-13T18:27:19","guid":{"rendered":"https:\/\/premino.pl\/?product=gentleman-society-woda-perfumowana-spray-200ml"},"modified":"2026-05-13T20:27:21","modified_gmt":"2026-05-13T18:27:21","slug":"gentleman-society-woda-perfumowana-spray-200ml","status":"publish","type":"product","link":"https:\/\/premino.pl\/?product=gentleman-society-woda-perfumowana-spray-200ml","title":{"rendered":"Gentleman Society woda perfumowana spray 200ml"},"content":{"rendered":"<p>Woda perfumowana Gentleman Society to zapach dla m\u0119\u017cczyzn, kt\u00f3ry pokazuje co to znaczy by\u0107 d\u017centelmenem w dzisiejszym \u015bwiecie.<\/p>\n<p><b>Nuty zapachowe:<br \/><\/b><br \/><b>Nuta g\u0142owy: <\/b>sza\u0142wia, kardamon<br \/><b>Nuta serca: <\/b>francuski narcyz, madagaskarska wetyweria, nuty kwiatowe, haita\u0144ska wetyweria<br \/><b>Nuta bazy: <\/b>gwajakowiec lekarski, wanilia, cedr<\/p>\n<p><strong>Gramatura:<\/strong> ml<br \/>\n<strong>Linia k\u0105pielowa:<\/strong> nie<br \/>\n<strong>Miniatura:<\/strong> nie<br \/>\n<strong>Nuta bazy:<\/strong> cedr, gwajakowiec lekarski, wanilia<br \/>\n<strong>Nuta g\u0142owy:<\/strong> kardamon, sza\u0142wia<br \/>\n<strong>Nuta g\u0142\u00f3wna:<\/strong> aromatyczne<br \/>\n<strong>Nuta serca:<\/strong> francuski narcyz, haita\u0144ska wetyweria, madagaskarska wetyweria, nuty kwiatowe<br \/>\n<strong>Pojemno\u015b\u0107:<\/strong> 200<br \/>\n<strong>Produkt rzadki:<\/strong> nie<br \/>\n<strong>Pr\u00f3bka:<\/strong> nie<br \/>\n<strong>P\u0142e\u0107:<\/strong> m\u0119ski<br \/>\n<strong>Rodzaj:<\/strong> woda perfumowana<br \/>\n<strong>Tester:<\/strong> nie<br \/>\n<strong>Zapach alternatywny:<\/strong> nie<br \/>\n<strong>Zestaw:<\/strong> nie<\/p>\n<p><strong>Uwagi:<\/strong><\/p>\n<p>Produkt przechowywa\u0107 z dala od ognia i \u017ar\u00f3de\u0142 ciep\u0142a. Trzyma\u0107 w miejscu niedost\u0119pnym dla dzieci. Nie stosowa\u0107 na podra\u017cnion\u0105 lub uszkodzon\u0105 sk\u00f3r\u0119. Unika\u0107 kontaktu z oczami.<\/p>\n<p><strong>Sk\u0142adniki:<\/strong><\/p>\n<p>ALCOHOL \u2022 PARFUM (FRAGRANCE) \u2022 AQUA (WATER) \u2022 LIMONENE \u2022 LINALOOL \u2022 COUMARIN \u2022 BUTYL METHOXYDIBENZOYLMETHANE \u2022 ALPHA-ISOMETHYL IONONE \u2022 CITRAL \u2022 GERANIOL \u2022 CITRONELLOL \u2022 EUGENOL<\/p>\n","protected":false},"excerpt":{"rendered":"<p> <strong>Gramatura:<\/strong> ml<br \/>  <strong>Linia k\u0105pielowa:<\/strong> nie<br \/>  <strong>Miniatura:<\/strong> nie<br \/>  <strong>Nuta bazy:<\/strong> cedr, gwajakowiec lekarski, wanilia<br \/>  <strong>Nuta g\u0142owy:<\/strong> kardamon, sza\u0142wia<br \/>  <strong>Nuta g\u0142\u00f3wna:<\/strong> aromatyczne<br \/>  <strong>Nuta serca:<\/strong> francuski narcyz, haita\u0144ska wetyweria, madagaskarska wetyweria, nuty kwiatowe<br \/>  <strong>Pojemno\u015b\u0107:<\/strong> 200<br \/>  <strong>Produkt rzadki:<\/strong> nie<br \/>  <strong>Pr\u00f3bka:<\/strong> nie<br \/>  <strong>P\u0142e\u0107:<\/strong> m\u0119ski<br \/>  <strong>Rodzaj:<\/strong> woda perfumowana<br \/>  <strong>Tester:<\/strong> nie<br \/>  <strong>Zapach alternatywny:<\/strong> nie<br \/>  <strong>Zestaw:<\/strong> nie <\/p>\n","protected":false},"featured_media":70978,"comment_status":"open","ping_status":"closed","template":"","meta":{"_acf_changed":false},"kategoria-hurtowni":[87,88],"product_brand":[344],"product_cat":[76],"product_tag":[],"class_list":{"0":"post-70977","1":"product","2":"type-product","3":"status-publish","4":"has-post-thumbnail","6":"kategoria-hurtowni-perfumy","7":"kategoria-hurtowni-zapachy","8":"product_brand-givenchy","9":"product_cat-primavera","11":"first","12":"outofstock","13":"taxable","14":"shipping-taxable","15":"product-type-simple"},"acf":[],"_links":{"self":[{"href":"https:\/\/premino.pl\/index.php?rest_route=\/wp\/v2\/product\/70977","targetHints":{"allow":["GET"]}}],"collection":[{"href":"https:\/\/premino.pl\/index.php?rest_route=\/wp\/v2\/product"}],"about":[{"href":"https:\/\/premino.pl\/index.php?rest_route=\/wp\/v2\/types\/product"}],"replies":[{"embeddable":true,"href":"https:\/\/premino.pl\/index.php?rest_route=%2Fwp%2Fv2%2Fcomments&post=70977"}],"wp:featuredmedia":[{"embeddable":true,"href":"https:\/\/premino.pl\/index.php?rest_route=\/wp\/v2\/media\/70978"}],"wp:attachment":[{"href":"https:\/\/premino.pl\/index.php?rest_route=%2Fwp%2Fv2%2Fmedia&parent=70977"}],"wp:term":[{"taxonomy":"kategoria-hurtowni","embeddable":true,"href":"https:\/\/premino.pl\/index.php?rest_route=%2Fwp%2Fv2%2Fkategoria-hurtowni&post=70977"},{"taxonomy":"product_brand","embeddable":true,"href":"https:\/\/premino.pl\/index.php?rest_route=%2Fwp%2Fv2%2Fproduct_brand&post=70977"},{"taxonomy":"product_cat","embeddable":true,"href":"https:\/\/premino.pl\/index.php?rest_route=%2Fwp%2Fv2%2Fproduct_cat&post=70977"},{"taxonomy":"product_tag","embeddable":true,"href":"https:\/\/premino.pl\/index.php?rest_route=%2Fwp%2Fv2%2Fproduct_tag&post=70977"}],"curies":[{"name":"wp","href":"https:\/\/api.w.org\/{rel}","templated":true}]}}