{"id":71459,"date":"2026-05-13T20:31:34","date_gmt":"2026-05-13T18:31:34","guid":{"rendered":"https:\/\/premino.pl\/?product=kreatyna-monohydrat-kreatyny-suplement-diety-w-proszku-150g"},"modified":"2026-05-13T20:31:35","modified_gmt":"2026-05-13T18:31:35","slug":"kreatyna-monohydrat-kreatyny-suplement-diety-w-proszku-150g","status":"publish","type":"product","link":"https:\/\/premino.pl\/?product=kreatyna-monohydrat-kreatyny-suplement-diety-w-proszku-150g","title":{"rendered":"Kreatyna monohydrat kreatyny suplement diety w proszku 150g"},"content":{"rendered":"<p><b>Kreatyna \u2013 Czysta moc, maksymalne wsparcie<br \/><\/b>Kreatyna to wysokiej jako\u015bci suplement diety zawieraj\u0105cy czysty monohydrat kreatyny w formie \u0142atwo rozpuszczalnego proszku. To doskona\u0142a propozycja dla os\u00f3b aktywnych fizycznie, kt\u00f3re chc\u0105 w naturalny spos\u00f3b wspiera\u0107 swoj\u0105 si\u0142\u0119, wytrzyma\u0142o\u015b\u0107 i regeneracj\u0119 \u2013 bez zb\u0119dnych dodatk\u00f3w.<\/p>\n<p>Ka\u017cda porcja dostarcza 4830 mg monohydratu kreatyny, w tym a\u017c 4250 mg czystej kreatyny, jednej z najlepiej przebadanych i najcz\u0119\u015bciej wybieranych form tego sk\u0142adnika. Monohydrat kreatyny znany jest z wysokiej biodost\u0119pno\u015bci i skuteczno\u015bci, dzi\u0119ki czemu \u015bwietnie sprawdza si\u0119 zar\u00f3wno u pocz\u0105tkuj\u0105cych, jak i zaawansowanych u\u017cytkownik\u00f3w.<\/p>\n<p>Dodatkowo formu\u0142\u0119 wzbogacono o 56,25 mg magnezu (15% RWS), kt\u00f3ry wspiera prawid\u0142owe funkcjonowanie mi\u0119\u015bni i uk\u0142adu nerwowego oraz pomaga w utrzymaniu r\u00f3wnowagi elektrolitowej. W po\u0142\u0105czeniu z kreatyn\u0105 stanowi cenne wsparcie dla os\u00f3b intensywnie trenuj\u0105cych.<\/p>\n<p>Kreatyna jest dost\u0119pna w wygodnej formie proszku, kt\u00f3ry \u0142atwo miesza si\u0119 z wod\u0105 lub ulubionym napojem. Opakowanie zawiera 30 porcji, a do\u0142\u0105czona miarka u\u0142atwia precyzyjne dawkowanie i codzienne stosowanie.<\/p>\n<p><b>Zalecane spo\u017cycie:<\/b>\u00a0<br \/>Jedn\u0105 porcj\u0119 produktu (5 g proszku, 1 pe\u0142na miarka) wymiesza\u0107 w 200 ml wody lub ulubionego napoju. Spo\u017cywa\u0107 1 raz dziennie.<\/p>\n<p><strong>Forma podania:<\/strong> proszek<br \/>\n<strong>Gramatura:<\/strong> g<br \/>\n<strong>Pojemno\u015b\u0107:<\/strong> 150<br \/>\n<strong>P\u0142e\u0107:<\/strong> unisex<br \/>\n<strong>Rodzaj:<\/strong> pozosta\u0142e<\/p>\n<p><strong>Uwagi:<\/strong><\/p>\n<p>Nie nale\u017cy przekracza\u0107 zalecanej dziennej porcji. Suplement diety nie mo\u017ce by\u0107 stosowany jako substytut (zamiennik) zr\u00f3\u017cnicowanej diety. Zr\u00f3wnowa\u017cony spos\u00f3b \u017cywienia i prawid\u0142owy tryb \u017cycia jest wa\u017cny dla funkcjonowania organizmu. Przechowywa\u0107 w szczelnie zamkni\u0119tym opakowaniu, w temperaturze pokojowej 15\u201125\u00b0C, w suchym miejscu, w spos\u00f3b niedost\u0119pny dla ma\u0142ych dzieci. Chroni\u0107 od wilgoci i \u015bwiat\u0142a. Nie stosowa\u0107 w przypadku nadwra\u017cliwo\u015bci na kt\u00f3rykolwiek ze sk\u0142adnik\u00f3w. W przypadku wyst\u0119powania chor\u00f3b lub stosowania produkt\u00f3w leczniczych skonsultowa\u0107 przyjmowanie suplementu diety z lekarzem. Nie stosowa\u0107 u dzieci, kobiet w ci\u0105\u017cy i w trakcie laktacji.<\/p>\n<p><strong>Sk\u0142adniki:<\/strong><\/p>\n<p>Monohydrat kreatyny, wodorotlenek magnezu (magnez) Aquamin\u00ae.<\/p>\n","protected":false},"excerpt":{"rendered":"<p> <strong>Forma podania:<\/strong> proszek<br \/>  <strong>Gramatura:<\/strong> g<br \/>  <strong>Pojemno\u015b\u0107:<\/strong> 150<br \/>  <strong>P\u0142e\u0107:<\/strong> unisex<br \/>  <strong>Rodzaj:<\/strong> pozosta\u0142e <\/p>\n","protected":false},"featured_media":71460,"comment_status":"open","ping_status":"closed","template":"","meta":{"_acf_changed":false},"kategoria-hurtowni":[206,205],"product_brand":[1127],"product_cat":[76],"product_tag":[],"class_list":{"0":"post-71459","1":"product","2":"type-product","3":"status-publish","4":"has-post-thumbnail","6":"kategoria-hurtowni-suplementy-diety","7":"kategoria-hurtowni-zdrowie","8":"product_brand-ownwai","9":"product_cat-primavera","11":"first","12":"outofstock","13":"taxable","14":"shipping-taxable","15":"product-type-simple"},"acf":[],"_links":{"self":[{"href":"https:\/\/premino.pl\/index.php?rest_route=\/wp\/v2\/product\/71459","targetHints":{"allow":["GET"]}}],"collection":[{"href":"https:\/\/premino.pl\/index.php?rest_route=\/wp\/v2\/product"}],"about":[{"href":"https:\/\/premino.pl\/index.php?rest_route=\/wp\/v2\/types\/product"}],"replies":[{"embeddable":true,"href":"https:\/\/premino.pl\/index.php?rest_route=%2Fwp%2Fv2%2Fcomments&post=71459"}],"wp:featuredmedia":[{"embeddable":true,"href":"https:\/\/premino.pl\/index.php?rest_route=\/wp\/v2\/media\/71460"}],"wp:attachment":[{"href":"https:\/\/premino.pl\/index.php?rest_route=%2Fwp%2Fv2%2Fmedia&parent=71459"}],"wp:term":[{"taxonomy":"kategoria-hurtowni","embeddable":true,"href":"https:\/\/premino.pl\/index.php?rest_route=%2Fwp%2Fv2%2Fkategoria-hurtowni&post=71459"},{"taxonomy":"product_brand","embeddable":true,"href":"https:\/\/premino.pl\/index.php?rest_route=%2Fwp%2Fv2%2Fproduct_brand&post=71459"},{"taxonomy":"product_cat","embeddable":true,"href":"https:\/\/premino.pl\/index.php?rest_route=%2Fwp%2Fv2%2Fproduct_cat&post=71459"},{"taxonomy":"product_tag","embeddable":true,"href":"https:\/\/premino.pl\/index.php?rest_route=%2Fwp%2Fv2%2Fproduct_tag&post=71459"}],"curies":[{"name":"wp","href":"https:\/\/api.w.org\/{rel}","templated":true}]}}