{"id":71761,"date":"2026-05-13T20:34:03","date_gmt":"2026-05-13T18:34:03","guid":{"rendered":"https:\/\/premino.pl\/?product=rhiodola-rozeniec-gorski-suplement-diety-90-kapsulek"},"modified":"2026-05-13T20:34:03","modified_gmt":"2026-05-13T18:34:03","slug":"rhiodola-rozeniec-gorski-suplement-diety-90-kapsulek","status":"publish","type":"product","link":"https:\/\/premino.pl\/?product=rhiodola-rozeniec-gorski-suplement-diety-90-kapsulek","title":{"rendered":"Rhiodola R\u00f3\u017ceniec g\u00f3rski suplement diety 90 kapsu\u0142ek"},"content":{"rendered":"<p>R\u00f3\u017ceniec g\u00f3rski\u00a0pomaga organizmowi przystosowa\u0107 si\u0119 do emocjonalnego stresu i wysi\u0142ku fizycznego. Ma korzystny wp\u0142yw na zm\u0119czenie i b\u00f3le g\u0142owy wywo\u0142ane stresem. Korzystny w trudno\u015bciach przy zasypianiu, braku apetytu i spadku wydajno\u015bci w pracy. Przyczynia si\u0119 do pobudzenia percepcji i poprawy stanu umys\u0142u.<\/p>\n<p><b>Zalecana porcja produktu do spo\u017cycia w ci\u0105gu dnia niezb\u0119dna do uzyskania korzystnego dzia\u0142ania produktu:\u00a0<\/b>Spo\u017cywa\u0107 1 kapsu\u0142k\u0119 dziennie. Popi\u0107 wod\u0105 (250 ml). Zalecana porcja dzienna to 1 kapsu\u0142ka.<\/p>\n<p><b>Warunki przechowywania:<\/b>\u00a0Chroni\u0107 przed \u015bwiat\u0142em. Przechowywa\u0107 w szczelnie zamkni\u0119tym opakowaniu, w temperaturze pokojowej, w suchym miejscu, w spos\u00f3b niedost\u0119pny dla ma\u0142ych dzieci.<\/p>\n<p>Produkt nie zawiera substancji wype\u0142niaj\u0105cych, przeciwzbrylaj\u0105cych, barwnik\u00f3w.<br \/>Produkt bezglutenowy, bez laktozy, bez soi. 100% z recyklingu.<\/p>\n<p><strong>Forma podania:<\/strong> kapsu\u0142ki<br \/>\n<strong>Gramatura:<\/strong> sztuka<br \/>\n<strong>Pojemno\u015b\u0107:<\/strong> 90<br \/>\n<strong>P\u0142e\u0107:<\/strong> unisex<br \/>\n<strong>Rodzaj:<\/strong> pozosta\u0142e<\/p>\n<p><strong>Uwagi:<\/strong><\/p>\n<p>Nie nale\u017cy przekracza\u0107 zalecanej porcji do spo\u017cycia w ci\u0105gu dnia. Nie stosowa\u0107 w przypadku uczulenia na kt\u00f3rykolwiek ze sk\u0142adnik\u00f3w. Produkt dla doros\u0142ych. Spo\u017cywania produktu nie zaleca si\u0119 kobietom w ci\u0105\u017cy i karmi\u0105cym piersi\u0105. Produkt nie mo\u017ce by\u0107 stosowany jako substytut zr\u00f3\u017cnicowanej diety. Wa\u017cne jest prowadzenie zdrowego trybu \u017cycia i zr\u00f3wnowa\u017conego sposobu \u017cywienia.<\/p>\n<p><strong>Sk\u0142adniki:<\/strong><\/p>\n<p>Mikronizowane wyt\u0142oki jab\u0142kowe, ekstrakt z korzenia r\u00f3\u017ce\u0144ca g\u00f3rskiego, otoczka kapsu\u0142ki: \u017celatyna.<\/p>\n","protected":false},"excerpt":{"rendered":"<p> <strong>Forma podania:<\/strong> kapsu\u0142ki<br \/>  <strong>Gramatura:<\/strong> sztuka<br \/>  <strong>Pojemno\u015b\u0107:<\/strong> 90<br \/>  <strong>P\u0142e\u0107:<\/strong> unisex<br \/>  <strong>Rodzaj:<\/strong> pozosta\u0142e <\/p>\n","protected":false},"featured_media":71762,"comment_status":"open","ping_status":"closed","template":"","meta":{"_acf_changed":false},"kategoria-hurtowni":[206,205],"product_brand":[1131],"product_cat":[76],"product_tag":[],"class_list":{"0":"post-71761","1":"product","2":"type-product","3":"status-publish","4":"has-post-thumbnail","6":"kategoria-hurtowni-suplementy-diety","7":"kategoria-hurtowni-zdrowie","8":"product_brand-pharmovit","9":"product_cat-primavera","11":"first","12":"outofstock","13":"taxable","14":"shipping-taxable","15":"product-type-simple"},"acf":[],"_links":{"self":[{"href":"https:\/\/premino.pl\/index.php?rest_route=\/wp\/v2\/product\/71761","targetHints":{"allow":["GET"]}}],"collection":[{"href":"https:\/\/premino.pl\/index.php?rest_route=\/wp\/v2\/product"}],"about":[{"href":"https:\/\/premino.pl\/index.php?rest_route=\/wp\/v2\/types\/product"}],"replies":[{"embeddable":true,"href":"https:\/\/premino.pl\/index.php?rest_route=%2Fwp%2Fv2%2Fcomments&post=71761"}],"wp:featuredmedia":[{"embeddable":true,"href":"https:\/\/premino.pl\/index.php?rest_route=\/wp\/v2\/media\/71762"}],"wp:attachment":[{"href":"https:\/\/premino.pl\/index.php?rest_route=%2Fwp%2Fv2%2Fmedia&parent=71761"}],"wp:term":[{"taxonomy":"kategoria-hurtowni","embeddable":true,"href":"https:\/\/premino.pl\/index.php?rest_route=%2Fwp%2Fv2%2Fkategoria-hurtowni&post=71761"},{"taxonomy":"product_brand","embeddable":true,"href":"https:\/\/premino.pl\/index.php?rest_route=%2Fwp%2Fv2%2Fproduct_brand&post=71761"},{"taxonomy":"product_cat","embeddable":true,"href":"https:\/\/premino.pl\/index.php?rest_route=%2Fwp%2Fv2%2Fproduct_cat&post=71761"},{"taxonomy":"product_tag","embeddable":true,"href":"https:\/\/premino.pl\/index.php?rest_route=%2Fwp%2Fv2%2Fproduct_tag&post=71761"}],"curies":[{"name":"wp","href":"https:\/\/api.w.org\/{rel}","templated":true}]}}