{"id":72325,"date":"2026-05-13T20:38:52","date_gmt":"2026-05-13T18:38:52","guid":{"rendered":"https:\/\/premino.pl\/?product=barba-negra-woda-perfumowana-spray-100ml"},"modified":"2026-05-13T20:38:52","modified_gmt":"2026-05-13T18:38:52","slug":"barba-negra-woda-perfumowana-spray-100ml","status":"publish","type":"product","link":"https:\/\/premino.pl\/?product=barba-negra-woda-perfumowana-spray-100ml","title":{"rendered":"Barba Negra woda perfumowana spray 100ml"},"content":{"rendered":"<p>Barba Negra to kompozycja, w kt\u00f3rej \u015bwie\u017co\u015b\u0107 cytrus\u00f3w spotyka si\u0119 z g\u0142\u0119bi\u0105 bursztynu i szlachetnym ciep\u0142em drzew. Nuty pi\u017cma i aromatycznych przypraw splataj\u0105 si\u0119 w zmys\u0142owy akord, tworz\u0105c elegancki zapach o wyrafinowanym, trwa\u0142ym charakterze.<\/p>\n<p><\/p>\n<p><b>Nuty zapachowe:<br \/><\/b><br \/><b>Nuta g\u0142owy: <\/b>grejpfrut, wetyweria, czarna porzeczka, imbir<br \/><b>Nuta serca: <\/b>ja\u015bmin, irys<br \/><b>Nuta bazy: <\/b>bursztyn, pi\u017cmo, paczula<\/p>\n<p><strong>Gramatura:<\/strong> ml<br \/>\n<strong>Linia k\u0105pielowa:<\/strong> nie<br \/>\n<strong>Miniatura:<\/strong> nie<br \/>\n<strong>Nuta bazy:<\/strong> bursztyn, paczula, pi\u017cmo<br \/>\n<strong>Nuta g\u0142owy:<\/strong> czarna porzeczka, grejpfrut, imbir, wetyweria<br \/>\n<strong>Nuta g\u0142\u00f3wna:<\/strong> bursztynowa, owocowe<br \/>\n<strong>Nuta serca:<\/strong> irys, ja\u015bmin<br \/>\n<strong>Pojemno\u015b\u0107:<\/strong> 100<br \/>\n<strong>Produkt rzadki:<\/strong> nie<br \/>\n<strong>Pr\u00f3bka:<\/strong> nie<br \/>\n<strong>P\u0142e\u0107:<\/strong> unisex<br \/>\n<strong>Rodzaj:<\/strong> woda perfumowana<br \/>\n<strong>Tester:<\/strong> nie<br \/>\n<strong>Zapach alternatywny:<\/strong> nie<br \/>\n<strong>Zestaw:<\/strong> nie<\/p>\n<p><strong>Uwagi:<\/strong><\/p>\n<p>PRODUKT \u0141ATWOPALNY. NIE STOSOWA\u0106 W POBLI\u017bU OGNIA, P\u0141OMIENIA LUB \u017bR\u00d3DE\u0141 CIEP\u0141A. UNIKA\u0106 ROZPYLANIA W KIERUNKU OCZU. PRZECHOWYWA\u0106 W MIEJSCU NIEDOST\u0118PNYM DLA DZIECI. PRZECHOWYWA\u0106 W CH\u0141ODNYM I SUCHYM MIEJSCU.<\/p>\n<p><strong>Sk\u0142adniki:<\/strong><\/p>\n<p>ALCOHOL DENAT (SD ALCOHOL), PARFUM (FRAGRANCE), AQUA (WATER), ALPHA-ISOMETHYL IONONE, BENZYL SALICYLATE, CITRAL, COUMARIN, EUGENOL, FARNESOL, GERANIOL, ISOEUGENOL, LIMONENE, LINALOOL<\/p>\n","protected":false},"excerpt":{"rendered":"<p> <strong>Gramatura:<\/strong> ml<br \/>  <strong>Linia k\u0105pielowa:<\/strong> nie<br \/>  <strong>Miniatura:<\/strong> nie<br \/>  <strong>Nuta bazy:<\/strong> bursztyn, paczula, pi\u017cmo<br \/>  <strong>Nuta g\u0142owy:<\/strong> czarna porzeczka, grejpfrut, imbir, wetyweria<br \/>  <strong>Nuta g\u0142\u00f3wna:<\/strong> bursztynowa, owocowe<br \/>  <strong>Nuta serca:<\/strong> irys, ja\u015bmin<br \/>  <strong>Pojemno\u015b\u0107:<\/strong> 100<br \/>  <strong>Produkt rzadki:<\/strong> nie<br \/>  <strong>Pr\u00f3bka:<\/strong> nie<br \/>  <strong>P\u0142e\u0107:<\/strong> unisex<br \/>  <strong>Rodzaj:<\/strong> woda perfumowana<br \/>  <strong>Tester:<\/strong> nie<br \/>  <strong>Zapach alternatywny:<\/strong> nie<br \/>  <strong>Zestaw:<\/strong> nie <\/p>\n","protected":false},"featured_media":72326,"comment_status":"open","ping_status":"closed","template":"","meta":{"_acf_changed":false},"kategoria-hurtowni":[87,88],"product_brand":[1129],"product_cat":[76],"product_tag":[],"class_list":{"0":"post-72325","1":"product","2":"type-product","3":"status-publish","4":"has-post-thumbnail","6":"kategoria-hurtowni-perfumy","7":"kategoria-hurtowni-zapachy","8":"product_brand-merve","9":"product_cat-primavera","11":"first","12":"outofstock","13":"taxable","14":"shipping-taxable","15":"product-type-simple"},"acf":[],"_links":{"self":[{"href":"https:\/\/premino.pl\/index.php?rest_route=\/wp\/v2\/product\/72325","targetHints":{"allow":["GET"]}}],"collection":[{"href":"https:\/\/premino.pl\/index.php?rest_route=\/wp\/v2\/product"}],"about":[{"href":"https:\/\/premino.pl\/index.php?rest_route=\/wp\/v2\/types\/product"}],"replies":[{"embeddable":true,"href":"https:\/\/premino.pl\/index.php?rest_route=%2Fwp%2Fv2%2Fcomments&post=72325"}],"wp:featuredmedia":[{"embeddable":true,"href":"https:\/\/premino.pl\/index.php?rest_route=\/wp\/v2\/media\/72326"}],"wp:attachment":[{"href":"https:\/\/premino.pl\/index.php?rest_route=%2Fwp%2Fv2%2Fmedia&parent=72325"}],"wp:term":[{"taxonomy":"kategoria-hurtowni","embeddable":true,"href":"https:\/\/premino.pl\/index.php?rest_route=%2Fwp%2Fv2%2Fkategoria-hurtowni&post=72325"},{"taxonomy":"product_brand","embeddable":true,"href":"https:\/\/premino.pl\/index.php?rest_route=%2Fwp%2Fv2%2Fproduct_brand&post=72325"},{"taxonomy":"product_cat","embeddable":true,"href":"https:\/\/premino.pl\/index.php?rest_route=%2Fwp%2Fv2%2Fproduct_cat&post=72325"},{"taxonomy":"product_tag","embeddable":true,"href":"https:\/\/premino.pl\/index.php?rest_route=%2Fwp%2Fv2%2Fproduct_tag&post=72325"}],"curies":[{"name":"wp","href":"https:\/\/api.w.org\/{rel}","templated":true}]}}