{"id":73041,"date":"2026-05-13T20:44:47","date_gmt":"2026-05-13T18:44:47","guid":{"rendered":"https:\/\/premino.pl\/?product=pate-grise-nawilzajaca-emulsja-matujaca-50ml"},"modified":"2026-05-13T20:44:48","modified_gmt":"2026-05-13T18:44:48","slug":"pate-grise-nawilzajaca-emulsja-matujaca-50ml","status":"publish","type":"product","link":"https:\/\/premino.pl\/?product=pate-grise-nawilzajaca-emulsja-matujaca-50ml","title":{"rendered":"Pate Grise nawil\u017caj\u0105ca emulsja matuj\u0105ca 50ml"},"content":{"rendered":"<p>Nawil\u017caj\u0105co-matuj\u0105cy produkt stworzony w 96% ze sk\u0142adnik\u00f3w pochodzenia naturalnego. Zawiera probiotyki, wi\u0105z\u00f3wk\u0119 b\u0142otn\u0105 oraz kwasy glikolowy i mlekowy, kt\u00f3re oczyszczaj\u0105 sk\u00f3r\u0119 i reguluj\u0105 wydzielanie sebum. Organiczny proszek owsiany zapewnia d\u0142ugotrwa\u0142y efekt matuj\u0105cy.<\/p>\n<p>Przywraca r\u00f3wnowag\u0119 mikroflory sk\u00f3ry, redukuje niedoskona\u0142o\u015bci i zapobiega ich nawrotom. Idealny dla cery mieszanej i t\u0142ustej. Po na\u0142o\u017ceniu uwalnia subtelne, zielone nuty zapachowe. Mo\u017cna stosowa\u0107 rano i\/lub wieczorem.<\/p>\n<p>Testowany dermatologicznie.<br \/>Niekomedogenny.<\/p>\n<p><b>Spos\u00f3b u\u017cycia:\u00a0<\/b>Stosowa\u0107 rano i\/lub wieczorem na ca\u0142\u0105 twarz.<\/p>\n<p><strong>Dzia\u0142anie:<\/strong> matuj\u0105ce, nawil\u017caj\u0105ce, oczyszczaj\u0105ce, redukuje wypryski<br \/>\n<strong>Gramatura:<\/strong> ml<br \/>\n<strong>Konsystencja:<\/strong> emulsja<br \/>\n<strong>Linie elitarne:<\/strong> tak<br \/>\n<strong>Piel\u0119gnacja specyficzna:<\/strong> nie<br \/>\n<strong>Pojemno\u015b\u0107:<\/strong> 50<br \/>\n<strong>Pora stosowania:<\/strong> dowolnie, dzie\u0144, noc<br \/>\n<strong>P\u0142e\u0107:<\/strong> damski<br \/>\n<strong>S\u0142o\u0144ce:<\/strong> nie<br \/>\n<strong>Typ sk\u00f3ry:<\/strong> mieszana\/t\u0142usta<\/p>\n<p><strong>Uwagi:<\/strong><\/p>\n<p>Unika\u0107 kontaktu z oczami.<\/p>\n<p><strong>Sk\u0142adniki:<\/strong><\/p>\n<p>AQUA (WATER) \u25cf CAPRYLIC\/CAPRIC TRIGLYCERIDE \u25cf COCO-CAPRYLATE\/CAPRATE \u25cf AVENA SATIVA (OAT) KERNEL FLOUR \u25cf BUTYLENE GLYCOL \u25cf GLYCERIN \u25cf GLYCERYL STEARATE SE \u25cf CETEARYL ALCOHOL \u25cf GLYCOLIC ACID \u25cf AMMONIUM ACRYLOYLDIMETHYLTAURATE\/VP COPOLYMER \u25cf SPIRAEA ULMARIA EXTRACT \u25cf LACTOBACILLUS FERMENT LYSATE \u25cf LACTIC ACID \u25cf LAUROYL LYSINE \u25cf HELIANTHUS ANNUUS SEED WAX \u25cf GLYCERYL STEARATE \u25cf JOJOBA ESTERS \u25cf ARGININE \u25cf PARFUM (FRAGRANCE) \u25cf SODIUM HYDROXIDE \u25cf PROPANEDIOL \u25cf SODIUM STEAROYL GLUTAMATE \u25cf XANTHAN GUM \u25cf O-CYMEN-5-OL \u25cf POLYGLYCERIN-3 \u25cf TOCOPHEROL \u25cf BENZYL ALCOHOL \u25cf CHLORPHENESIN<\/p>\n","protected":false},"excerpt":{"rendered":"<p> <strong>Dzia\u0142anie:<\/strong> matuj\u0105ce, nawil\u017caj\u0105ce, oczyszczaj\u0105ce, redukuje wypryski<br \/>  <strong>Gramatura:<\/strong> ml<br \/>  <strong>Konsystencja:<\/strong> emulsja<br \/>  <strong>Linie elitarne:<\/strong> tak<br \/>  <strong>Piel\u0119gnacja specyficzna:<\/strong> nie<br \/>  <strong>Pojemno\u015b\u0107:<\/strong> 50<br \/>  <strong>Pora stosowania:<\/strong> dowolnie, dzie\u0144, noc<br \/>  <strong>P\u0142e\u0107:<\/strong> damski<br \/>  <strong>S\u0142o\u0144ce:<\/strong> nie<br \/>  <strong>Typ sk\u00f3ry:<\/strong> mieszana\/t\u0142usta <\/p>\n","protected":false},"featured_media":73042,"comment_status":"open","ping_status":"closed","template":"","meta":{"_acf_changed":false},"kategoria-hurtowni":[90,109,110],"product_brand":[1142],"product_cat":[76],"product_tag":[],"class_list":{"0":"post-73041","1":"product","2":"type-product","3":"status-publish","4":"has-post-thumbnail","6":"kategoria-hurtowni-pielegnacja","7":"kategoria-hurtowni-pielegnacja-twarzy-pielegnacja","8":"kategoria-hurtowni-twarz-pielegnacja-twarzy-pielegnacja","9":"product_brand-payot","10":"product_cat-primavera","12":"first","13":"outofstock","14":"taxable","15":"shipping-taxable","16":"product-type-simple"},"acf":[],"_links":{"self":[{"href":"https:\/\/premino.pl\/index.php?rest_route=\/wp\/v2\/product\/73041","targetHints":{"allow":["GET"]}}],"collection":[{"href":"https:\/\/premino.pl\/index.php?rest_route=\/wp\/v2\/product"}],"about":[{"href":"https:\/\/premino.pl\/index.php?rest_route=\/wp\/v2\/types\/product"}],"replies":[{"embeddable":true,"href":"https:\/\/premino.pl\/index.php?rest_route=%2Fwp%2Fv2%2Fcomments&post=73041"}],"wp:featuredmedia":[{"embeddable":true,"href":"https:\/\/premino.pl\/index.php?rest_route=\/wp\/v2\/media\/73042"}],"wp:attachment":[{"href":"https:\/\/premino.pl\/index.php?rest_route=%2Fwp%2Fv2%2Fmedia&parent=73041"}],"wp:term":[{"taxonomy":"kategoria-hurtowni","embeddable":true,"href":"https:\/\/premino.pl\/index.php?rest_route=%2Fwp%2Fv2%2Fkategoria-hurtowni&post=73041"},{"taxonomy":"product_brand","embeddable":true,"href":"https:\/\/premino.pl\/index.php?rest_route=%2Fwp%2Fv2%2Fproduct_brand&post=73041"},{"taxonomy":"product_cat","embeddable":true,"href":"https:\/\/premino.pl\/index.php?rest_route=%2Fwp%2Fv2%2Fproduct_cat&post=73041"},{"taxonomy":"product_tag","embeddable":true,"href":"https:\/\/premino.pl\/index.php?rest_route=%2Fwp%2Fv2%2Fproduct_tag&post=73041"}],"curies":[{"name":"wp","href":"https:\/\/api.w.org\/{rel}","templated":true}]}}