{"id":73280,"date":"2026-05-13T20:46:58","date_gmt":"2026-05-13T18:46:58","guid":{"rendered":"https:\/\/premino.pl\/?product=effect-glassy-rozjasniajacy-krem-pod-oczy-15ml"},"modified":"2026-05-13T20:46:58","modified_gmt":"2026-05-13T18:46:58","slug":"effect-glassy-rozjasniajacy-krem-pod-oczy-15ml","status":"publish","type":"product","link":"https:\/\/premino.pl\/?product=effect-glassy-rozjasniajacy-krem-pod-oczy-15ml","title":{"rendered":"Effect Glassy rozja\u015bniaj\u0105cy krem pod oczy 15ml"},"content":{"rendered":"<p><b>Osi\u0105gnij efekt glass skin dzi\u0119ki piel\u0119gnacji!<\/b><br \/>Krem pod oczy redukuje obrz\u0119ki i regeneruje delikatna sk\u00f3r\u0119 wok\u00f3\u0142 oczu, wyg\u0142adzaj\u0105c i przywracaj\u0105c jej promienny wygl\u0105d. Skutecznie redukuje cienie dzi\u0119ki Alpha-white complex\u2122 \u2013 pionierskiemu po\u0142\u0105czeniu rozja\u015bniaj\u0105cych sk\u0142adnik\u00f3w aktywnych stworzonemu przez Ekspertki z Laboratorium Naukowego Lirene.<\/p>\n<p><b>Dzi\u0119ki tym sk\u0142adnikom osi\u0105gniesz EFEKT GLASS SKIN:<\/b><br \/>ALPHA-WHITE COMPLEX\u2122:ALFA-ARBUTYNA widoczne rozja\u015bnienie sk\u00f3ry<br \/>WITAMINA C rozja\u015bnienie cieni pod oczami<br \/>WITAMINA B3 op\u00f3\u017anienie proces\u00f3w starzenia i redukcja przebarwie\u0144<br \/>KWAS HIALURONOWY nawil\u017cenie i uj\u0119drnienie<\/p>\n<p><b>SPEKTAKULARNE EFEKTY W 4 TYGODNIE*:<\/b><br \/>83% redukcja obrz\u0119k\u00f3w pod oczami<br \/>-22% redukcja cieni pod oczami<br \/>80% poprawa napi\u0119cia<br \/>-31% mniej zmarszczek<br \/>*Potwierdzone badaniami IN VIVO po 4 tyg.<\/p>\n<p><b>Spos\u00f3b u\u017cycia:\u00a0<\/b>Stosuj codziennie rano i wieczorem.\u00a0Wmasuj krem w sk\u00f3r\u0119 wok\u00f3\u0142 oczu.<\/p>\n<p><strong>Dzia\u0142anie:<\/strong> nawil\u017caj\u0105ce, redukuje cienie i obrz\u0119ki, redukuje zmarszczki, rozja\u015bnia cienie, uelastycznia, uj\u0119drnia<br \/>\n<strong>Gramatura:<\/strong> ml<br \/>\n<strong>Konsystencja:<\/strong> krem<br \/>\n<strong>Linie elitarne:<\/strong> nie<br \/>\n<strong>Piel\u0119gnacja specyficzna:<\/strong> nie<br \/>\n<strong>Pojemno\u015b\u0107:<\/strong> 15<br \/>\n<strong>Pora stosowania:<\/strong> dowolnie<br \/>\n<strong>P\u0142e\u0107:<\/strong> damski<br \/>\n<strong>Rodzaj sk\u00f3ry:<\/strong> dojrza\u0142a<br \/>\n<strong>S\u0142o\u0144ce:<\/strong> nie<\/p>\n<p><strong>Uwagi:<\/strong><\/p>\n<p><strong>Sk\u0142adniki:<\/strong><\/p>\n<p>Aqua (Water), Niacinamide, Cetearyl Alcohol, Glycerin, Caprylic\/Capric Triglyceride, Oleyl Erucate, Dicaprylyl Carbonate, Ricinus Communis (Castor) Seed Oil, C15-19 Alkane, Pentylene Glycol, Propanediol, Butyrospermum Parkii (Shea) Butter, Alpha-Arbutin, Ascorbyl Tetraisopalmitate, Lonicera Caprifolium (Honeysuckle) Flower Extract, Lonicera Japonica (Honeysuckle) Flower Extract, Glucose, Inulin, Fructose, Sodium Hyaluronate, Tocopherol, Hydrogenated Vegetable Glycerides Citrate, Cetearyl Glucoside, Sodium Stearoyl Glutamate, Hydrogenated Castor Oil, Xanthan Gum, Citric Acid, Sodium Phytate, Cellulose Gum, Cellulose, Parfum (Fragrance), Linalool<\/p>\n","protected":false},"excerpt":{"rendered":"<p> <strong>Dzia\u0142anie:<\/strong> nawil\u017caj\u0105ce, redukuje cienie i obrz\u0119ki, redukuje zmarszczki, rozja\u015bnia cienie, uelastycznia, uj\u0119drnia<br \/>  <strong>Gramatura:<\/strong> ml<br \/>  <strong>Konsystencja:<\/strong> krem<br \/>  <strong>Linie elitarne:<\/strong> nie<br \/>  <strong>Piel\u0119gnacja specyficzna:<\/strong> nie<br \/>  <strong>Pojemno\u015b\u0107:<\/strong> 15<br \/>  <strong>Pora stosowania:<\/strong> dowolnie<br \/>  <strong>P\u0142e\u0107:<\/strong> damski<br \/>  <strong>Rodzaj sk\u00f3ry:<\/strong> dojrza\u0142a<br \/>  <strong>S\u0142o\u0144ce:<\/strong> nie <\/p>\n","protected":false},"featured_media":73281,"comment_status":"open","ping_status":"closed","template":"","meta":{"_acf_changed":false},"kategoria-hurtowni":[221,90,109],"product_brand":[586],"product_cat":[76],"product_tag":[],"class_list":{"0":"post-73280","1":"product","2":"type-product","3":"status-publish","4":"has-post-thumbnail","6":"kategoria-hurtowni-oczy-pielegnacja-twarzy-pielegnacja","7":"kategoria-hurtowni-pielegnacja","8":"kategoria-hurtowni-pielegnacja-twarzy-pielegnacja","9":"product_brand-lirene","10":"product_cat-primavera","12":"first","13":"outofstock","14":"taxable","15":"shipping-taxable","16":"product-type-simple"},"acf":[],"_links":{"self":[{"href":"https:\/\/premino.pl\/index.php?rest_route=\/wp\/v2\/product\/73280","targetHints":{"allow":["GET"]}}],"collection":[{"href":"https:\/\/premino.pl\/index.php?rest_route=\/wp\/v2\/product"}],"about":[{"href":"https:\/\/premino.pl\/index.php?rest_route=\/wp\/v2\/types\/product"}],"replies":[{"embeddable":true,"href":"https:\/\/premino.pl\/index.php?rest_route=%2Fwp%2Fv2%2Fcomments&post=73280"}],"wp:featuredmedia":[{"embeddable":true,"href":"https:\/\/premino.pl\/index.php?rest_route=\/wp\/v2\/media\/73281"}],"wp:attachment":[{"href":"https:\/\/premino.pl\/index.php?rest_route=%2Fwp%2Fv2%2Fmedia&parent=73280"}],"wp:term":[{"taxonomy":"kategoria-hurtowni","embeddable":true,"href":"https:\/\/premino.pl\/index.php?rest_route=%2Fwp%2Fv2%2Fkategoria-hurtowni&post=73280"},{"taxonomy":"product_brand","embeddable":true,"href":"https:\/\/premino.pl\/index.php?rest_route=%2Fwp%2Fv2%2Fproduct_brand&post=73280"},{"taxonomy":"product_cat","embeddable":true,"href":"https:\/\/premino.pl\/index.php?rest_route=%2Fwp%2Fv2%2Fproduct_cat&post=73280"},{"taxonomy":"product_tag","embeddable":true,"href":"https:\/\/premino.pl\/index.php?rest_route=%2Fwp%2Fv2%2Fproduct_tag&post=73280"}],"curies":[{"name":"wp","href":"https:\/\/api.w.org\/{rel}","templated":true}]}}