{"id":73866,"date":"2026-05-13T20:52:24","date_gmt":"2026-05-13T18:52:24","guid":{"rendered":"https:\/\/premino.pl\/?product=reti-age-serum-przeciwstarzeniowe-30ml"},"modified":"2026-05-13T20:52:25","modified_gmt":"2026-05-13T18:52:25","slug":"reti-age-serum-przeciwstarzeniowe-30ml","status":"publish","type":"product","link":"https:\/\/premino.pl\/?product=reti-age-serum-przeciwstarzeniowe-30ml","title":{"rendered":"Reti Age serum przeciwstarzeniowe 30ml"},"content":{"rendered":"<p>Reti Age Serum to zaawansowane serum przeciwstarzeniowe, oparte na trzech formach retinolu (retinol, retinyl, retinaldehyd), kt\u00f3re dzia\u0142aj\u0105 skutecznie, a jednocze\u015bnie \u0142agodnie dla sk\u00f3ry. Dzi\u0119ki innowacyjnej technologii nanosom\u00f3w, sk\u0142adniki aktywne docieraj\u0105 w g\u0142\u0105b sk\u00f3ry, minimalizuj\u0105c ryzyko podra\u017cnie\u0144 czy zaczerwienie\u0144.<\/p>\n<p>Formu\u0142a wzbogacona zosta\u0142a o witamin\u0119 A, czynniki wzrostu, antyoksydanty oraz kwas hialuronowy, co przek\u0142ada si\u0119 na kompleksowe dzia\u0142anie \u2013 wyg\u0142adza zmarszczki, \u0142agodzi podra\u017cnienia i wspiera regeneracj\u0119 sk\u00f3ry.<\/p>\n<p><b>Spos\u00f3b u\u017cycia: <\/b>Codziennie nanie\u015b\u0107 cztery krople serum na d\u0142o\u0144 i delikatnie wmasowa\u0107 w sk\u00f3r\u0119 twarzy przed aplikacj\u0105 kremu. W trakcie stosowania serum zaleca si\u0119 codzienne u\u017cywanie krem\u00f3w z filtrem SPF 50.<\/p>\n<p><strong>Dzia\u0142anie:<\/strong> nawil\u017caj\u0105ce, przeciwzapalne, redukuje zmarszczki, \u0142agodzi podra\u017cnienia<br \/>\n<strong>Gramatura:<\/strong> ml<br \/>\n<strong>Konsystencja:<\/strong> emulsja<br \/>\n<strong>Linie elitarne:<\/strong> nie<br \/>\n<strong>Piel\u0119gnacja specyficzna:<\/strong> serum<br \/>\n<strong>Pojemno\u015b\u0107:<\/strong> 30<br \/>\n<strong>Pora stosowania:<\/strong> dowolnie<br \/>\n<strong>P\u0142e\u0107:<\/strong> damski<br \/>\n<strong>Rodzaj sk\u00f3ry:<\/strong> dojrza\u0142a<br \/>\n<strong>S\u0142o\u0144ce:<\/strong> nie<br \/>\n<strong>Typ sk\u00f3ry:<\/strong> mieszana\/t\u0142usta, normalna, sucha<\/p>\n<p><strong>Uwagi:<\/strong><\/p>\n<p>Tylko do u\u017cytku zewn\u0119trznego. Przechowywa\u0107 w miejscu niedost\u0119pnym dla dzieci. Unika\u0107 kontaktu z oczami.<\/p>\n<p><strong>Sk\u0142adniki:<\/strong><\/p>\n<p>AQUA, BIS-PEG-18 METHYL ETHER DIMETHYL SILANE, HYDROGENATED POLYDECENE, CETETH-20, PROPANEDIOL, C12-15 ALKYL BENZOATE, GLYTEREATE, CYCLOPENTASILOXANE, CAPROOYL TETRAPEPTIDE-3, BOSWELLIA SERRATA GUM, ASCORBYL GLUCOSIDE, RETINOL, CERAMIDE NP, CHOLESTEROL, CERAMIDE AP, PHYTOSPHINGOSINE, RESVERATROL, DIMETHYL ETHER, RETINYL PROPIONATE, RETINAL, HYDROLYZED SODIUM HYALURONATE, UBIQUINONE, ZINC CHLORIDE, CHONDRUS CRISPUS EXTRACT, NICOTIANA BETHAMIANA SH-TGF-BETA2, CERAMIDE EOP. ERGOTHIONEINE, CYCLOHEXASILOXANE, GLYCERIN, TOCOPHERYL ACETATE, CETEARYL ALCOHOL, AMMONIUM ACRYLOYLDIMETHYLTAURATE\/VP COPOLYMER, DIPROPYLENE GLYCOL, LECITHIN, ALCOHOL, XANTAN GUM, DISODIUM EDTA, SODIUM LAUROYL LACTYLATE, POLYSORBATE 20, DEXTRAN, SODIUM CHOLATE, SODIUM CHLORIDE, CARBOMER, GLYCINE SOJA OIL, TROMETHAMINE, PHOSPHOLIPIDS, SODIUM HYDROXIDE, HYDROCHLORIC ACID, BHT, DIPOTASSIUM HYDROGEN PHOSPHATE ANHYDROUS, CAPRYLYL GLYCOL, BHA, NICOTIANA BETHAMIANA SH-POLYPEPTIDE-15, POTASSIUM DIHYDROGEN PHOSPHATE, HELIANTUS ANNUS SEED OIL, CITRIC ACID, PHENOXYETHANOL, ETHYLHEXYLGLYCERIN, POTASSIUM SORBATE, PARFUM, GERANIOL, C117200.<\/p>\n","protected":false},"excerpt":{"rendered":"<p> <strong>Dzia\u0142anie:<\/strong> nawil\u017caj\u0105ce, przeciwzapalne, redukuje zmarszczki, \u0142agodzi podra\u017cnienia<br \/>  <strong>Gramatura:<\/strong> ml<br \/>  <strong>Konsystencja:<\/strong> emulsja<br \/>  <strong>Linie elitarne:<\/strong> nie<br \/>  <strong>Piel\u0119gnacja specyficzna:<\/strong> serum<br \/>  <strong>Pojemno\u015b\u0107:<\/strong> 30<br \/>  <strong>Pora stosowania:<\/strong> dowolnie<br \/>  <strong>P\u0142e\u0107:<\/strong> damski<br \/>  <strong>Rodzaj sk\u00f3ry:<\/strong> dojrza\u0142a<br \/>  <strong>S\u0142o\u0144ce:<\/strong> nie<br \/>  <strong>Typ sk\u00f3ry:<\/strong> mieszana\/t\u0142usta, normalna, sucha <\/p>\n","protected":false},"featured_media":73867,"comment_status":"open","ping_status":"closed","template":"","meta":{"_acf_changed":false},"kategoria-hurtowni":[211,214,215],"product_brand":[1067],"product_cat":[76],"product_tag":[],"class_list":{"0":"post-73866","1":"product","2":"type-product","3":"status-publish","4":"has-post-thumbnail","6":"kategoria-hurtowni-dermokosmetyki","7":"kategoria-hurtowni-pielegnacja-twarzy-dermokosmetyki","8":"kategoria-hurtowni-twarz-pielegnacja-twarzy-dermokosmetyki","9":"product_brand-sesderma","10":"product_cat-primavera","12":"first","13":"outofstock","14":"taxable","15":"shipping-taxable","16":"product-type-simple"},"acf":[],"_links":{"self":[{"href":"https:\/\/premino.pl\/index.php?rest_route=\/wp\/v2\/product\/73866","targetHints":{"allow":["GET"]}}],"collection":[{"href":"https:\/\/premino.pl\/index.php?rest_route=\/wp\/v2\/product"}],"about":[{"href":"https:\/\/premino.pl\/index.php?rest_route=\/wp\/v2\/types\/product"}],"replies":[{"embeddable":true,"href":"https:\/\/premino.pl\/index.php?rest_route=%2Fwp%2Fv2%2Fcomments&post=73866"}],"wp:featuredmedia":[{"embeddable":true,"href":"https:\/\/premino.pl\/index.php?rest_route=\/wp\/v2\/media\/73867"}],"wp:attachment":[{"href":"https:\/\/premino.pl\/index.php?rest_route=%2Fwp%2Fv2%2Fmedia&parent=73866"}],"wp:term":[{"taxonomy":"kategoria-hurtowni","embeddable":true,"href":"https:\/\/premino.pl\/index.php?rest_route=%2Fwp%2Fv2%2Fkategoria-hurtowni&post=73866"},{"taxonomy":"product_brand","embeddable":true,"href":"https:\/\/premino.pl\/index.php?rest_route=%2Fwp%2Fv2%2Fproduct_brand&post=73866"},{"taxonomy":"product_cat","embeddable":true,"href":"https:\/\/premino.pl\/index.php?rest_route=%2Fwp%2Fv2%2Fproduct_cat&post=73866"},{"taxonomy":"product_tag","embeddable":true,"href":"https:\/\/premino.pl\/index.php?rest_route=%2Fwp%2Fv2%2Fproduct_tag&post=73866"}],"curies":[{"name":"wp","href":"https:\/\/api.w.org\/{rel}","templated":true}]}}