{"id":73988,"date":"2026-05-13T20:53:31","date_gmt":"2026-05-13T18:53:31","guid":{"rendered":"https:\/\/premino.pl\/?product=aqua-universalis-cologne-forte-woda-perfumowana-spray-70ml"},"modified":"2026-05-13T20:53:31","modified_gmt":"2026-05-13T18:53:31","slug":"aqua-universalis-cologne-forte-woda-perfumowana-spray-70ml","status":"publish","type":"product","link":"https:\/\/premino.pl\/?product=aqua-universalis-cologne-forte-woda-perfumowana-spray-70ml","title":{"rendered":"Aqua Universalis Cologne Forte woda perfumowana spray 70ml"},"content":{"rendered":"<p>Perfumy Aqua Universalis Cologne Forte s\u0105 idealne dla mi\u0142o\u015bnik\u00f3w czystych, nieskazitelnie \u015bwie\u017cych zapach\u00f3w, kt\u00f3re jednocze\u015bnie maj\u0105 w sobie odrobin\u0119 eleganckiej g\u0142\u0119bi. To\u00a0intensywniejsza wersja kultowej kompozycji Maison Francis Kurkdjian, stworzona w 2021 roku.<\/p>\n<p><b>Nuty zapachowe:<br \/><\/b><br \/><b>Nuta g\u0142owy: <\/b>bergamotka<br \/><b>Nuta serca: <\/b>groszek pachn\u0105cy, ja\u015bminowiec wonny<br \/><b>Nuta bazy: <\/b>bia\u0142e pi\u017cmo<\/p>\n<p><strong>Gramatura:<\/strong> ml<br \/>\n<strong>Linia k\u0105pielowa:<\/strong> nie<br \/>\n<strong>Miniatura:<\/strong> nie<br \/>\n<strong>Nuta bazy:<\/strong> bia\u0142e pi\u017cmo<br \/>\n<strong>Nuta g\u0142owy:<\/strong> bergamotka<br \/>\n<strong>Nuta g\u0142\u00f3wna:<\/strong> cytrusowe, pi\u017cmowe<br \/>\n<strong>Nuta serca:<\/strong> groszek pachn\u0105cy, ja\u015bminowiec wonny<br \/>\n<strong>Pojemno\u015b\u0107:<\/strong> 70<br \/>\n<strong>Produkt rzadki:<\/strong> tak<br \/>\n<strong>Pr\u00f3bka:<\/strong> nie<br \/>\n<strong>P\u0142e\u0107:<\/strong> unisex<br \/>\n<strong>Rodzaj:<\/strong> woda perfumowana<br \/>\n<strong>Tester:<\/strong> nie<br \/>\n<strong>Zapach alternatywny:<\/strong> nie<br \/>\n<strong>Zestaw:<\/strong> nie<\/p>\n<p><strong>Uwagi:<\/strong><\/p>\n<p>PRODUKT \u0141ATWOPALNY. TYLKO DO U\u017bYTKU ZEWN\u0118TRZNEGO. UNIKA\u0106 KONTAKTU Z OCZAMI. PRZECHOWYWA\u0106 Z DALA OD \u0179R\u00d3DE\u0141 CIEP\u0141A I OGNIA.<\/p>\n<p><strong>Sk\u0142adniki:<\/strong><\/p>\n<p>ALCOHOL AQUA (WATER) PARFUM (FRAGRANCE) LIMONENE ALPHA-ISOMETHYL IONONE BENZYL SALICYLATE ETHYLHEXYL METHOXYCINNAMATE GERANIOL CITRONELLOL LINALOOL CITRAL DIETHYLAMINO HYDROXYBENZOYL HEXYL BENZOATE AMYL CINNAMAL BHT EUGENOL ISOEUGENOL BENZYL ALCOHOL BENZYL BENZOATE CI 60730 (EXT. VIOLET 2) CI 14700 (RED 4) CI 42090 (BLUE 1).<\/p>\n","protected":false},"excerpt":{"rendered":"<p> <strong>Gramatura:<\/strong> ml<br \/>  <strong>Linia k\u0105pielowa:<\/strong> nie<br \/>  <strong>Miniatura:<\/strong> nie<br \/>  <strong>Nuta bazy:<\/strong> bia\u0142e pi\u017cmo<br \/>  <strong>Nuta g\u0142owy:<\/strong> bergamotka<br \/>  <strong>Nuta g\u0142\u00f3wna:<\/strong> cytrusowe, pi\u017cmowe<br \/>  <strong>Nuta serca:<\/strong> groszek pachn\u0105cy, ja\u015bminowiec wonny<br \/>  <strong>Pojemno\u015b\u0107:<\/strong> 70<br \/>  <strong>Produkt rzadki:<\/strong> tak<br \/>  <strong>Pr\u00f3bka:<\/strong> nie<br \/>  <strong>P\u0142e\u0107:<\/strong> unisex<br \/>  <strong>Rodzaj:<\/strong> woda perfumowana<br \/>  <strong>Tester:<\/strong> nie<br \/>  <strong>Zapach alternatywny:<\/strong> nie<br \/>  <strong>Zestaw:<\/strong> nie <\/p>\n","protected":false},"featured_media":73989,"comment_status":"open","ping_status":"closed","template":"","meta":{"_acf_changed":false},"kategoria-hurtowni":[87,88],"product_brand":[820],"product_cat":[76],"product_tag":[],"class_list":{"0":"post-73988","1":"product","2":"type-product","3":"status-publish","4":"has-post-thumbnail","6":"kategoria-hurtowni-perfumy","7":"kategoria-hurtowni-zapachy","8":"product_brand-maison-francis-kurkdjian","9":"product_cat-primavera","11":"first","12":"outofstock","13":"taxable","14":"shipping-taxable","15":"product-type-simple"},"acf":[],"_links":{"self":[{"href":"https:\/\/premino.pl\/index.php?rest_route=\/wp\/v2\/product\/73988","targetHints":{"allow":["GET"]}}],"collection":[{"href":"https:\/\/premino.pl\/index.php?rest_route=\/wp\/v2\/product"}],"about":[{"href":"https:\/\/premino.pl\/index.php?rest_route=\/wp\/v2\/types\/product"}],"replies":[{"embeddable":true,"href":"https:\/\/premino.pl\/index.php?rest_route=%2Fwp%2Fv2%2Fcomments&post=73988"}],"wp:featuredmedia":[{"embeddable":true,"href":"https:\/\/premino.pl\/index.php?rest_route=\/wp\/v2\/media\/73989"}],"wp:attachment":[{"href":"https:\/\/premino.pl\/index.php?rest_route=%2Fwp%2Fv2%2Fmedia&parent=73988"}],"wp:term":[{"taxonomy":"kategoria-hurtowni","embeddable":true,"href":"https:\/\/premino.pl\/index.php?rest_route=%2Fwp%2Fv2%2Fkategoria-hurtowni&post=73988"},{"taxonomy":"product_brand","embeddable":true,"href":"https:\/\/premino.pl\/index.php?rest_route=%2Fwp%2Fv2%2Fproduct_brand&post=73988"},{"taxonomy":"product_cat","embeddable":true,"href":"https:\/\/premino.pl\/index.php?rest_route=%2Fwp%2Fv2%2Fproduct_cat&post=73988"},{"taxonomy":"product_tag","embeddable":true,"href":"https:\/\/premino.pl\/index.php?rest_route=%2Fwp%2Fv2%2Fproduct_tag&post=73988"}],"curies":[{"name":"wp","href":"https:\/\/api.w.org\/{rel}","templated":true}]}}