{"id":74072,"date":"2026-05-13T20:54:17","date_gmt":"2026-05-13T18:54:17","guid":{"rendered":"https:\/\/premino.pl\/?product=magnez-potas-wapn-cytryniany-proszek-zasadowy-suplement-diety-300g"},"modified":"2026-05-13T20:54:17","modified_gmt":"2026-05-13T18:54:17","slug":"magnez-potas-wapn-cytryniany-proszek-zasadowy-suplement-diety-300g","status":"publish","type":"product","link":"https:\/\/premino.pl\/?product=magnez-potas-wapn-cytryniany-proszek-zasadowy-suplement-diety-300g","title":{"rendered":"Magnez Potas Wap\u0144 Cytryniany proszek zasadowy suplement diety 300g"},"content":{"rendered":"<p><b>Magnez Potas Wap\u0144 Cytryniany<\/b>\u00a0to wysoce skuteczny produkt, kt\u00f3rego sk\u0142adniki sprzyjaj\u0105 r\u00f3wnowadze kwasowo-zasadowej organizmu oraz dostarczeniu wa\u017cnych dla zdrowia pierwiastk\u00f3w zasadowych (magnez, wap\u0144, potas, cynk).\u00a0<\/p>\n<p><b>Magnez Potas Wap\u0144 Cytryniany w 95% stanowi\u0105 cytryniany<\/b>\u00a0\u2013 naturalne substancje wyst\u0119puj\u0105ce w kom\u00f3rkach i odpowiedzialne za prawid\u0142owe spalanie pokarm\u00f3w i balans kwasowo-zasadowy. Cytryniany s\u0105 \u0142atwo przyswajalne i\u00a0nie zmieniaj\u0105 pH jelit\u00a0\u2013 dzia\u0142aj\u0105 dopiero na poziomie kom\u00f3rkowym.<\/p>\n<p>Produkt zawiera tylko\u00a0\u015bladowe ilo\u015bci sodu\u00a0(jak w pokarmach naturalnych), kt\u00f3ry w du\u017cych ilo\u015bciach \u017ale wp\u0142ywa na \u015brodowisko jelit i podnosi ci\u015bnienie.\u00a0Porcja dzienna\u00a0Magnez Potas Wap\u0144 Cytryniany\u00a0zawiera tyle substancji dzia\u0142aj\u0105cych zasadowo co 1,6 kg \u015bwie\u017cych warzyw!<\/p>\n<p><b>Wa\u017cne:<\/b>\u00a0produkty odkwaszaj\u0105ce oparte g\u0142\u00f3wnie na wodorow\u0119glanie sodu lub r\u00f3\u017cnych w\u0119glanach zmieniaj\u0105 pH \u017co\u0142\u0105dka i jelit na zasadowe, co mo\u017ce przynie\u015b\u0107 r\u00f3\u017cnie niekorzystne efekty zdrowotne (zgaga, nadkwa\u015bno\u015b\u0107, rozrost niew\u0142a\u015bciwej flory jelitowej).\u00a0<\/p>\n<p><b style=\"font-weight: bold;\">Produkt\u00a0Magnez Potas Wap\u0144 Cytryniany<\/b><b>\u00a0uzupe\u0142niony jest:<\/b><br \/>\u2022 cynkiem\u00a0wa\u017cnym dla prawid\u0142owego metabolizmu,<br \/>\u2022 witamin\u0105 D\u00a0potrzebn\u0105 do przyswajania wapnia i fosforu oraz utrzymania poziomu wapnia we krwi.<\/p>\n<p>Magnez Potas Wap\u0144 Cytryniany\u00a0zawiera wi\u0119cej cytrynian\u00f3w ni\u017c\u00a0Magnez Potas Wap\u0144 Cytryniany w tabletkach. Jest te\u017c bardziej polecany dla os\u00f3b maj\u0105cych uczucie podobne do zgagi czy nadkwa\u015bno\u015bci w \u017co\u0142\u0105dku ze wzgl\u0119du na specyficzn\u0105 diet\u0119.<\/p>\n<p>Produkt\u00a0polecany szczeg\u00f3lnie sportowcom, intensywnie trenuj\u0105cym, osobom starszym, zestresowanym.<\/p>\n<p><b style=\"font-weight: bold;\">Sk\u0142adniki\u00a0Magnez Potas Wap\u0144 Cytryniany<\/b><b>\u00a0maj\u0105 udowodniony korzystny wp\u0142yw na nast\u0119puj\u0105ce funkcje organizmu:<\/b><br \/>\u2022\u00a0cytrynian potasu (potas)\u00a0\u2013 wspomaga prawid\u0142owe ci\u015bnienie, wzmacnia mi\u0119\u015bnie i nerwy,<br \/>\u2022\u00a0cytrynian magnezu (magnez)\u00a0\u2013 wp\u0142ywa na prawid\u0142owe napi\u0119cie mi\u0119\u015bni i bilans elektrolitowy oraz prawid\u0142owe przeka\u017anictwo nerwowe,<br \/>\u2022\u00a0cytrynian wapnia (wap\u0144)\u00a0\u2013 wzmacnia z\u0119by i ko\u015bci, wspomaga metabolizm i prawid\u0142owe funkcjonowanie enzym\u00f3w trawiennych,<br \/>\u2022\u00a0cynk\u00a0\u2013 wspomaga prawid\u0142owy metabolizm kwasowy i metabolizm kwas\u00f3w t\u0142uszczowych oraz w\u0119glowodan\u00f3w, wzmacnia odporno\u015b\u0107, ko\u015bci, w\u0142osy i paznokcie,<br \/>\u2022\u00a0witamina D\u00a0\u2013 wzmacnia ko\u015bci, z\u0119by i mi\u0119\u015bnie, wspomaga prawid\u0142owe podzia\u0142y kom\u00f3rkowe, wzmacnia odporno\u015b\u0107.<\/p>\n<p><b>Dobroczynne cytryniany<br \/><\/b>Optymalnymi sk\u0142adnikami preparatu odkwaszaj\u0105cego s\u0105 zwi\u0105zki pochodzenia ro\u015blinnego, cytryniany: potasu, magnezu, wapnia. W przeciwie\u0144stwie do innych substancji zasadowych nie powoduj\u0105 one zmiany pH w jelitach \u2013 dzia\u0142aj\u0105 dopiero w kom\u00f3rkach. Ponadto s\u0105 one podstawowym paliwem dla skomplikowanego \u0142a\u0144cucha reakcji chemicznych (cykl Krebsa), procesu, w kt\u00f3rym kom\u00f3rka wytwarza energi\u0119. Jednak\u017ce, aby zosta\u0142y one w pe\u0142ni przyswojone i zadzia\u0142a\u0142y prawid\u0142owo, powinny by\u0107 one po\u0142\u0105czone z cynkiem (istotny dla powstania enzymu odkwaszaj\u0105cego: anhydrazy w\u0119glanowej). Aby cytrynian wapnia dobrze si\u0119 wch\u0142on\u0105\u0142, powinien by\u0107 on podawany razem z witamin\u0105 D.<\/p>\n<p>Suplementacja diety cytrynianami wa\u017cna jest nie tylko dla os\u00f3b z zakwaszeniem, ale tak\u017ce dla kobiet po 40. roku \u017cycia i os\u00f3b starszych.\u00a0Wap\u0144, potas i magnez\u00a0nie tylko wp\u0142yn\u0105 korzystnie na og\u00f3lny stan zdrowia i wydolno\u015b\u0107, ale wzmocni\u0105 ko\u015bci (wap\u0144) oraz mi\u0119\u015bnie (magnez). Mi\u0119\u015bnie do swej prawid\u0142owej pracy potrzebuj\u0105 nie tylko paliwa (glukozy), ale tak\u017ce magnezu, wapnia i potasu, kt\u00f3re wp\u0142ywaj\u0105 na ich si\u0142\u0119 i wytrzyma\u0142o\u015b\u0107.<\/p>\n<p><b>Potas i magnez<\/b>, zawarte w cytrynianach, normalizuj\u0105 prac\u0119 uk\u0142adu nerwowego i mi\u0119\u015bni, ci\u015bnienie krwi (potas) i rytm serca (magnez). Zalecana dzienna dawka potasu w Polsce to 2000 mg.<\/p>\n<p><b>Magnez<\/b>\u00a0jest konieczny do prawid\u0142owej pracy nerw\u00f3w i mi\u0119\u015bni. Zmniejsza zm\u0119czenie. Zbyt ma\u0142e spo\u017cycie objawia si\u0119 np. przez skurcze \u0142ydek, podwy\u017cszone napi\u0119cie mi\u0119\u015bni, drganie powieki.<\/p>\n<p><b>Porcja zalecana do spo\u017cycia w ci\u0105gu dnia:<br \/><\/b>&#8211; osoby w wieku 15-65 lat: 1\u20132 razy\u00a0p\u0142aska miarka (ok. 4,5g);<br \/>&#8211; osoby w wieku 5-15 i powy\u017cej 65 lat: jedna miarka.<br \/>Proszek rozmiesza\u0107 w 250 ml wody lub soku i pi\u0107 do posi\u0142ku. Miarka w opakowaniu. Wstrz\u0105sn\u0105\u0107 przed pierwszym otwarciem.<\/p>\n<p><b>UWAGA:<\/b>\u00a0Pe\u0142na porcja dzienna produktu (2 miarki) nie powinna by\u0107 spo\u017cywana przez\u00a0osoby starsze, osoby z chorobami nerek, z cukrzyc\u0105 insulinooporn\u0105, z nadci\u015bnieniem\u00a0t\u0119tniczym, z zaburzeniami rytmu serca.<\/p>\n<p><b>Nie stosowa\u0107 przy:<\/b>\u00a0niewydolno\u015bci nerek,\u00a0alkalozie, hiperkaliemii. Przy zaburzeniach poziomu potasu stosowa\u0107 tylko po konsultacji\u00a0z lekarzem. Stosowane w nadmiarze mo\u017ce mie\u0107 dzia\u0142anie przeczyszczaj\u0105ce.<\/p>\n<p>Magnez Potas Wap\u0144 Cytryniany\u00a0nale\u017cy pi\u0107 podczas posi\u0142ku.\u00a0<br \/>produkt wegetaria\u0144ski<\/p>\n<p><strong>Forma podania:<\/strong> proszek<br \/>\n<strong>Gramatura:<\/strong> g<br \/>\n<strong>Pojemno\u015b\u0107:<\/strong> 300<br \/>\n<strong>P\u0142e\u0107:<\/strong> unisex<br \/>\n<strong>Rodzaj:<\/strong> witaminy i minera\u0142y<\/p>\n<p><strong>Uwagi:<\/strong><\/p>\n<p>Nie nale\u017cy przekracza\u0107 porcji zalecanej do spo\u017cycia w ci\u0105gu dnia.\u00a0Przechowywa\u0107 w spos\u00f3b niedost\u0119pny dla ma\u0142ych dzieci. Suplement diety nie mo\u017ce by\u0107 stosowany jako substytut (zamiennik) zr\u00f3wnowa\u017conej diety.\u00a0Wa\u017cna jest zr\u00f3wnowa\u017cona dieta oraz zdrowy tryb \u017cycia.<\/p>\n<p><strong>Sk\u0142adniki:<\/strong><\/p>\n<p>cytrynian potasu, cytrynian wapnia, cytrynian magnezu (s\u00f3l magnezowa kwasu cytrynowego), w\u0119glan magnezu, dwutlenek krzemu, naturalny aromat cytrusowy, cytrynian cynku, chlorowodorek tiaminy (witamina B1), witamina D3\u00a0(cholekalcyferol, wega\u0144ska, z porost\u00f3w).<\/p>\n","protected":false},"excerpt":{"rendered":"<p> <strong>Forma podania:<\/strong> proszek<br \/>  <strong>Gramatura:<\/strong> g<br \/>  <strong>Pojemno\u015b\u0107:<\/strong> 300<br \/>  <strong>P\u0142e\u0107:<\/strong> unisex<br \/>  <strong>Rodzaj:<\/strong> witaminy i minera\u0142y <\/p>\n","protected":false},"featured_media":74073,"comment_status":"open","ping_status":"closed","template":"","meta":{"_acf_changed":false},"kategoria-hurtowni":[206,205],"product_brand":[811],"product_cat":[76],"product_tag":[],"class_list":{"0":"post-74072","1":"product","2":"type-product","3":"status-publish","4":"has-post-thumbnail","6":"kategoria-hurtowni-suplementy-diety","7":"kategoria-hurtowni-zdrowie","8":"product_brand-dr-jacobs","9":"product_cat-primavera","11":"first","12":"outofstock","13":"taxable","14":"shipping-taxable","15":"product-type-simple"},"acf":[],"_links":{"self":[{"href":"https:\/\/premino.pl\/index.php?rest_route=\/wp\/v2\/product\/74072","targetHints":{"allow":["GET"]}}],"collection":[{"href":"https:\/\/premino.pl\/index.php?rest_route=\/wp\/v2\/product"}],"about":[{"href":"https:\/\/premino.pl\/index.php?rest_route=\/wp\/v2\/types\/product"}],"replies":[{"embeddable":true,"href":"https:\/\/premino.pl\/index.php?rest_route=%2Fwp%2Fv2%2Fcomments&post=74072"}],"wp:featuredmedia":[{"embeddable":true,"href":"https:\/\/premino.pl\/index.php?rest_route=\/wp\/v2\/media\/74073"}],"wp:attachment":[{"href":"https:\/\/premino.pl\/index.php?rest_route=%2Fwp%2Fv2%2Fmedia&parent=74072"}],"wp:term":[{"taxonomy":"kategoria-hurtowni","embeddable":true,"href":"https:\/\/premino.pl\/index.php?rest_route=%2Fwp%2Fv2%2Fkategoria-hurtowni&post=74072"},{"taxonomy":"product_brand","embeddable":true,"href":"https:\/\/premino.pl\/index.php?rest_route=%2Fwp%2Fv2%2Fproduct_brand&post=74072"},{"taxonomy":"product_cat","embeddable":true,"href":"https:\/\/premino.pl\/index.php?rest_route=%2Fwp%2Fv2%2Fproduct_cat&post=74072"},{"taxonomy":"product_tag","embeddable":true,"href":"https:\/\/premino.pl\/index.php?rest_route=%2Fwp%2Fv2%2Fproduct_tag&post=74072"}],"curies":[{"name":"wp","href":"https:\/\/api.w.org\/{rel}","templated":true}]}}