{"id":74138,"date":"2026-05-13T20:54:50","date_gmt":"2026-05-13T18:54:50","guid":{"rendered":"https:\/\/premino.pl\/?product=magnesium-taurate-malate-suplement-diety-w-proszku-94g"},"modified":"2026-05-13T20:54:51","modified_gmt":"2026-05-13T18:54:51","slug":"magnesium-taurate-malate-suplement-diety-w-proszku-94g","status":"publish","type":"product","link":"https:\/\/premino.pl\/?product=magnesium-taurate-malate-suplement-diety-w-proszku-94g","title":{"rendered":"Magnesium Taurate Malate suplement diety w proszku 94g"},"content":{"rendered":"<p><b>Suplement diety\u00a0Magnesium taurate, malate\u00a0to preparat zawieraj\u0105cy taurynian magnezu i jab\u0142czan magnezu, w postaci proszku.<br \/><\/b>Magnez\u00a0jest zasadniczym i niezast\u0105pionym sk\u0142adnikiem funkcji biochemicznych kom\u00f3rki, b\u0119d\u0105c aktywatorem ponad 300 r\u00f3\u017cnych enzym\u00f3w. Uczestniczy aktywnie w przebiegu wa\u017cnych szlak\u00f3w metabolicznych, takich jak: glikoliza, cykl Krebsa, \u03b2-oksydacja czy transport jon\u00f3w poprzez b\u0142ony kom\u00f3rkowe. Dzi\u0119ki w\u0142a\u015bciwo\u015bciom fizykochemicznym, Mg2 mo\u017ce wi\u0105za\u0107 si\u0119 z j\u0105drem kom\u00f3rkowym, rybosomami, b\u0142onami kom\u00f3rkowymi oraz makromoleku\u0142ami cytozolu kom\u00f3rki.<\/p>\n<p><b>Magnez:<br \/><\/b>\u25cf pomaga w prawid\u0142owym funkcjonowaniu\u00a0uk\u0142adu nerwowego,<br \/>\u25cf przyczynia si\u0119 do zmniejszenia uczucia\u00a0zm\u0119czenia i znu\u017cenia,<br \/>\u25cf pomaga w utrzymaniu\u00a0r\u00f3wnowagi elektrolitowej,<br \/>\u25cf prawid\u0142owego metabolizmu energetycznego,<br \/>\u25cf pomaga w prawid\u0142owym\u00a0funkcjonowaniu mi\u0119\u015bni,<br \/>\u25cf pomaga w prawid\u0142owej\u00a0syntezie bia\u0142ka,<br \/>\u25cf pomaga w utrzymaniu\u00a0prawid\u0142owych funkcji psychologicznych,<br \/>\u25cf pomaga w utrzymaniu\u00a0zdrowych ko\u015bci,<br \/>\u25cf pomaga w utrzymaniu\u00a0zdrowych z\u0119b\u00f3w,<br \/>\u25cf odgrywa rol\u0119 w\u00a0procesie podzia\u0142u kom\u00f3rek.<\/p>\n<p><b>Porcja zalecana do spo\u017cycia w ci\u0105gu dnia<\/b><b>:\u00a0<\/b>1-2\u00a0miarki.<\/p>\n<p><b>Preferowane spo\u017cycie<\/b>: proszek nale\u017cy rozpu\u015bci\u0107 w 1\u20442 szklanki wody lub w ma\u0142ej ilo\u015bci wody o temperaturze pokojowej, wymiesza\u0107 i spo\u017cy\u0107. Preparat nie rozpu\u015bci si\u0119 w ca\u0142o\u015bci, pozostanie zawiesina co wynika z charakterystyki soli magnezowej. Magnez mo\u017cna dodawa\u0107 do koktajli, jogurt\u00f3w.<\/p>\n<p>Rekomenduje si\u0119 podzielenie dawki dziennej na dwie lub kilka mniejszych. Rozpoczynaj\u0105c suplementacj\u0119 najlepiej rozpocz\u0105\u0107 od mniejszej porcji i stopniowe zwi\u0119kszanie jej, a\u017c do docelowej.<\/p>\n<p>Produkt bezglutenowy.<\/p>\n<p><strong>Forma podania:<\/strong> proszek<br \/>\n<strong>Gramatura:<\/strong> g<br \/>\n<strong>Pojemno\u015b\u0107:<\/strong> 94<br \/>\n<strong>P\u0142e\u0107:<\/strong> unisex<br \/>\n<strong>Rodzaj:<\/strong> pozosta\u0142e<\/p>\n<p><strong>Uwagi:<\/strong><\/p>\n<p>Nie przekracza\u0107 zalecanej porcji do spo\u017cycia w ci\u0105gu dnia. Do utrzymania prawid\u0142owego stanu zdrowia nale\u017cy stosowa\u0107 zr\u00f3\u017cnicowan\u0105 diet\u0119 i prowadzi\u0107 zdrowy styl \u017cycia. Suplement diety nie mo\u017ce by\u0107 stosowany jako substytut zr\u00f3\u017cnicowanej diety. Preparat polecany dla os\u00f3b doros\u0142ych. Produkt mo\u017ce by\u0107 spo\u017cywany przez wegan. Kobiety w ci\u0105\u017cy i karmi\u0105ce piersi\u0105 przed zastosowaniem produktu powinny skonsultowa\u0107 si\u0119 z lekarzem.<\/p>\n<p><strong>Sk\u0142adniki:<\/strong><\/p>\n<p>magnez (taurynian magnezu, jab\u0142czan magnezu).\u00a0<\/p>\n","protected":false},"excerpt":{"rendered":"<p> <strong>Forma podania:<\/strong> proszek<br \/>  <strong>Gramatura:<\/strong> g<br \/>  <strong>Pojemno\u015b\u0107:<\/strong> 94<br \/>  <strong>P\u0142e\u0107:<\/strong> unisex<br \/>  <strong>Rodzaj:<\/strong> pozosta\u0142e <\/p>\n","protected":false},"featured_media":74139,"comment_status":"open","ping_status":"closed","template":"","meta":{"_acf_changed":false},"kategoria-hurtowni":[206,205],"product_brand":[749],"product_cat":[76],"product_tag":[],"class_list":{"0":"post-74138","1":"product","2":"type-product","3":"status-publish","4":"has-post-thumbnail","6":"kategoria-hurtowni-suplementy-diety","7":"kategoria-hurtowni-zdrowie","8":"product_brand-labs212","9":"product_cat-primavera","11":"first","12":"outofstock","13":"taxable","14":"shipping-taxable","15":"product-type-simple"},"acf":[],"_links":{"self":[{"href":"https:\/\/premino.pl\/index.php?rest_route=\/wp\/v2\/product\/74138","targetHints":{"allow":["GET"]}}],"collection":[{"href":"https:\/\/premino.pl\/index.php?rest_route=\/wp\/v2\/product"}],"about":[{"href":"https:\/\/premino.pl\/index.php?rest_route=\/wp\/v2\/types\/product"}],"replies":[{"embeddable":true,"href":"https:\/\/premino.pl\/index.php?rest_route=%2Fwp%2Fv2%2Fcomments&post=74138"}],"wp:featuredmedia":[{"embeddable":true,"href":"https:\/\/premino.pl\/index.php?rest_route=\/wp\/v2\/media\/74139"}],"wp:attachment":[{"href":"https:\/\/premino.pl\/index.php?rest_route=%2Fwp%2Fv2%2Fmedia&parent=74138"}],"wp:term":[{"taxonomy":"kategoria-hurtowni","embeddable":true,"href":"https:\/\/premino.pl\/index.php?rest_route=%2Fwp%2Fv2%2Fkategoria-hurtowni&post=74138"},{"taxonomy":"product_brand","embeddable":true,"href":"https:\/\/premino.pl\/index.php?rest_route=%2Fwp%2Fv2%2Fproduct_brand&post=74138"},{"taxonomy":"product_cat","embeddable":true,"href":"https:\/\/premino.pl\/index.php?rest_route=%2Fwp%2Fv2%2Fproduct_cat&post=74138"},{"taxonomy":"product_tag","embeddable":true,"href":"https:\/\/premino.pl\/index.php?rest_route=%2Fwp%2Fv2%2Fproduct_tag&post=74138"}],"curies":[{"name":"wp","href":"https:\/\/api.w.org\/{rel}","templated":true}]}}