{"id":74140,"date":"2026-05-13T20:54:52","date_gmt":"2026-05-13T18:54:52","guid":{"rendered":"https:\/\/premino.pl\/?product=allmag-magnesium-suplement-diety-90-kapsulek"},"modified":"2026-05-13T20:54:52","modified_gmt":"2026-05-13T18:54:52","slug":"allmag-magnesium-suplement-diety-90-kapsulek","status":"publish","type":"product","link":"https:\/\/premino.pl\/?product=allmag-magnesium-suplement-diety-90-kapsulek","title":{"rendered":"ALLmag Magnesium suplement diety 90 kapsu\u0142ek"},"content":{"rendered":"<p><b>Suplement diety\u00a0ALLmag\u00ae\u00a0to kompleksowy preparat magnezowy zawieraj\u0105cy 3 organiczne formy magnezu:\u00a0jab\u0142czan, glukonian\u00a0i\u00a0cytrynian\u00a0oraz\u00a0witaminy z grupy B:\u00a0witamina\u00a0B1, witamina B2\u00a0w postaci R-5-P,\u00a0witamina\u00a0B5\u00a0w postaci D-pantotenianu wapnia oraz\u00a0witamina\u00a0B6\u00a0jako P-5-P.<\/b><\/p>\n<p>Magnez\u00a0jest zasadniczym i niezast\u0105pionym sk\u0142adnikiem funkcji biochemicznych kom\u00f3rki, b\u0119d\u0105c aktywatorem ponad 300 r\u00f3\u017cnych enzym\u00f3w. Uczestniczy aktywnie w przebiegu wa\u017cnych szlak\u00f3w metabolicznych, takich jak: glikoliza, cykl Krebsa, \u03b2-oksydacja czy transport jon\u00f3w poprzez b\u0142ony kom\u00f3rkowe. Dzi\u0119ki w\u0142a\u015bciwo\u015bciom fizykochemicznym, Mg2 mo\u017ce wi\u0105za\u0107 si\u0119 z j\u0105drem kom\u00f3rkowym, rybosomami, b\u0142onami kom\u00f3rkowymi oraz makromoleku\u0142ami cytozolu kom\u00f3rki.<\/p>\n<p><b>Magnez:<br \/><\/b>\u25cf pomaga w prawid\u0142owym funkcjonowaniu\u00a0uk\u0142adu nerwowego,<br \/>\u25cf przyczynia si\u0119 do zmniejszenia uczucia\u00a0zm\u0119czenia i znu\u017cenia,<br \/>\u25cf pomaga w utrzymaniu\u00a0r\u00f3wnowagi elektrolitowej,<br \/>\u25cf przyczynia si\u0119 do utrzymania prawid\u0142owego metabolizmu energetycznego,<br \/>\u25cf pomaga w prawid\u0142owym\u00a0funkcjonowaniu mi\u0119\u015bni,<br \/>\u25cf pomaga w prawid\u0142owej\u00a0syntezie bia\u0142ka,<br \/>\u25cf pomaga w utrzymaniu\u00a0prawid\u0142owych funkcji psychologicznych,<br \/>\u25cf pomaga w utrzymaniu\u00a0zdrowych ko\u015bci,<br \/>\u25cf pomaga w utrzymaniu\u00a0zdrowych z\u0119b\u00f3w,<br \/>\u25cf odgrywa rol\u0119 w\u00a0procesie podzia\u0142u kom\u00f3rek.<\/p>\n<p><b>Witamina B1 tiamina:<br \/><\/b>\u25cf pomaga w utrzymaniu prawid\u0142owych\u00a0funkcji psychicznych,<br \/>\u25cf przyczynia si\u0119 do utrzymania\u00a0prawid\u0142owego metabolizmu energetycznego,<br \/>\u25cf pomaga w prawid\u0142owym\u00a0funkcjonowaniu uk\u0142adu nerwowego,<br \/>\u25cf pomaga w prawid\u0142owym\u00a0funkcjonowaniu serca.<\/p>\n<p><b>Witamina B2 ryboflawina:<br \/><\/b>\u25cf pomaga w prawid\u0142owym\u00a0funkcjonowaniu uk\u0142adu nerwowego,<br \/>\u25cf przyczynia si\u0119\u00a0do\u00a0utrzymania\u00a0prawid\u0142owego\u00a0metabolizmu \u017celaza,<br \/>\u25cf pomaga w\u00a0ochronie\u00a0kom\u00f3rek\u00a0przed\u00a0stresem oksydacyjnym,<br \/>\u25cf przyczynia si\u0119 do utrzymania prawid\u0142owego\u00a0metabolizmu energetycznego,<br \/>\u25cf pomaga\u00a0w utrzymaniu prawid\u0142owego stanu\u00a0b\u0142on \u015bluzowych\u00a0oraz pomaga zachowa\u0107 zdrow\u0105 sk\u00f3r\u0119,<br \/>\u25cf pomaga w utrzymaniu\u00a0prawid\u0142owego widzenia,<br \/>\u25cf pomaga w utrzymaniu prawid\u0142owego\u00a0stanu czerwonych krwinek,<br \/>\u25cf przyczynia si\u0119 do\u00a0zmniejszenia uczucia zm\u0119czenia i znu\u017cenia.<\/p>\n<p><b>Witamina B5 :<\/b><br \/>\u25cf przyczynia si\u0119 do prawid\u0142owej\u00a0syntezy i metabolizmu hormon\u00f3w steroidowych,<br \/>\u25cf przyczynia si\u0119 do wsparcia metabolizmu\u00a0witaminy A, B12, D,<br \/>\u25cf przyczynia si\u0119 do wsparcia\u00a0metabolizmu niekt\u00f3rych neuroprzeka\u017anik\u00f3w,<br \/>\u25cf przyczynia si\u0119 do prawid\u0142owego\u00a0pozyskiwania energii w procesach metabolicznych\u00a0takich jak:metabolizm w\u0119glowodan\u00f3w i aminokwas\u00f3w<br \/>\u25cf metabolizm t\u0142uszcz\u00f3w<br \/>\u25cf metabolizmu makrosk\u0142adnik\u00f3w<br \/>\u25cf metabolizmu energii.<\/p>\n<p><b>Witamina B6 pirydoksyna:<\/b><br \/>\u25cf pomaga w utrzymaniu\u00a0prawid\u0142owych funkcji psychologicznych,<br \/>\u25cf pomaga w\u00a0prawid\u0142owym funkcjonowaniu uk\u0142adu odporno\u015bciowego,<br \/>\u25cf przyczynia si\u0119\u00a0do\u00a0zmniejszenia uczucia zm\u0119czenia i znu\u017cenia,<br \/>\u25cf przyczynia si\u0119\u00a0do regulacji\u00a0aktywno\u015bci hormonalnej\u00a0(jest\u00a0niezb\u0119dnym kofaktorem w metabolizmie kwas\u00f3w t\u0142uszczowych),<br \/>\u25cf pomaga w\u00a0prawid\u0142owej syntezie cysteiny,<br \/>\u25cf pomaga w\u00a0prawid\u0142owej\u00a0produkcji czerwonych krwinek,<br \/>\u25cf przyczynia si\u0119 do utrzymania prawid\u0142owego\u00a0metabolizmu energetycznego,<br \/>\u25cf pomaga w prawid\u0142owym\u00a0funkcjonowaniu uk\u0142adu nerwowego,<br \/>\u25cf pomaga w utrzymaniu prawid\u0142owego\u00a0metabolizmu homocysteiny,<br \/>\u25cf przyczynia si\u0119 do utrzymania prawid\u0142owego\u00a0metabolizmu bia\u0142ka i glikogenu.<\/p>\n<p><b>Porcja zalecana do spo\u017cycia w ci\u0105gu dnia:<\/b>\u00a03 kapsu\u0142ki.<\/p>\n<p><b>Preferowane spo\u017cycie<\/b>: magnez nale\u017cy spo\u017cywa\u0107 po posi\u0142ku, popijaj\u0105c du\u017c\u0105 ilo\u015bci\u0105 wody. Magnez mo\u017cna przyjmowa\u0107 o ka\u017cdej porze w ci\u0105gu dnia. Rekomenduje si\u0119 podzielenie dawki dziennej na dwie. Rozpoczynaj\u0105c suplementacj\u0119 najlepiej rozpocz\u0105\u0107 od jednej kapsu\u0142ki i stopniowe zwi\u0119ksza\u0107 j\u0105, a\u017c do docelowej porcji dziennej.<\/p>\n<p><b>Ostrze\u017cenie:\u00a0<\/b>kobiety w ci\u0105\u017cy i karmi\u0105ce piersi\u0105 przed zastosowaniem produktu powinny skonsultowa\u0107 si\u0119 z lekarzem.<\/p>\n<p><strong>Forma podania:<\/strong> kapsu\u0142ki<br \/>\n<strong>Gramatura:<\/strong> sztuka<br \/>\n<strong>Pojemno\u015b\u0107:<\/strong> 90<br \/>\n<strong>P\u0142e\u0107:<\/strong> unisex<br \/>\n<strong>Rodzaj:<\/strong> witaminy i minera\u0142y<\/p>\n<p><strong>Uwagi:<\/strong><\/p>\n<p>Nie przekracza\u0107 zalecanej porcji do spo\u017cycia w ci\u0105gu dnia. Do utrzymania prawid\u0142owego stanu zdrowia nale\u017cy stosowa\u0107 zr\u00f3\u017cnicowan\u0105 diet\u0119 i prowadzi\u0107 zdrowy styl \u017cycia. Suplement diety nie mo\u017ce by\u0107 stosowany jako substytut zr\u00f3\u017cnicowanej diety. Preparat polecany dla os\u00f3b doros\u0142ych. Produkt mo\u017ce by\u0107 spo\u017cywany przez wegan.<\/p>\n<p><\/p>\n<p><strong>Sk\u0142adniki:<\/strong><\/p>\n<p>glukonian magnezu, jab\u0142czan magnezu, sole magnezowe kwasu cytrynowego, hydroksypropylometyloceluloza \u2013 otoczka kapsu\u0142ki Vcaps\u00aePLUS, D-pantotenian wapnia, L-leucyna, chlorowodorek tiaminy, ryboflawiny 5\u2032-fosforan sodowy, pirydoksalo 5-fosforan.<\/p>\n","protected":false},"excerpt":{"rendered":"<p> <strong>Forma podania:<\/strong> kapsu\u0142ki<br \/>  <strong>Gramatura:<\/strong> sztuka<br \/>  <strong>Pojemno\u015b\u0107:<\/strong> 90<br \/>  <strong>P\u0142e\u0107:<\/strong> unisex<br \/>  <strong>Rodzaj:<\/strong> witaminy i minera\u0142y <\/p>\n","protected":false},"featured_media":74141,"comment_status":"open","ping_status":"closed","template":"","meta":{"_acf_changed":false},"kategoria-hurtowni":[206,205],"product_brand":[749],"product_cat":[76],"product_tag":[],"class_list":{"0":"post-74140","1":"product","2":"type-product","3":"status-publish","4":"has-post-thumbnail","6":"kategoria-hurtowni-suplementy-diety","7":"kategoria-hurtowni-zdrowie","8":"product_brand-labs212","9":"product_cat-primavera","11":"first","12":"outofstock","13":"taxable","14":"shipping-taxable","15":"product-type-simple"},"acf":[],"_links":{"self":[{"href":"https:\/\/premino.pl\/index.php?rest_route=\/wp\/v2\/product\/74140","targetHints":{"allow":["GET"]}}],"collection":[{"href":"https:\/\/premino.pl\/index.php?rest_route=\/wp\/v2\/product"}],"about":[{"href":"https:\/\/premino.pl\/index.php?rest_route=\/wp\/v2\/types\/product"}],"replies":[{"embeddable":true,"href":"https:\/\/premino.pl\/index.php?rest_route=%2Fwp%2Fv2%2Fcomments&post=74140"}],"wp:featuredmedia":[{"embeddable":true,"href":"https:\/\/premino.pl\/index.php?rest_route=\/wp\/v2\/media\/74141"}],"wp:attachment":[{"href":"https:\/\/premino.pl\/index.php?rest_route=%2Fwp%2Fv2%2Fmedia&parent=74140"}],"wp:term":[{"taxonomy":"kategoria-hurtowni","embeddable":true,"href":"https:\/\/premino.pl\/index.php?rest_route=%2Fwp%2Fv2%2Fkategoria-hurtowni&post=74140"},{"taxonomy":"product_brand","embeddable":true,"href":"https:\/\/premino.pl\/index.php?rest_route=%2Fwp%2Fv2%2Fproduct_brand&post=74140"},{"taxonomy":"product_cat","embeddable":true,"href":"https:\/\/premino.pl\/index.php?rest_route=%2Fwp%2Fv2%2Fproduct_cat&post=74140"},{"taxonomy":"product_tag","embeddable":true,"href":"https:\/\/premino.pl\/index.php?rest_route=%2Fwp%2Fv2%2Fproduct_tag&post=74140"}],"curies":[{"name":"wp","href":"https:\/\/api.w.org\/{rel}","templated":true}]}}