{"id":74220,"date":"2026-05-13T20:55:37","date_gmt":"2026-05-13T18:55:37","guid":{"rendered":"https:\/\/premino.pl\/?product=hero-olejek-do-demakijazu-z-koenzymem-q10-195ml"},"modified":"2026-05-13T20:55:37","modified_gmt":"2026-05-13T18:55:37","slug":"hero-olejek-do-demakijazu-z-koenzymem-q10-195ml","status":"publish","type":"product","link":"https:\/\/premino.pl\/?product=hero-olejek-do-demakijazu-z-koenzymem-q10-195ml","title":{"rendered":"Hero olejek do demakija\u017cu z koenzymem Q10 195ml"},"content":{"rendered":"<p>Olejek do demakija\u017cu z koenzymem Q10 skutecznie usuwa makija\u017c i zanieczyszczenia, jednocze\u015bnie wspieraj\u0105c regeneracj\u0119 sk\u00f3ry. Dzi\u0119ki silnym w\u0142a\u015bciwo\u015bciom antyoksydacyjnym chroni przed przedwczesnym starzeniem, intensywnie nawil\u017ca i poprawia elastyczno\u015b\u0107. Delikatna formu\u0142a nie narusza bariery hydrolipidowej, pozostawiaj\u0105c sk\u00f3r\u0119 czyst\u0105, mi\u0119kk\u0105 i pe\u0142n\u0105 blasku. Odpowiedni dla ka\u017cdego rodzaju cery, szczeg\u00f3lnie suchej i dojrza\u0142ej.<\/p>\n<p><b>Sk\u0142adniki aktywne:<br \/><\/b>\u2022 Koenzym Q10 (Ubichinon) \u2013 neutralizuje wolne rodniki, op\u00f3\u017ania procesy starzenia i wspiera regeneracj\u0119 sk\u00f3ry, nadaj\u0105c jej zdrowy, promienny wygl\u0105d.<br \/>\u2022 Ro\u015blinne emolienty \u2013 skwalan ro\u015blinny oraz oleje ze s\u0142odkich migda\u0142\u00f3w i rokitnika intensywnie od\u017cywiaj\u0105, regeneruj\u0105 i poprawiaj\u0105 elastyczno\u015b\u0107 sk\u00f3ry.<\/p>\n<p><b>Spos\u00f3b u\u017cycia:<br \/><\/b>Na such\u0105 sk\u00f3r\u0119 na\u0142\u00f3\u017c 1-2 dozy olejku i delikatnie wmasuj go w twarz, r\u00f3wnie\u017c w okolice oczu i ust. Zwil\u017c d\u0142onie wod\u0105, aby olejek zmieni\u0142 konsystencj\u0119 na mleczn\u0105, a nast\u0119pnie ponownie wmasuj. Na koniec sp\u0142ucz ciep\u0142\u0105 wod\u0105 i przejd\u017a do kolejnego etapu oczyszczania.<\/p>\n<p><strong>Dzia\u0142anie:<\/strong> chroni, demakija\u017c, oczyszczaj\u0105ce, regeneruje, zmi\u0119kcza<br \/>\n<strong>Gramatura:<\/strong> ml<br \/>\n<strong>Konsystencja:<\/strong> olejek<br \/>\n<strong>Linie elitarne:<\/strong> nie<br \/>\n<strong>Piel\u0119gnacja specyficzna:<\/strong> nie<br \/>\n<strong>Pojemno\u015b\u0107:<\/strong> 195<br \/>\n<strong>Pora stosowania:<\/strong> dowolnie<br \/>\n<strong>P\u0142e\u0107:<\/strong> damski<br \/>\n<strong>Rodzaj sk\u00f3ry:<\/strong> dojrza\u0142a<br \/>\n<strong>S\u0142o\u0144ce:<\/strong> nie<br \/>\n<strong>Typ sk\u00f3ry:<\/strong> mieszana\/t\u0142usta, normalna, sucha<\/p>\n<p><strong>Uwagi:<\/strong><\/p>\n<p>Tylko do u\u017cytku zewn\u0119trznego.<\/p>\n<p><strong>Sk\u0142adniki:<\/strong><\/p>\n<p>Caprylic\/Capric Triglyceride, Vitis Vinifera Seed Oil, MIPA-Laureth Sulfate, Laureth-4, Cocamide DEA, Ubiquinone, Hippophae Rhamnoides Oil, Tocopheryl Acetate, Parfum.<\/p>\n","protected":false},"excerpt":{"rendered":"<p> <strong>Dzia\u0142anie:<\/strong> chroni, demakija\u017c, oczyszczaj\u0105ce, regeneruje, zmi\u0119kcza<br \/>  <strong>Gramatura:<\/strong> ml<br \/>  <strong>Konsystencja:<\/strong> olejek<br \/>  <strong>Linie elitarne:<\/strong> nie<br \/>  <strong>Piel\u0119gnacja specyficzna:<\/strong> nie<br \/>  <strong>Pojemno\u015b\u0107:<\/strong> 195<br \/>  <strong>Pora stosowania:<\/strong> dowolnie<br \/>  <strong>P\u0142e\u0107:<\/strong> damski<br \/>  <strong>Rodzaj sk\u00f3ry:<\/strong> dojrza\u0142a<br \/>  <strong>S\u0142o\u0144ce:<\/strong> nie<br \/>  <strong>Typ sk\u00f3ry:<\/strong> mieszana\/t\u0142usta, normalna, sucha <\/p>\n","protected":false},"featured_media":74221,"comment_status":"open","ping_status":"closed","template":"","meta":{"_acf_changed":false},"kategoria-hurtowni":[100,101,102],"product_brand":[865],"product_cat":[76],"product_tag":[],"class_list":{"0":"post-74220","1":"product","2":"type-product","3":"status-publish","4":"has-post-thumbnail","6":"kategoria-hurtowni-eco-bio","7":"kategoria-hurtowni-pielegnacja-twarzy","8":"kategoria-hurtowni-twarz","9":"product_brand-vianek","10":"product_cat-primavera","12":"first","13":"outofstock","14":"taxable","15":"shipping-taxable","16":"product-type-simple"},"acf":[],"_links":{"self":[{"href":"https:\/\/premino.pl\/index.php?rest_route=\/wp\/v2\/product\/74220","targetHints":{"allow":["GET"]}}],"collection":[{"href":"https:\/\/premino.pl\/index.php?rest_route=\/wp\/v2\/product"}],"about":[{"href":"https:\/\/premino.pl\/index.php?rest_route=\/wp\/v2\/types\/product"}],"replies":[{"embeddable":true,"href":"https:\/\/premino.pl\/index.php?rest_route=%2Fwp%2Fv2%2Fcomments&post=74220"}],"wp:featuredmedia":[{"embeddable":true,"href":"https:\/\/premino.pl\/index.php?rest_route=\/wp\/v2\/media\/74221"}],"wp:attachment":[{"href":"https:\/\/premino.pl\/index.php?rest_route=%2Fwp%2Fv2%2Fmedia&parent=74220"}],"wp:term":[{"taxonomy":"kategoria-hurtowni","embeddable":true,"href":"https:\/\/premino.pl\/index.php?rest_route=%2Fwp%2Fv2%2Fkategoria-hurtowni&post=74220"},{"taxonomy":"product_brand","embeddable":true,"href":"https:\/\/premino.pl\/index.php?rest_route=%2Fwp%2Fv2%2Fproduct_brand&post=74220"},{"taxonomy":"product_cat","embeddable":true,"href":"https:\/\/premino.pl\/index.php?rest_route=%2Fwp%2Fv2%2Fproduct_cat&post=74220"},{"taxonomy":"product_tag","embeddable":true,"href":"https:\/\/premino.pl\/index.php?rest_route=%2Fwp%2Fv2%2Fproduct_tag&post=74220"}],"curies":[{"name":"wp","href":"https:\/\/api.w.org\/{rel}","templated":true}]}}