{"id":74256,"date":"2026-05-13T20:55:56","date_gmt":"2026-05-13T18:55:56","guid":{"rendered":"https:\/\/premino.pl\/?product=happy-easter-swieca-sojowa-garden-party-200ml"},"modified":"2026-05-13T20:55:56","modified_gmt":"2026-05-13T18:55:56","slug":"happy-easter-swieca-sojowa-garden-party-200ml","status":"publish","type":"product","link":"https:\/\/premino.pl\/?product=happy-easter-swieca-sojowa-garden-party-200ml","title":{"rendered":"Happy Easter \u015bwieca sojowa Garden Party 200ml"},"content":{"rendered":"<p>Wielkanocna kolekcja \u015bwiec sojowych to idealny spos\u00f3b na wprowadzenie wiosennego klimatu do Twojego domu. Ka\u017cda \u015bwieca zosta\u0142a starannie wykonana z naturalnego wosku sojowego, co zapewnia d\u0142ugi i czysty czas palenia. Dzi\u0119ki r\u0119cznej produkcji oraz precyzyjnie dobranym zapachom, ka\u017cda \u015bwieca nie tylko stanowi wyj\u0105tkowy element dekoracyjny, ale r\u00f3wnie\u017c wprowadza ciep\u0142\u0105 i relaksuj\u0105c\u0105 atmosfer\u0119.<\/p>\n<p><b>Spos\u00f3b u\u017cycia:\u00a0<\/b>Postaw \u015bwiec\u0119 na stabilnej, niepalnej powierzchni, z dala od okien. Idealnym pod\u0142o\u017cem jest np. ceramika. Aby unikn\u0105\u0107 tworzenia si\u0119 tunelu, zapalaj \u015bwiec\u0119 przez maksymalnie 1,5 godziny, a\u017c g\u00f3rna warstwa wosku stopnieje na g\u0142\u0119boko\u015b\u0107 1-2 cm. Regularnie skracaj knot do oko\u0142o 0,5 cm. Unikaj wrzucania kawa\u0142k\u00f3w knota lub innych substancji do wosku.<\/p>\n<p><strong>Gramatura:<\/strong> ml<br \/>\n<strong>Pojemno\u015b\u0107:<\/strong> 200<br \/>\n<strong>P\u0142e\u0107:<\/strong> unisex<br \/>\n<strong>Rodzaj:<\/strong> \u015bwieca<br \/>\n<strong>Zapach:<\/strong> Garden Party<br \/>\n<strong>Zestaw:<\/strong> nie<\/p>\n<p><strong>Uwagi:<\/strong><\/p>\n<p>\u015awiece mog\u0105 powodowa\u0107 wyst\u0105pienie reakcji alergicznej. Dzia\u0142aj\u0105 szkodliwie na organizmy wodne, powoduj\u0105c d\u0142ugotrwa\u0142e skutki. Chroni\u0107 przed dzie\u0107mi. Zawarto\u015b\u0107\/pojemnik usun\u0105\u0107 do odpowiednio oznakowanych pojemnik\u00f3w na odpady zgodnie z krajowymi przepisami.<\/p>\n<p><strong>Sk\u0142adniki:<\/strong><\/p>\n<p>naturalne olejki eteryczne, wosk sojowy<\/p>\n","protected":false},"excerpt":{"rendered":"<p> <strong>Gramatura:<\/strong> ml<br \/>  <strong>Pojemno\u015b\u0107:<\/strong> 200<br \/>  <strong>P\u0142e\u0107:<\/strong> unisex<br \/>  <strong>Rodzaj:<\/strong> \u015bwieca<br \/>  <strong>Zapach:<\/strong> Garden Party<br \/>  <strong>Zestaw:<\/strong> nie <\/p>\n","protected":false},"featured_media":74257,"comment_status":"open","ping_status":"closed","template":"","meta":{"_acf_changed":false},"kategoria-hurtowni":[191,654],"product_brand":[295],"product_cat":[76],"product_tag":[],"class_list":{"0":"post-74256","1":"product","2":"type-product","3":"status-publish","4":"has-post-thumbnail","6":"kategoria-hurtowni-dom","7":"kategoria-hurtowni-swieczki","8":"product_brand-hiskin","9":"product_cat-primavera","11":"first","12":"outofstock","13":"taxable","14":"shipping-taxable","15":"product-type-simple"},"acf":[],"_links":{"self":[{"href":"https:\/\/premino.pl\/index.php?rest_route=\/wp\/v2\/product\/74256","targetHints":{"allow":["GET"]}}],"collection":[{"href":"https:\/\/premino.pl\/index.php?rest_route=\/wp\/v2\/product"}],"about":[{"href":"https:\/\/premino.pl\/index.php?rest_route=\/wp\/v2\/types\/product"}],"replies":[{"embeddable":true,"href":"https:\/\/premino.pl\/index.php?rest_route=%2Fwp%2Fv2%2Fcomments&post=74256"}],"wp:featuredmedia":[{"embeddable":true,"href":"https:\/\/premino.pl\/index.php?rest_route=\/wp\/v2\/media\/74257"}],"wp:attachment":[{"href":"https:\/\/premino.pl\/index.php?rest_route=%2Fwp%2Fv2%2Fmedia&parent=74256"}],"wp:term":[{"taxonomy":"kategoria-hurtowni","embeddable":true,"href":"https:\/\/premino.pl\/index.php?rest_route=%2Fwp%2Fv2%2Fkategoria-hurtowni&post=74256"},{"taxonomy":"product_brand","embeddable":true,"href":"https:\/\/premino.pl\/index.php?rest_route=%2Fwp%2Fv2%2Fproduct_brand&post=74256"},{"taxonomy":"product_cat","embeddable":true,"href":"https:\/\/premino.pl\/index.php?rest_route=%2Fwp%2Fv2%2Fproduct_cat&post=74256"},{"taxonomy":"product_tag","embeddable":true,"href":"https:\/\/premino.pl\/index.php?rest_route=%2Fwp%2Fv2%2Fproduct_tag&post=74256"}],"curies":[{"name":"wp","href":"https:\/\/api.w.org\/{rel}","templated":true}]}}