{"id":74470,"date":"2026-05-13T20:57:51","date_gmt":"2026-05-13T18:57:51","guid":{"rendered":"https:\/\/premino.pl\/?product=oud-24-hours-woda-perfumowana-spray-50ml"},"modified":"2026-05-13T20:57:52","modified_gmt":"2026-05-13T18:57:52","slug":"oud-24-hours-woda-perfumowana-spray-50ml","status":"publish","type":"product","link":"https:\/\/premino.pl\/?product=oud-24-hours-woda-perfumowana-spray-50ml","title":{"rendered":"Oud 24 Hours woda perfumowana spray 50ml"},"content":{"rendered":"<p>Unikatowe perfumy Oud 24 Hours \u0142\u0105cz\u0105 tradycj\u0119 z nowoczesno\u015bci\u0105, emanuj\u0105c elegancj\u0105 i luksusem. Ich wyj\u0105tkowy aromat idealnie odzwierciedla ducha Emirat\u00f3w Arabskich, zapewniaj\u0105c trwa\u0142e doznanie luksusu o ka\u017cdej porze dnia. Niezwykle trwa\u0142y zapach sprawia, \u017ce te perfumy wyr\u00f3\u017cniaj\u0105 si\u0119 spo\u015br\u00f3d innych, staj\u0105c si\u0119 niezapomnianym dodatkiem do codziennego stylu.<\/p>\n<p><b>Nuty zapachowe:<br \/><\/b><br \/><b>Nuta g\u0142owy: <\/b>bergamotka, gorzka czekolada, mandarynka<br \/><b>Nuta serca: <\/b>gardenia, ja\u015bmin, nuty owocowe, przyprawy, ylang-ylang<br \/><b>Nuta bazy: <\/b>bursztyn, drzewo sanda\u0142owe, kadzid\u0142o, oud, paczula<\/p>\n<p><strong>Gramatura:<\/strong> ml<br \/>\n<strong>Linia k\u0105pielowa:<\/strong> nie<br \/>\n<strong>Miniatura:<\/strong> nie<br \/>\n<strong>Nuta bazy:<\/strong> bursztyn, drzewo sanda\u0142owe, kadzid\u0142o, oud, paczula<br \/>\n<strong>Nuta g\u0142owy:<\/strong> bergamotka, gorzka czekolada, mandarynka<br \/>\n<strong>Nuta g\u0142\u00f3wna:<\/strong> orientalne<br \/>\n<strong>Nuta serca:<\/strong> gardenia, ja\u015bmin, nuty owocowe, przyprawy, ylang-ylang<br \/>\n<strong>Pojemno\u015b\u0107:<\/strong> 50<br \/>\n<strong>Produkt rzadki:<\/strong> nie<br \/>\n<strong>Pr\u00f3bka:<\/strong> nie<br \/>\n<strong>P\u0142e\u0107:<\/strong> unisex<br \/>\n<strong>Rodzaj:<\/strong> woda perfumowana<br \/>\n<strong>Tester:<\/strong> nie<br \/>\n<strong>Zapach alternatywny:<\/strong> nie<br \/>\n<strong>Zestaw:<\/strong> nie<\/p>\n<p><strong>Uwagi:<\/strong><\/p>\n<p>PRODUKT \u0141ATWOPALNY DO CZASU WYSCHNI\u0118CIA. NIE STOSOWA\u0106 W POBLI\u017bU OGNIA, P\u0141OMIENIA LUB \u0179R\u00d3DE\u0141 CIEP\u0141A. UNIKA\u0106 ROZPYLANIA DO OCZU. PRZECHOWYWA\u0106 W MIEJSCU NIEDOST\u0118PNYM DLA DZIECI. TYLKO DO U\u017bYTKU ZEWN\u0118TRZNEGO.<\/p>\n<p><strong>Sk\u0142adniki:<\/strong><\/p>\n<p>Alcohol Denat, Parfum (Fragrance), Water (Aqua), Linatool. Cinnamyl Alcohol. Limoneng Cinal lol, Eugenot ceraniol, Soumain, Benzyl Benzoate, Hydroxycitronellal, Benzyl Salicylate, Farnesol. Benzyl Alcohol, Citral, Isoeugenol.<\/p>\n","protected":false},"excerpt":{"rendered":"<p> <strong>Gramatura:<\/strong> ml<br \/>  <strong>Linia k\u0105pielowa:<\/strong> nie<br \/>  <strong>Miniatura:<\/strong> nie<br \/>  <strong>Nuta bazy:<\/strong> bursztyn, drzewo sanda\u0142owe, kadzid\u0142o, oud, paczula<br \/>  <strong>Nuta g\u0142owy:<\/strong> bergamotka, gorzka czekolada, mandarynka<br \/>  <strong>Nuta g\u0142\u00f3wna:<\/strong> orientalne<br \/>  <strong>Nuta serca:<\/strong> gardenia, ja\u015bmin, nuty owocowe, przyprawy, ylang-ylang<br \/>  <strong>Pojemno\u015b\u0107:<\/strong> 50<br \/>  <strong>Produkt rzadki:<\/strong> nie<br \/>  <strong>Pr\u00f3bka:<\/strong> nie<br \/>  <strong>P\u0142e\u0107:<\/strong> unisex<br \/>  <strong>Rodzaj:<\/strong> woda perfumowana<br \/>  <strong>Tester:<\/strong> nie<br \/>  <strong>Zapach alternatywny:<\/strong> nie<br \/>  <strong>Zestaw:<\/strong> nie <\/p>\n","protected":false},"featured_media":74471,"comment_status":"open","ping_status":"closed","template":"","meta":{"_acf_changed":false},"kategoria-hurtowni":[87,88],"product_brand":[119],"product_cat":[76],"product_tag":[],"class_list":{"0":"post-74470","1":"product","2":"type-product","3":"status-publish","4":"has-post-thumbnail","6":"kategoria-hurtowni-perfumy","7":"kategoria-hurtowni-zapachy","8":"product_brand-ard-al-zaafaran","9":"product_cat-primavera","11":"first","12":"outofstock","13":"taxable","14":"shipping-taxable","15":"product-type-simple"},"acf":[],"_links":{"self":[{"href":"https:\/\/premino.pl\/index.php?rest_route=\/wp\/v2\/product\/74470","targetHints":{"allow":["GET"]}}],"collection":[{"href":"https:\/\/premino.pl\/index.php?rest_route=\/wp\/v2\/product"}],"about":[{"href":"https:\/\/premino.pl\/index.php?rest_route=\/wp\/v2\/types\/product"}],"replies":[{"embeddable":true,"href":"https:\/\/premino.pl\/index.php?rest_route=%2Fwp%2Fv2%2Fcomments&post=74470"}],"wp:featuredmedia":[{"embeddable":true,"href":"https:\/\/premino.pl\/index.php?rest_route=\/wp\/v2\/media\/74471"}],"wp:attachment":[{"href":"https:\/\/premino.pl\/index.php?rest_route=%2Fwp%2Fv2%2Fmedia&parent=74470"}],"wp:term":[{"taxonomy":"kategoria-hurtowni","embeddable":true,"href":"https:\/\/premino.pl\/index.php?rest_route=%2Fwp%2Fv2%2Fkategoria-hurtowni&post=74470"},{"taxonomy":"product_brand","embeddable":true,"href":"https:\/\/premino.pl\/index.php?rest_route=%2Fwp%2Fv2%2Fproduct_brand&post=74470"},{"taxonomy":"product_cat","embeddable":true,"href":"https:\/\/premino.pl\/index.php?rest_route=%2Fwp%2Fv2%2Fproduct_cat&post=74470"},{"taxonomy":"product_tag","embeddable":true,"href":"https:\/\/premino.pl\/index.php?rest_route=%2Fwp%2Fv2%2Fproduct_tag&post=74470"}],"curies":[{"name":"wp","href":"https:\/\/api.w.org\/{rel}","templated":true}]}}