{"id":74506,"date":"2026-05-13T20:58:10","date_gmt":"2026-05-13T18:58:10","guid":{"rendered":"https:\/\/premino.pl\/?product=aqua-wood-woda-perfumowana-spray-120ml"},"modified":"2026-05-13T20:58:11","modified_gmt":"2026-05-13T18:58:11","slug":"aqua-wood-woda-perfumowana-spray-120ml","status":"publish","type":"product","link":"https:\/\/premino.pl\/?product=aqua-wood-woda-perfumowana-spray-120ml","title":{"rendered":"Aqua Wood woda perfumowana spray 120ml"},"content":{"rendered":"<p>Oda do pragnienia przygody \u2013 eksplozja cytrus\u00f3w i soczystej gruszki. W ka\u017cdej nucie ujawnia si\u0119 dziko\u015b\u0107 oceanu i promienie s\u0142o\u0144ca. Aqua Wood to zapach, kt\u00f3ry pokochasz natychmiast i zapami\u0119tasz na zawsze.<\/p>\n<p><b>Nuty zapachowe:<br \/><\/b><br \/><b>Nuta g\u0142owy: <\/b>gruszka, cytrusy<br \/><b>Nuta serca: <\/b>indyjski imbir , r\u00f3\u017ca turecka, li\u015b\u0107 paczuli<br \/><b>Nuta bazy: <\/b>bursztyn, bia\u0142e pi\u017cmo, benzoes, kadzid\u0142o<\/p>\n<p><strong>Gramatura:<\/strong> ml<br \/>\n<strong>Linia k\u0105pielowa:<\/strong> nie<br \/>\n<strong>Miniatura:<\/strong> nie<br \/>\n<strong>Nuta bazy:<\/strong> benzoes, bia\u0142e pi\u017cmo, bursztyn, kadzid\u0142o<br \/>\n<strong>Nuta g\u0142owy:<\/strong> cytrusy, gruszka<br \/>\n<strong>Nuta g\u0142\u00f3wna:<\/strong> kwiatowe, orientalne<br \/>\n<strong>Nuta serca:<\/strong> indyjski imbir , li\u015b\u0107 paczuli, r\u00f3\u017ca turecka<br \/>\n<strong>Pojemno\u015b\u0107:<\/strong> 120<br \/>\n<strong>Produkt rzadki:<\/strong> tak<br \/>\n<strong>Pr\u00f3bka:<\/strong> nie<br \/>\n<strong>P\u0142e\u0107:<\/strong> unisex<br \/>\n<strong>Rodzaj:<\/strong> woda perfumowana<br \/>\n<strong>Tester:<\/strong> nie<br \/>\n<strong>Zapach alternatywny:<\/strong> nie<br \/>\n<strong>Zestaw:<\/strong> nie<\/p>\n<p><strong>Uwagi:<\/strong><\/p>\n<p>Tylko do u\u017cytku zewn\u0119trznego. Nie po\u0142yka\u0107. Trzyma\u0107 z dala od ognia i \u017ar\u00f3de\u0142 ciep\u0142a. Produkt \u0142atwopalny. Unika\u0107 rozpylania w oczy. Nie pali\u0107 podczas stosowania preparatu. Przechowywa\u0107 w miejscu niedost\u0119pnym dla dzieci. Nie u\u017cywa\u0107 niezgodnie z przeznaczeniem.<\/p>\n<p><strong>Sk\u0142adniki:<\/strong><\/p>\n<p>ALCOHOL DENAT, AQUA \/ WATER, PARFUM \/ FRAGRANCE, BENZYL SALICYLATE, BENZYL BENZOATE, LINALOOL, LIMONENE, CITRONELLOL, HEXYL CINNAMAL, COUMARIN, HYDROXYCITRONELLAL, EUGENOL, CITRAL, GERANIOL, FARNESOL, BENZYL CINNAMATE.<\/p>\n","protected":false},"excerpt":{"rendered":"<p> <strong>Gramatura:<\/strong> ml<br \/>  <strong>Linia k\u0105pielowa:<\/strong> nie<br \/>  <strong>Miniatura:<\/strong> nie<br \/>  <strong>Nuta bazy:<\/strong> benzoes, bia\u0142e pi\u017cmo, bursztyn, kadzid\u0142o<br \/>  <strong>Nuta g\u0142owy:<\/strong> cytrusy, gruszka<br \/>  <strong>Nuta g\u0142\u00f3wna:<\/strong> kwiatowe, orientalne<br \/>  <strong>Nuta serca:<\/strong> indyjski imbir , li\u015b\u0107 paczuli, r\u00f3\u017ca turecka<br \/>  <strong>Pojemno\u015b\u0107:<\/strong> 120<br \/>  <strong>Produkt rzadki:<\/strong> tak<br \/>  <strong>Pr\u00f3bka:<\/strong> nie<br \/>  <strong>P\u0142e\u0107:<\/strong> unisex<br \/>  <strong>Rodzaj:<\/strong> woda perfumowana<br \/>  <strong>Tester:<\/strong> nie<br \/>  <strong>Zapach alternatywny:<\/strong> nie<br \/>  <strong>Zestaw:<\/strong> nie <\/p>\n","protected":false},"featured_media":74507,"comment_status":"open","ping_status":"closed","template":"","meta":{"_acf_changed":false},"kategoria-hurtowni":[87,88],"product_brand":[284],"product_cat":[76],"product_tag":[],"class_list":{"0":"post-74506","1":"product","2":"type-product","3":"status-publish","4":"has-post-thumbnail","6":"kategoria-hurtowni-perfumy","7":"kategoria-hurtowni-zapachy","8":"product_brand-mancera","9":"product_cat-primavera","11":"first","12":"outofstock","13":"taxable","14":"shipping-taxable","15":"product-type-simple"},"acf":[],"_links":{"self":[{"href":"https:\/\/premino.pl\/index.php?rest_route=\/wp\/v2\/product\/74506","targetHints":{"allow":["GET"]}}],"collection":[{"href":"https:\/\/premino.pl\/index.php?rest_route=\/wp\/v2\/product"}],"about":[{"href":"https:\/\/premino.pl\/index.php?rest_route=\/wp\/v2\/types\/product"}],"replies":[{"embeddable":true,"href":"https:\/\/premino.pl\/index.php?rest_route=%2Fwp%2Fv2%2Fcomments&post=74506"}],"wp:featuredmedia":[{"embeddable":true,"href":"https:\/\/premino.pl\/index.php?rest_route=\/wp\/v2\/media\/74507"}],"wp:attachment":[{"href":"https:\/\/premino.pl\/index.php?rest_route=%2Fwp%2Fv2%2Fmedia&parent=74506"}],"wp:term":[{"taxonomy":"kategoria-hurtowni","embeddable":true,"href":"https:\/\/premino.pl\/index.php?rest_route=%2Fwp%2Fv2%2Fkategoria-hurtowni&post=74506"},{"taxonomy":"product_brand","embeddable":true,"href":"https:\/\/premino.pl\/index.php?rest_route=%2Fwp%2Fv2%2Fproduct_brand&post=74506"},{"taxonomy":"product_cat","embeddable":true,"href":"https:\/\/premino.pl\/index.php?rest_route=%2Fwp%2Fv2%2Fproduct_cat&post=74506"},{"taxonomy":"product_tag","embeddable":true,"href":"https:\/\/premino.pl\/index.php?rest_route=%2Fwp%2Fv2%2Fproduct_tag&post=74506"}],"curies":[{"name":"wp","href":"https:\/\/api.w.org\/{rel}","templated":true}]}}