{"id":74556,"date":"2026-05-13T20:58:44","date_gmt":"2026-05-13T18:58:44","guid":{"rendered":"https:\/\/premino.pl\/?product=pour-homme-woda-perfumowana-spray-85ml"},"modified":"2026-05-13T20:58:44","modified_gmt":"2026-05-13T18:58:44","slug":"pour-homme-woda-perfumowana-spray-85ml","status":"publish","type":"product","link":"https:\/\/premino.pl\/?product=pour-homme-woda-perfumowana-spray-85ml","title":{"rendered":"Pour Homme woda perfumowana spray 85ml"},"content":{"rendered":"<p>Wejd\u017a do \u015bwiata, w kt\u00f3rym elegancja spotyka si\u0119 z rado\u015bci\u0105. Oros Pour Homme to co\u015b wi\u0119cej ni\u017c zapach \u2013 to zapachowa podr\u00f3\u017c, kt\u00f3ra oddaje esencj\u0119 rado\u015bci i wyrafinowania. Stworzony z my\u015bl\u0105 o m\u0119\u017cczy\u017anie, kt\u00f3ry inspiruje na ka\u017cdym kroku, ten zapach doskonale \u0142\u0105czy orze\u017awiaj\u0105c\u0105 \u015bwie\u017co\u015b\u0107 cytrus\u00f3w z subteln\u0105 elegancj\u0105 starannie dobranych akord\u00f3w miejskiego ogrodu.<\/p>\n<p><\/p>\n<p><b>Nuty zapachowe:<br \/><\/b><br \/><b>Nuta g\u0142owy: <\/b>cytrusy, r\u00f3\u017cowy pieprz<br \/><b>Nuta serca: <\/b>ja\u015bmin, przyprawy<br \/><b>Nuta bazy: <\/b>paczula, drzewo gwajakowe, drzewo sanda\u0142owe<\/p>\n<p><strong>Gramatura:<\/strong> ml<br \/>\n<strong>Linia k\u0105pielowa:<\/strong> nie<br \/>\n<strong>Miniatura:<\/strong> nie<br \/>\n<strong>Nuta bazy:<\/strong> drzewo gwajakowe, drzewo sanda\u0142owe, paczula<br \/>\n<strong>Nuta g\u0142owy:<\/strong> cytrusy, r\u00f3\u017cowy pieprz<br \/>\n<strong>Nuta g\u0142\u00f3wna:<\/strong> drzewne, przyprawowe<br \/>\n<strong>Nuta serca:<\/strong> ja\u015bmin, przyprawy<br \/>\n<strong>Pojemno\u015b\u0107:<\/strong> 85<br \/>\n<strong>Produkt rzadki:<\/strong> tak<br \/>\n<strong>Pr\u00f3bka:<\/strong> nie<br \/>\n<strong>P\u0142e\u0107:<\/strong> m\u0119ski<br \/>\n<strong>Rodzaj:<\/strong> woda perfumowana<br \/>\n<strong>Tester:<\/strong> nie<br \/>\n<strong>Zapach alternatywny:<\/strong> nie<br \/>\n<strong>Zestaw:<\/strong> nie<\/p>\n<p><strong>Uwagi:<\/strong><\/p>\n<p>Produkt \u0142atwopalny. Trzyma\u0107 z dala od ognia. Unika\u0107 kontaktu z oczami oraz podra\u017cnion\u0105, wra\u017cliw\u0105 sk\u00f3r\u0105. Nie rozpyla\u0107 nad otwartym ogniem lub gor\u0105cymi przedmiotami. Przechowywa\u0107 w miejscu niedost\u0119pnym dla dzieci. Tylko do u\u017cytku zewn\u0119trznego.<\/p>\n<p><strong>Sk\u0142adniki:<\/strong><\/p>\n<p>ALCOHOL DENATURED, FRAGRANCE (PARFUM), WATER (AQUA), BENZYL SALICYLATE, LIMONENE, COUMADIN, LINALOOL, CITRONELLOL, GERANIOL, ALPHA ISOMETHYL IONONE, CITRAL, EUGENOL<\/p>\n","protected":false},"excerpt":{"rendered":"<p> <strong>Gramatura:<\/strong> ml<br \/>  <strong>Linia k\u0105pielowa:<\/strong> nie<br \/>  <strong>Miniatura:<\/strong> nie<br \/>  <strong>Nuta bazy:<\/strong> drzewo gwajakowe, drzewo sanda\u0142owe, paczula<br \/>  <strong>Nuta g\u0142owy:<\/strong> cytrusy, r\u00f3\u017cowy pieprz<br \/>  <strong>Nuta g\u0142\u00f3wna:<\/strong> drzewne, przyprawowe<br \/>  <strong>Nuta serca:<\/strong> ja\u015bmin, przyprawy<br \/>  <strong>Pojemno\u015b\u0107:<\/strong> 85<br \/>  <strong>Produkt rzadki:<\/strong> tak<br \/>  <strong>Pr\u00f3bka:<\/strong> nie<br \/>  <strong>P\u0142e\u0107:<\/strong> m\u0119ski<br \/>  <strong>Rodzaj:<\/strong> woda perfumowana<br \/>  <strong>Tester:<\/strong> nie<br \/>  <strong>Zapach alternatywny:<\/strong> nie<br \/>  <strong>Zestaw:<\/strong> nie <\/p>\n","protected":false},"featured_media":74557,"comment_status":"open","ping_status":"closed","template":"","meta":{"_acf_changed":false},"kategoria-hurtowni":[87,88],"product_brand":[1156],"product_cat":[76],"product_tag":[],"class_list":{"0":"post-74556","1":"product","2":"type-product","3":"status-publish","4":"has-post-thumbnail","6":"kategoria-hurtowni-perfumy","7":"kategoria-hurtowni-zapachy","8":"product_brand-oros","9":"product_cat-primavera","11":"first","12":"outofstock","13":"taxable","14":"shipping-taxable","15":"product-type-simple"},"acf":[],"_links":{"self":[{"href":"https:\/\/premino.pl\/index.php?rest_route=\/wp\/v2\/product\/74556","targetHints":{"allow":["GET"]}}],"collection":[{"href":"https:\/\/premino.pl\/index.php?rest_route=\/wp\/v2\/product"}],"about":[{"href":"https:\/\/premino.pl\/index.php?rest_route=\/wp\/v2\/types\/product"}],"replies":[{"embeddable":true,"href":"https:\/\/premino.pl\/index.php?rest_route=%2Fwp%2Fv2%2Fcomments&post=74556"}],"wp:featuredmedia":[{"embeddable":true,"href":"https:\/\/premino.pl\/index.php?rest_route=\/wp\/v2\/media\/74557"}],"wp:attachment":[{"href":"https:\/\/premino.pl\/index.php?rest_route=%2Fwp%2Fv2%2Fmedia&parent=74556"}],"wp:term":[{"taxonomy":"kategoria-hurtowni","embeddable":true,"href":"https:\/\/premino.pl\/index.php?rest_route=%2Fwp%2Fv2%2Fkategoria-hurtowni&post=74556"},{"taxonomy":"product_brand","embeddable":true,"href":"https:\/\/premino.pl\/index.php?rest_route=%2Fwp%2Fv2%2Fproduct_brand&post=74556"},{"taxonomy":"product_cat","embeddable":true,"href":"https:\/\/premino.pl\/index.php?rest_route=%2Fwp%2Fv2%2Fproduct_cat&post=74556"},{"taxonomy":"product_tag","embeddable":true,"href":"https:\/\/premino.pl\/index.php?rest_route=%2Fwp%2Fv2%2Fproduct_tag&post=74556"}],"curies":[{"name":"wp","href":"https:\/\/api.w.org\/{rel}","templated":true}]}}