{"id":75122,"date":"2026-05-13T21:03:51","date_gmt":"2026-05-13T19:03:51","guid":{"rendered":"https:\/\/premino.pl\/?product=amyris-femme-ekstrakt-perfum-spray-70ml"},"modified":"2026-05-13T21:03:52","modified_gmt":"2026-05-13T19:03:52","slug":"amyris-femme-ekstrakt-perfum-spray-70ml","status":"publish","type":"product","link":"https:\/\/premino.pl\/?product=amyris-femme-ekstrakt-perfum-spray-70ml","title":{"rendered":"Amyris Femme ekstrakt perfum spray 70ml"},"content":{"rendered":"<p>Subtelna, a zarazem zmys\u0142owa kompozycja, w kt\u00f3rej klasyczna elegancja spotyka si\u0119 z nowoczesn\u0105 kobieco\u015bci\u0105.\u00a0Amyris Femme\u00a0otula niczym delikatny szal \u2013 jest pe\u0142en elegancji, ale nie przyt\u0142acza.<b><\/b><\/p>\n<p><b>Nuty zapachowe:\u00a0<\/b>ja\u015bmin egipski, kwiat mandarynki, amyris, toska\u0144ski irys, gruszka, nuty drzewne, bursztyn<\/p>\n<p><strong>Gramatura:<\/strong> ml<br \/>\n<strong>Linia k\u0105pielowa:<\/strong> nie<br \/>\n<strong>Miniatura:<\/strong> nie<br \/>\n<strong>Nuta g\u0142\u00f3wna:<\/strong> kwiatowe, owocowe<br \/>\n<strong>Pojemno\u015b\u0107:<\/strong> 70<br \/>\n<strong>Produkt rzadki:<\/strong> tak<br \/>\n<strong>Pr\u00f3bka:<\/strong> nie<br \/>\n<strong>P\u0142e\u0107:<\/strong> damski<br \/>\n<strong>Rodzaj:<\/strong> perfumy<br \/>\n<strong>Tester:<\/strong> nie<br \/>\n<strong>Zapach alternatywny:<\/strong> nie<br \/>\n<strong>Zestaw:<\/strong> nie<\/p>\n<p><strong>Uwagi:<\/strong><\/p>\n<p>PRODUKT \u0141ATWOPALNY. TYLKO DO U\u017bYTKU ZEWN\u0118TRZNEGO. UNIKA\u0106 KONTAKTU Z OCZAMI. PRZECHOWYWA\u0106 Z DALA OD \u0179R\u00d3DE\u0141 CIEP\u0141A I OGNIA. PRZECHOWYWA\u0106 W CH\u0141ODNYM I SUCHYM MIEJSCU.<\/p>\n<p><strong>Sk\u0142adniki:<\/strong><\/p>\n<p>ALCOHOL AQUA (WATER) PARFUM (FRAGRANCE) LIMONENE ALPHA-ISOMETHYL IONONE BENZYL SALICYLATE ETHYLHEXYL METHOXYCINNAMATE GERANIOL CITRONELLOL LINALOOL CITRAL DIETHYLAMINO HYDROXYBENZOYL HEXYL BENZOATE AMYL CINNAMAL BHT EUGENOL ISOEUGENOL BENZYL ALCOHOL BENZYL BENZOATE CI 60730 (EXT. VIOLET 2) CI 14700 (RED 4) CI 42090 (BLUE 1).<\/p>\n","protected":false},"excerpt":{"rendered":"<p> <strong>Gramatura:<\/strong> ml<br \/>  <strong>Linia k\u0105pielowa:<\/strong> nie<br \/>  <strong>Miniatura:<\/strong> nie<br \/>  <strong>Nuta g\u0142\u00f3wna:<\/strong> kwiatowe, owocowe<br \/>  <strong>Pojemno\u015b\u0107:<\/strong> 70<br \/>  <strong>Produkt rzadki:<\/strong> tak<br \/>  <strong>Pr\u00f3bka:<\/strong> nie<br \/>  <strong>P\u0142e\u0107:<\/strong> damski<br \/>  <strong>Rodzaj:<\/strong> perfumy<br \/>  <strong>Tester:<\/strong> nie<br \/>  <strong>Zapach alternatywny:<\/strong> nie<br \/>  <strong>Zestaw:<\/strong> nie <\/p>\n","protected":false},"featured_media":75123,"comment_status":"open","ping_status":"closed","template":"","meta":{"_acf_changed":false},"kategoria-hurtowni":[87,88],"product_brand":[820],"product_cat":[76],"product_tag":[],"class_list":{"0":"post-75122","1":"product","2":"type-product","3":"status-publish","4":"has-post-thumbnail","6":"kategoria-hurtowni-perfumy","7":"kategoria-hurtowni-zapachy","8":"product_brand-maison-francis-kurkdjian","9":"product_cat-primavera","11":"first","12":"outofstock","13":"taxable","14":"shipping-taxable","15":"product-type-simple"},"acf":[],"_links":{"self":[{"href":"https:\/\/premino.pl\/index.php?rest_route=\/wp\/v2\/product\/75122","targetHints":{"allow":["GET"]}}],"collection":[{"href":"https:\/\/premino.pl\/index.php?rest_route=\/wp\/v2\/product"}],"about":[{"href":"https:\/\/premino.pl\/index.php?rest_route=\/wp\/v2\/types\/product"}],"replies":[{"embeddable":true,"href":"https:\/\/premino.pl\/index.php?rest_route=%2Fwp%2Fv2%2Fcomments&post=75122"}],"wp:featuredmedia":[{"embeddable":true,"href":"https:\/\/premino.pl\/index.php?rest_route=\/wp\/v2\/media\/75123"}],"wp:attachment":[{"href":"https:\/\/premino.pl\/index.php?rest_route=%2Fwp%2Fv2%2Fmedia&parent=75122"}],"wp:term":[{"taxonomy":"kategoria-hurtowni","embeddable":true,"href":"https:\/\/premino.pl\/index.php?rest_route=%2Fwp%2Fv2%2Fkategoria-hurtowni&post=75122"},{"taxonomy":"product_brand","embeddable":true,"href":"https:\/\/premino.pl\/index.php?rest_route=%2Fwp%2Fv2%2Fproduct_brand&post=75122"},{"taxonomy":"product_cat","embeddable":true,"href":"https:\/\/premino.pl\/index.php?rest_route=%2Fwp%2Fv2%2Fproduct_cat&post=75122"},{"taxonomy":"product_tag","embeddable":true,"href":"https:\/\/premino.pl\/index.php?rest_route=%2Fwp%2Fv2%2Fproduct_tag&post=75122"}],"curies":[{"name":"wp","href":"https:\/\/api.w.org\/{rel}","templated":true}]}}