{"id":75284,"date":"2026-05-13T21:05:21","date_gmt":"2026-05-13T19:05:21","guid":{"rendered":"https:\/\/premino.pl\/?product=pride-pour-homme-woda-perfumowana-spray-100ml"},"modified":"2026-05-13T21:05:21","modified_gmt":"2026-05-13T19:05:21","slug":"pride-pour-homme-woda-perfumowana-spray-100ml","status":"publish","type":"product","link":"https:\/\/premino.pl\/?product=pride-pour-homme-woda-perfumowana-spray-100ml","title":{"rendered":"Pride Pour Homme woda perfumowana spray 100ml"},"content":{"rendered":"<p>Rue Broca Pride Pour Homme to wyrafinowana woda perfumowana dla m\u0119\u017cczyzn, \u0142\u0105cz\u0105ca akordy w harmonijn\u0105 i pe\u0142n\u0105 g\u0142\u0119bi kompozycj\u0119. Stworzony w 2015 roku zapach oddaje esencj\u0119 m\u0119sko\u015bci, podkre\u015blaj\u0105c pewno\u015b\u0107 siebie, si\u0142\u0119 charakteru i ponadczasowy gust.<\/p>\n<p><b>Nuty zapachowe:<br \/><\/b><br \/><b>Nuta g\u0142owy: <\/b>jab\u0142ko, lawenda, geranium<br \/><b>Nuta serca: <\/b>bursztyn, drzewo sanda\u0142owe, paczula<br \/><b>Nuta bazy: <\/b>pi\u017cmo, mech d\u0119bowy, cedr<\/p>\n<p><strong>Gramatura:<\/strong> ml<br \/>\n<strong>Linia k\u0105pielowa:<\/strong> nie<br \/>\n<strong>Miniatura:<\/strong> nie<br \/>\n<strong>Nuta bazy:<\/strong> cedr, mech d\u0119bowy, pi\u017cmo<br \/>\n<strong>Nuta g\u0142owy:<\/strong> geranium, jab\u0142ko, lawenda<br \/>\n<strong>Nuta g\u0142\u00f3wna:<\/strong> drzewne, korzenne, \u015bwie\u017ca<br \/>\n<strong>Nuta serca:<\/strong> bursztyn, drzewo sanda\u0142owe, paczula<br \/>\n<strong>Pojemno\u015b\u0107:<\/strong> 100<br \/>\n<strong>Produkt rzadki:<\/strong> nie<br \/>\n<strong>Pr\u00f3bka:<\/strong> nie<br \/>\n<strong>P\u0142e\u0107:<\/strong> m\u0119ski<br \/>\n<strong>Rodzaj:<\/strong> woda perfumowana<br \/>\n<strong>Tester:<\/strong> nie<br \/>\n<strong>Zapach alternatywny:<\/strong> nie<br \/>\n<strong>Zestaw:<\/strong> nie<\/p>\n<p><strong>Uwagi:<\/strong><\/p>\n<p>Produkt przechowywa\u0107 z dala od ognia i \u017ar\u00f3de\u0142 ciep\u0142a. Trzyma\u0107 w miejscu niedost\u0119pnym dla dzieci. Nie stosowa\u0107 na podra\u017cnion\u0105 lub uszkodzon\u0105 sk\u00f3r\u0119. Unika\u0107 kontaktu z oczami.<\/p>\n<p><strong>Sk\u0142adniki:<\/strong><\/p>\n<p>ALCOHOL DENAT, AQUA (DM WATER), PARFUM, LINALOOL, ALPHA-ISOMETHYL IONONE, CITRAL, BENZYL SALICYLATE, COUMARIN, EUGENOL, D-LIMONENE.<\/p>\n","protected":false},"excerpt":{"rendered":"<p> <strong>Gramatura:<\/strong> ml<br \/>  <strong>Linia k\u0105pielowa:<\/strong> nie<br \/>  <strong>Miniatura:<\/strong> nie<br \/>  <strong>Nuta bazy:<\/strong> cedr, mech d\u0119bowy, pi\u017cmo<br \/>  <strong>Nuta g\u0142owy:<\/strong> geranium, jab\u0142ko, lawenda<br \/>  <strong>Nuta g\u0142\u00f3wna:<\/strong> drzewne, korzenne, \u015bwie\u017ca<br \/>  <strong>Nuta serca:<\/strong> bursztyn, drzewo sanda\u0142owe, paczula<br \/>  <strong>Pojemno\u015b\u0107:<\/strong> 100<br \/>  <strong>Produkt rzadki:<\/strong> nie<br \/>  <strong>Pr\u00f3bka:<\/strong> nie<br \/>  <strong>P\u0142e\u0107:<\/strong> m\u0119ski<br \/>  <strong>Rodzaj:<\/strong> woda perfumowana<br \/>  <strong>Tester:<\/strong> nie<br \/>  <strong>Zapach alternatywny:<\/strong> nie<br \/>  <strong>Zestaw:<\/strong> nie <\/p>\n","protected":false},"featured_media":75285,"comment_status":"open","ping_status":"closed","template":"","meta":{"_acf_changed":false},"kategoria-hurtowni":[87,88],"product_brand":[599],"product_cat":[76],"product_tag":[],"class_list":{"0":"post-75284","1":"product","2":"type-product","3":"status-publish","4":"has-post-thumbnail","6":"kategoria-hurtowni-perfumy","7":"kategoria-hurtowni-zapachy","8":"product_brand-rue-broca","9":"product_cat-primavera","11":"first","12":"outofstock","13":"taxable","14":"shipping-taxable","15":"product-type-simple"},"acf":[],"_links":{"self":[{"href":"https:\/\/premino.pl\/index.php?rest_route=\/wp\/v2\/product\/75284","targetHints":{"allow":["GET"]}}],"collection":[{"href":"https:\/\/premino.pl\/index.php?rest_route=\/wp\/v2\/product"}],"about":[{"href":"https:\/\/premino.pl\/index.php?rest_route=\/wp\/v2\/types\/product"}],"replies":[{"embeddable":true,"href":"https:\/\/premino.pl\/index.php?rest_route=%2Fwp%2Fv2%2Fcomments&post=75284"}],"wp:featuredmedia":[{"embeddable":true,"href":"https:\/\/premino.pl\/index.php?rest_route=\/wp\/v2\/media\/75285"}],"wp:attachment":[{"href":"https:\/\/premino.pl\/index.php?rest_route=%2Fwp%2Fv2%2Fmedia&parent=75284"}],"wp:term":[{"taxonomy":"kategoria-hurtowni","embeddable":true,"href":"https:\/\/premino.pl\/index.php?rest_route=%2Fwp%2Fv2%2Fkategoria-hurtowni&post=75284"},{"taxonomy":"product_brand","embeddable":true,"href":"https:\/\/premino.pl\/index.php?rest_route=%2Fwp%2Fv2%2Fproduct_brand&post=75284"},{"taxonomy":"product_cat","embeddable":true,"href":"https:\/\/premino.pl\/index.php?rest_route=%2Fwp%2Fv2%2Fproduct_cat&post=75284"},{"taxonomy":"product_tag","embeddable":true,"href":"https:\/\/premino.pl\/index.php?rest_route=%2Fwp%2Fv2%2Fproduct_tag&post=75284"}],"curies":[{"name":"wp","href":"https:\/\/api.w.org\/{rel}","templated":true}]}}