{"id":75304,"date":"2026-05-13T21:05:32","date_gmt":"2026-05-13T19:05:32","guid":{"rendered":"https:\/\/premino.pl\/?product=romancia-kalimat-woda-perfumowana-spray-100ml"},"modified":"2026-05-13T21:05:32","modified_gmt":"2026-05-13T19:05:32","slug":"romancia-kalimat-woda-perfumowana-spray-100ml","status":"publish","type":"product","link":"https:\/\/premino.pl\/?product=romancia-kalimat-woda-perfumowana-spray-100ml","title":{"rendered":"Romancia Kalimat woda perfumowana spray 100ml"},"content":{"rendered":"<p>Romancia Kalimat to wykwintna kompozycja zapachowa, kt\u00f3ra \u0142\u0105czy w sobie ciep\u0142o i zmys\u0142owo\u015b\u0107 drzewnych akord\u00f3w, jednocze\u015bnie oddaj\u0105c atmosfer\u0119 romantyzmu i subtelnej wyrafinowanej elegancji.<\/p>\n<p><b>Nuty zapachowe:<br \/><\/b><br \/><b>Nuta g\u0142owy: <\/b>lawenda, elemi, ananas, melon<br \/><b>Nuta serca: <\/b>drzewo cedrowe, drzewo kaszmirowe, bursztyn<br \/><b>Nuta bazy: <\/b>pi\u017cmo, fasolka tonka, malina<\/p>\n<p><strong>Gramatura:<\/strong> ml<br \/>\n<strong>Linia k\u0105pielowa:<\/strong> nie<br \/>\n<strong>Miniatura:<\/strong> nie<br \/>\n<strong>Nuta bazy:<\/strong> fasolka tonka, malina, pi\u017cmo<br \/>\n<strong>Nuta g\u0142owy:<\/strong> ananas, elemi, lawenda, melon<br \/>\n<strong>Nuta g\u0142\u00f3wna:<\/strong> aromatyczne<br \/>\n<strong>Nuta serca:<\/strong> bursztyn, drzewo cedrowe, drzewo kaszmirowe<br \/>\n<strong>Pojemno\u015b\u0107:<\/strong> 100<br \/>\n<strong>Produkt rzadki:<\/strong> nie<br \/>\n<strong>Pr\u00f3bka:<\/strong> nie<br \/>\n<strong>P\u0142e\u0107:<\/strong> unisex<br \/>\n<strong>Rodzaj:<\/strong> woda perfumowana<br \/>\n<strong>Tester:<\/strong> nie<br \/>\n<strong>Zapach alternatywny:<\/strong> nie<br \/>\n<strong>Zestaw:<\/strong> nie<\/p>\n<p><strong>Uwagi:<\/strong><\/p>\n<p>Produkt \u0142atwopalny do momentu wyschni\u0119cia. Nie stosowa\u0107 w pobli\u017cu ognia, p\u0142omieni lub \u017ar\u00f3de\u0142 ciep\u0142a. Unika\u0107 rozpylania w kierunku oczu. Przechowywa\u0107 w ch\u0142odnym i suchym miejscu. Przechowywa\u0107 w miejscu niedost\u0119pnym dla dzieci. Tylko do u\u017cytku zewn\u0119trznego.<\/p>\n<p><strong>Sk\u0142adniki:<\/strong><\/p>\n<p>Alcohol Denat, Aqua, Parfum, Alpha Isomethyl Ionone, Benzyl Alcohol, Benzyl Benzoate, Benzyl Salicylate, Citral, Citronellol, Coumarin, Eugenol, Farnesol, Geraniol, Isoeugenol, Limonene, Linalool.<\/p>\n","protected":false},"excerpt":{"rendered":"<p> <strong>Gramatura:<\/strong> ml<br \/>  <strong>Linia k\u0105pielowa:<\/strong> nie<br \/>  <strong>Miniatura:<\/strong> nie<br \/>  <strong>Nuta bazy:<\/strong> fasolka tonka, malina, pi\u017cmo<br \/>  <strong>Nuta g\u0142owy:<\/strong> ananas, elemi, lawenda, melon<br \/>  <strong>Nuta g\u0142\u00f3wna:<\/strong> aromatyczne<br \/>  <strong>Nuta serca:<\/strong> bursztyn, drzewo cedrowe, drzewo kaszmirowe<br \/>  <strong>Pojemno\u015b\u0107:<\/strong> 100<br \/>  <strong>Produkt rzadki:<\/strong> nie<br \/>  <strong>Pr\u00f3bka:<\/strong> nie<br \/>  <strong>P\u0142e\u0107:<\/strong> unisex<br \/>  <strong>Rodzaj:<\/strong> woda perfumowana<br \/>  <strong>Tester:<\/strong> nie<br \/>  <strong>Zapach alternatywny:<\/strong> nie<br \/>  <strong>Zestaw:<\/strong> nie <\/p>\n","protected":false},"featured_media":75305,"comment_status":"open","ping_status":"closed","template":"","meta":{"_acf_changed":false},"kategoria-hurtowni":[87,88],"product_brand":[1121],"product_cat":[76],"product_tag":[],"class_list":{"0":"post-75304","1":"product","2":"type-product","3":"status-publish","4":"has-post-thumbnail","6":"kategoria-hurtowni-perfumy","7":"kategoria-hurtowni-zapachy","8":"product_brand-nylaa","9":"product_cat-primavera","11":"first","12":"outofstock","13":"taxable","14":"shipping-taxable","15":"product-type-simple"},"acf":[],"_links":{"self":[{"href":"https:\/\/premino.pl\/index.php?rest_route=\/wp\/v2\/product\/75304","targetHints":{"allow":["GET"]}}],"collection":[{"href":"https:\/\/premino.pl\/index.php?rest_route=\/wp\/v2\/product"}],"about":[{"href":"https:\/\/premino.pl\/index.php?rest_route=\/wp\/v2\/types\/product"}],"replies":[{"embeddable":true,"href":"https:\/\/premino.pl\/index.php?rest_route=%2Fwp%2Fv2%2Fcomments&post=75304"}],"wp:featuredmedia":[{"embeddable":true,"href":"https:\/\/premino.pl\/index.php?rest_route=\/wp\/v2\/media\/75305"}],"wp:attachment":[{"href":"https:\/\/premino.pl\/index.php?rest_route=%2Fwp%2Fv2%2Fmedia&parent=75304"}],"wp:term":[{"taxonomy":"kategoria-hurtowni","embeddable":true,"href":"https:\/\/premino.pl\/index.php?rest_route=%2Fwp%2Fv2%2Fkategoria-hurtowni&post=75304"},{"taxonomy":"product_brand","embeddable":true,"href":"https:\/\/premino.pl\/index.php?rest_route=%2Fwp%2Fv2%2Fproduct_brand&post=75304"},{"taxonomy":"product_cat","embeddable":true,"href":"https:\/\/premino.pl\/index.php?rest_route=%2Fwp%2Fv2%2Fproduct_cat&post=75304"},{"taxonomy":"product_tag","embeddable":true,"href":"https:\/\/premino.pl\/index.php?rest_route=%2Fwp%2Fv2%2Fproduct_tag&post=75304"}],"curies":[{"name":"wp","href":"https:\/\/api.w.org\/{rel}","templated":true}]}}