{"id":75316,"date":"2026-05-13T21:05:38","date_gmt":"2026-05-13T19:05:38","guid":{"rendered":"https:\/\/premino.pl\/?product=magnum-opus-woda-perfumowana-spray-100ml"},"modified":"2026-05-13T21:05:38","modified_gmt":"2026-05-13T19:05:38","slug":"magnum-opus-woda-perfumowana-spray-100ml","status":"publish","type":"product","link":"https:\/\/premino.pl\/?product=magnum-opus-woda-perfumowana-spray-100ml","title":{"rendered":"Magnum Opus woda perfumowana spray 100ml"},"content":{"rendered":"<p>Magnum Opus to esencja wyrafinowania i m\u0119skiej elegancji. Ten intensywny, zmys\u0142owy zapach \u0142\u0105czy w sobie g\u0142\u0119bi\u0119 nut drzewnych, egzotyk\u0119 orientu i wyrazisto\u015b\u0107 przypraw, tworz\u0105c kompozycj\u0119, kt\u00f3ra przyci\u0105ga uwag\u0119 i pozostawia niezatarte wra\u017cenie.<\/p>\n<p><b>Nuty zapachowe:<br \/><\/b><br \/><b>Nuta g\u0142owy: <\/b>grejpfrut, whiskey<br \/><b>Nuta serca: <\/b>lawenda, tymianek, sza\u0142wia, kardamon<br \/><b>Nuta bazy: <\/b>sk\u00f3ra, benzoes, fasolka tonka, nuty drzewne<\/p>\n<p><strong>Gramatura:<\/strong> ml<br \/>\n<strong>Linia k\u0105pielowa:<\/strong> nie<br \/>\n<strong>Miniatura:<\/strong> nie<br \/>\n<strong>Nuta bazy:<\/strong> benzoes, fasolka tonka, nuty drzewne, sk\u00f3ra<br \/>\n<strong>Nuta g\u0142owy:<\/strong> grejpfrut, whiskey<br \/>\n<strong>Nuta g\u0142\u00f3wna:<\/strong> drzewne, korzenne, orientalne<br \/>\n<strong>Nuta serca:<\/strong> kardamon, lawenda, sza\u0142wia, tymianek<br \/>\n<strong>Pojemno\u015b\u0107:<\/strong> 100<br \/>\n<strong>Produkt rzadki:<\/strong> nie<br \/>\n<strong>Pr\u00f3bka:<\/strong> nie<br \/>\n<strong>P\u0142e\u0107:<\/strong> m\u0119ski<br \/>\n<strong>Rodzaj:<\/strong> woda perfumowana<br \/>\n<strong>Tester:<\/strong> nie<br \/>\n<strong>Zapach alternatywny:<\/strong> nie<br \/>\n<strong>Zestaw:<\/strong> nie<\/p>\n<p><strong>Uwagi:<\/strong><\/p>\n<p>Produkt \u0142atwopalny do momentu wyschni\u0119cia. Nie stosowa\u0107 w pobli\u017cu ognia, p\u0142omieni lub \u017ar\u00f3de\u0142 ciep\u0142a. Unika\u0107 rozpylania w kierunku oczu. Przechowywa\u0107 w ch\u0142odnym i suchym miejscu. Przechowywa\u0107 w miejscu niedost\u0119pnym dla dzieci. Tylko do u\u017cytku zewn\u0119trznego.<\/p>\n<p><strong>Sk\u0142adniki:<\/strong><\/p>\n<p>Alcohol Denat, Aqua, Parfum, Alpha Isomethyl Ionone, Amyl Cinnamal, Benzyl Alcohol, Benzyl Benzoate, Citral, Citronellol, Coumarin, Geraniol, Hexyl Cinnamal, Limonene, Linalool, Methyl2-Octynoate.<\/p>\n","protected":false},"excerpt":{"rendered":"<p> <strong>Gramatura:<\/strong> ml<br \/>  <strong>Linia k\u0105pielowa:<\/strong> nie<br \/>  <strong>Miniatura:<\/strong> nie<br \/>  <strong>Nuta bazy:<\/strong> benzoes, fasolka tonka, nuty drzewne, sk\u00f3ra<br \/>  <strong>Nuta g\u0142owy:<\/strong> grejpfrut, whiskey<br \/>  <strong>Nuta g\u0142\u00f3wna:<\/strong> drzewne, korzenne, orientalne<br \/>  <strong>Nuta serca:<\/strong> kardamon, lawenda, sza\u0142wia, tymianek<br \/>  <strong>Pojemno\u015b\u0107:<\/strong> 100<br \/>  <strong>Produkt rzadki:<\/strong> nie<br \/>  <strong>Pr\u00f3bka:<\/strong> nie<br \/>  <strong>P\u0142e\u0107:<\/strong> m\u0119ski<br \/>  <strong>Rodzaj:<\/strong> woda perfumowana<br \/>  <strong>Tester:<\/strong> nie<br \/>  <strong>Zapach alternatywny:<\/strong> nie<br \/>  <strong>Zestaw:<\/strong> nie <\/p>\n","protected":false},"featured_media":75317,"comment_status":"open","ping_status":"closed","template":"","meta":{"_acf_changed":false},"kategoria-hurtowni":[87,88],"product_brand":[1121],"product_cat":[76],"product_tag":[],"class_list":{"0":"post-75316","1":"product","2":"type-product","3":"status-publish","4":"has-post-thumbnail","6":"kategoria-hurtowni-perfumy","7":"kategoria-hurtowni-zapachy","8":"product_brand-nylaa","9":"product_cat-primavera","11":"first","12":"outofstock","13":"taxable","14":"shipping-taxable","15":"product-type-simple"},"acf":[],"_links":{"self":[{"href":"https:\/\/premino.pl\/index.php?rest_route=\/wp\/v2\/product\/75316","targetHints":{"allow":["GET"]}}],"collection":[{"href":"https:\/\/premino.pl\/index.php?rest_route=\/wp\/v2\/product"}],"about":[{"href":"https:\/\/premino.pl\/index.php?rest_route=\/wp\/v2\/types\/product"}],"replies":[{"embeddable":true,"href":"https:\/\/premino.pl\/index.php?rest_route=%2Fwp%2Fv2%2Fcomments&post=75316"}],"wp:featuredmedia":[{"embeddable":true,"href":"https:\/\/premino.pl\/index.php?rest_route=\/wp\/v2\/media\/75317"}],"wp:attachment":[{"href":"https:\/\/premino.pl\/index.php?rest_route=%2Fwp%2Fv2%2Fmedia&parent=75316"}],"wp:term":[{"taxonomy":"kategoria-hurtowni","embeddable":true,"href":"https:\/\/premino.pl\/index.php?rest_route=%2Fwp%2Fv2%2Fkategoria-hurtowni&post=75316"},{"taxonomy":"product_brand","embeddable":true,"href":"https:\/\/premino.pl\/index.php?rest_route=%2Fwp%2Fv2%2Fproduct_brand&post=75316"},{"taxonomy":"product_cat","embeddable":true,"href":"https:\/\/premino.pl\/index.php?rest_route=%2Fwp%2Fv2%2Fproduct_cat&post=75316"},{"taxonomy":"product_tag","embeddable":true,"href":"https:\/\/premino.pl\/index.php?rest_route=%2Fwp%2Fv2%2Fproduct_tag&post=75316"}],"curies":[{"name":"wp","href":"https:\/\/api.w.org\/{rel}","templated":true}]}}