{"id":75542,"date":"2026-05-13T21:07:38","date_gmt":"2026-05-13T19:07:38","guid":{"rendered":"https:\/\/premino.pl\/?product=ghala-woda-perfumowana-spray-100ml"},"modified":"2026-05-13T21:07:39","modified_gmt":"2026-05-13T19:07:39","slug":"ghala-woda-perfumowana-spray-100ml","status":"publish","type":"product","link":"https:\/\/premino.pl\/?product=ghala-woda-perfumowana-spray-100ml","title":{"rendered":"Ghala woda perfumowana spray 100ml"},"content":{"rendered":"<p>Zapach tak delikatny, \u017ce wydaje si\u0119 mu\u015bni\u0119ciem wiatru. Ghala otula sk\u00f3r\u0119 subteln\u0105 aur\u0105 szafranu, drzewa bursztynowego oraz nut cedru i jod\u0142y. To kompozycja, kt\u00f3ra podkre\u015bli Twoj\u0105 wyj\u0105tkowo\u015b\u0107, sprawiaj\u0105c, \u017ce poczujesz si\u0119 pi\u0119kna i bezcenna.<\/p>\n<p><b>Nuty zapachowe:<br \/><\/b><br \/><b>Nuta g\u0142owy: <\/b>szafran, ja\u015bmin<br \/><b>Nuta serca: <\/b>drzewo bursztynowe, ambra<br \/><b>Nuta bazy: <\/b>jod\u0142a balsamiczna, cedr<\/p>\n<p><strong>Gramatura:<\/strong> ml<br \/>\n<strong>Linia k\u0105pielowa:<\/strong> nie<br \/>\n<strong>Miniatura:<\/strong> nie<br \/>\n<strong>Nuta bazy:<\/strong> cedr, jod\u0142a balsamiczna<br \/>\n<strong>Nuta g\u0142owy:<\/strong> ja\u015bmin, szafran<br \/>\n<strong>Nuta g\u0142\u00f3wna:<\/strong> kwiatowe<br \/>\n<strong>Nuta serca:<\/strong> ambra, drzewo bursztynowe<br \/>\n<strong>Pojemno\u015b\u0107:<\/strong> 100<br \/>\n<strong>Produkt rzadki:<\/strong> nie<br \/>\n<strong>Pr\u00f3bka:<\/strong> nie<br \/>\n<strong>P\u0142e\u0107:<\/strong> damski<br \/>\n<strong>Rodzaj:<\/strong> woda perfumowana<br \/>\n<strong>Tester:<\/strong> nie<br \/>\n<strong>Zapach alternatywny:<\/strong> nie<br \/>\n<strong>Zestaw:<\/strong> nie<\/p>\n<p><strong>Uwagi:<\/strong><\/p>\n<p>Produkt \u0142atwopalny. Przechowywa\u0107 z dala od ognia i \u017ar\u00f3de\u0142 ciep\u0142a. Trzyma\u0107 w miejscu niedost\u0119pnym dla dzieci. Nie stosowa\u0107 na podra\u017cnion\u0105 lub uszkodzon\u0105 sk\u00f3r\u0119. Unika\u0107 kontaktu z oczami.<\/p>\n<p><strong>Sk\u0142adniki:<\/strong><\/p>\n<p>Alcohol Denatured, Fragrance (Parfum), Water (Aqua), Citral, Citronellol, Benzyl Salicylate, Cinnamyl Alcohol, Hydroxycitronellal, Geraniol, Benzyl Alcohol, Linalool, Limonene, Benzyl Benzoate, Hexyl Cinnamal<\/p>\n","protected":false},"excerpt":{"rendered":"<p> <strong>Gramatura:<\/strong> ml<br \/>  <strong>Linia k\u0105pielowa:<\/strong> nie<br \/>  <strong>Miniatura:<\/strong> nie<br \/>  <strong>Nuta bazy:<\/strong> cedr, jod\u0142a balsamiczna<br \/>  <strong>Nuta g\u0142owy:<\/strong> ja\u015bmin, szafran<br \/>  <strong>Nuta g\u0142\u00f3wna:<\/strong> kwiatowe<br \/>  <strong>Nuta serca:<\/strong> ambra, drzewo bursztynowe<br \/>  <strong>Pojemno\u015b\u0107:<\/strong> 100<br \/>  <strong>Produkt rzadki:<\/strong> nie<br \/>  <strong>Pr\u00f3bka:<\/strong> nie<br \/>  <strong>P\u0142e\u0107:<\/strong> damski<br \/>  <strong>Rodzaj:<\/strong> woda perfumowana<br \/>  <strong>Tester:<\/strong> nie<br \/>  <strong>Zapach alternatywny:<\/strong> nie<br \/>  <strong>Zestaw:<\/strong> nie <\/p>\n","protected":false},"featured_media":75543,"comment_status":"open","ping_status":"closed","template":"","meta":{"_acf_changed":false},"kategoria-hurtowni":[87,88],"product_brand":[600],"product_cat":[76],"product_tag":[],"class_list":{"0":"post-75542","1":"product","2":"type-product","3":"status-publish","4":"has-post-thumbnail","6":"kategoria-hurtowni-perfumy","7":"kategoria-hurtowni-zapachy","8":"product_brand-al-wataniah","9":"product_cat-primavera","11":"first","12":"outofstock","13":"taxable","14":"shipping-taxable","15":"product-type-simple"},"acf":[],"_links":{"self":[{"href":"https:\/\/premino.pl\/index.php?rest_route=\/wp\/v2\/product\/75542","targetHints":{"allow":["GET"]}}],"collection":[{"href":"https:\/\/premino.pl\/index.php?rest_route=\/wp\/v2\/product"}],"about":[{"href":"https:\/\/premino.pl\/index.php?rest_route=\/wp\/v2\/types\/product"}],"replies":[{"embeddable":true,"href":"https:\/\/premino.pl\/index.php?rest_route=%2Fwp%2Fv2%2Fcomments&post=75542"}],"wp:featuredmedia":[{"embeddable":true,"href":"https:\/\/premino.pl\/index.php?rest_route=\/wp\/v2\/media\/75543"}],"wp:attachment":[{"href":"https:\/\/premino.pl\/index.php?rest_route=%2Fwp%2Fv2%2Fmedia&parent=75542"}],"wp:term":[{"taxonomy":"kategoria-hurtowni","embeddable":true,"href":"https:\/\/premino.pl\/index.php?rest_route=%2Fwp%2Fv2%2Fkategoria-hurtowni&post=75542"},{"taxonomy":"product_brand","embeddable":true,"href":"https:\/\/premino.pl\/index.php?rest_route=%2Fwp%2Fv2%2Fproduct_brand&post=75542"},{"taxonomy":"product_cat","embeddable":true,"href":"https:\/\/premino.pl\/index.php?rest_route=%2Fwp%2Fv2%2Fproduct_cat&post=75542"},{"taxonomy":"product_tag","embeddable":true,"href":"https:\/\/premino.pl\/index.php?rest_route=%2Fwp%2Fv2%2Fproduct_tag&post=75542"}],"curies":[{"name":"wp","href":"https:\/\/api.w.org\/{rel}","templated":true}]}}