{"id":75688,"date":"2026-05-13T21:08:55","date_gmt":"2026-05-13T19:08:55","guid":{"rendered":"https:\/\/premino.pl\/?product=blanc-de-sienne-woda-perfumowana-spray-100ml"},"modified":"2026-05-13T21:08:55","modified_gmt":"2026-05-13T19:08:55","slug":"blanc-de-sienne-woda-perfumowana-spray-100ml","status":"publish","type":"product","link":"https:\/\/premino.pl\/?product=blanc-de-sienne-woda-perfumowana-spray-100ml","title":{"rendered":"Blanc De Sienne woda perfumowana spray 100ml"},"content":{"rendered":"<p>Aromat ciep\u0142a toska\u0144skiego s\u0142o\u0144ca, kamiennych uliczek rozgrzanych letnim powietrzem i delikatnego powiewu aromatycznych zi\u00f3\u0142. Blanc De Sienne to zapach stworzony przez duet perfumiarek &#8211; Anne-Sophie Behaghel i Am\u00e9lie Bourgeois &#8211; znanych ze swojej pasji do unikalnych, artystycznych kompozycji.\u00a0<\/p>\n<p><b>Nuty zapachowe:<br \/><\/b><br \/><b>Nuta g\u0142owy: <\/b>bazylia, bergamotka, cytryna<br \/><b>Nuta serca: <\/b>irys, cyprys, kwiat pomara\u0144czy, figa<br \/><b>Nuta bazy: <\/b>\u017cywica, nuty drzewne, kawa<\/p>\n<p><strong>Dla dzieci:<\/strong> Nie<br \/>\n<strong>Gramatura:<\/strong> ml<br \/>\n<strong>Linia k\u0105pielowa:<\/strong> nie<br \/>\n<strong>Miniatura:<\/strong> nie<br \/>\n<strong>Nuta bazy:<\/strong> kawa, nuty drzewne, \u017cywica<br \/>\n<strong>Nuta g\u0142owy:<\/strong> bazylia, bergamotka, cytryna<br \/>\n<strong>Nuta g\u0142\u00f3wna:<\/strong> aromatyczne, drzewne<br \/>\n<strong>Nuta serca:<\/strong> cyprys, figa, irys, kwiat pomara\u0144czy<br \/>\n<strong>Pojemno\u015b\u0107:<\/strong> 100<br \/>\n<strong>Produkt rzadki:<\/strong> tak<br \/>\n<strong>Pr\u00f3bka:<\/strong> nie<br \/>\n<strong>P\u0142e\u0107:<\/strong> unisex<br \/>\n<strong>Rodzaj:<\/strong> woda perfumowana<br \/>\n<strong>Tester:<\/strong> nie<br \/>\n<strong>Zapach alternatywny:<\/strong> nie<br \/>\n<strong>Zestaw:<\/strong> nie<\/p>\n<p><strong>Uwagi:<\/strong><\/p>\n<p>Przechowywa\u0107 z dala od ognia i \u017ar\u00f3de\u0142 ciep\u0142a. Trzyma\u0107 w miejscu niedost\u0119pnym dla dzieci. Nie stosowa\u0107 na podra\u017cnion\u0105 lub uszkodzon\u0105 sk\u00f3r\u0119. Unika\u0107 kontaktu z oczami. W przypadku kontaktu z oczami nale\u017cy dok\u0142adnie przep\u0142uka\u0107 je du\u017c\u0105 ilo\u015bci\u0105 wody.<\/p>\n<p><strong>Sk\u0142adniki:<\/strong><\/p>\n<p>Alcohol Denat, Parfum (Fragrance), Aqua (Water), Coumarin, Limonene, Eugenol, Linalool, Cinnamal, Citronellol, Geraniol, Benzyl Benzoate, Citral<\/p>\n","protected":false},"excerpt":{"rendered":"<p> <strong>Dla dzieci:<\/strong> Nie<br \/>  <strong>Gramatura:<\/strong> ml<br \/>  <strong>Linia k\u0105pielowa:<\/strong> nie<br \/>  <strong>Miniatura:<\/strong> nie<br \/>  <strong>Nuta bazy:<\/strong> kawa, nuty drzewne, \u017cywica<br \/>  <strong>Nuta g\u0142owy:<\/strong> bazylia, bergamotka, cytryna<br \/>  <strong>Nuta g\u0142\u00f3wna:<\/strong> aromatyczne, drzewne<br \/>  <strong>Nuta serca:<\/strong> cyprys, figa, irys, kwiat pomara\u0144czy<br \/>  <strong>Pojemno\u015b\u0107:<\/strong> 100<br \/>  <strong>Produkt rzadki:<\/strong> tak<br \/>  <strong>Pr\u00f3bka:<\/strong> nie<br \/>  <strong>P\u0142e\u0107:<\/strong> unisex<br \/>  <strong>Rodzaj:<\/strong> woda perfumowana<br \/>  <strong>Tester:<\/strong> nie<br \/>  <strong>Zapach alternatywny:<\/strong> nie<br \/>  <strong>Zestaw:<\/strong> nie <\/p>\n","protected":false},"featured_media":75689,"comment_status":"open","ping_status":"closed","template":"","meta":{"_acf_changed":false},"kategoria-hurtowni":[87,88],"product_brand":[1167],"product_cat":[76],"product_tag":[],"class_list":{"0":"post-75688","1":"product","2":"type-product","3":"status-publish","4":"has-post-thumbnail","6":"kategoria-hurtowni-perfumy","7":"kategoria-hurtowni-zapachy","8":"product_brand-evody","9":"product_cat-primavera","11":"first","12":"outofstock","13":"taxable","14":"shipping-taxable","15":"product-type-simple"},"acf":[],"_links":{"self":[{"href":"https:\/\/premino.pl\/index.php?rest_route=\/wp\/v2\/product\/75688","targetHints":{"allow":["GET"]}}],"collection":[{"href":"https:\/\/premino.pl\/index.php?rest_route=\/wp\/v2\/product"}],"about":[{"href":"https:\/\/premino.pl\/index.php?rest_route=\/wp\/v2\/types\/product"}],"replies":[{"embeddable":true,"href":"https:\/\/premino.pl\/index.php?rest_route=%2Fwp%2Fv2%2Fcomments&post=75688"}],"wp:featuredmedia":[{"embeddable":true,"href":"https:\/\/premino.pl\/index.php?rest_route=\/wp\/v2\/media\/75689"}],"wp:attachment":[{"href":"https:\/\/premino.pl\/index.php?rest_route=%2Fwp%2Fv2%2Fmedia&parent=75688"}],"wp:term":[{"taxonomy":"kategoria-hurtowni","embeddable":true,"href":"https:\/\/premino.pl\/index.php?rest_route=%2Fwp%2Fv2%2Fkategoria-hurtowni&post=75688"},{"taxonomy":"product_brand","embeddable":true,"href":"https:\/\/premino.pl\/index.php?rest_route=%2Fwp%2Fv2%2Fproduct_brand&post=75688"},{"taxonomy":"product_cat","embeddable":true,"href":"https:\/\/premino.pl\/index.php?rest_route=%2Fwp%2Fv2%2Fproduct_cat&post=75688"},{"taxonomy":"product_tag","embeddable":true,"href":"https:\/\/premino.pl\/index.php?rest_route=%2Fwp%2Fv2%2Fproduct_tag&post=75688"}],"curies":[{"name":"wp","href":"https:\/\/api.w.org\/{rel}","templated":true}]}}