{"id":75988,"date":"2026-05-13T21:12:25","date_gmt":"2026-05-13T19:12:25","guid":{"rendered":"https:\/\/premino.pl\/?product=stylesign-smooth-lekki-olejek-nablyszczajacy-50ml"},"modified":"2026-05-13T21:12:25","modified_gmt":"2026-05-13T19:12:25","slug":"stylesign-smooth-lekki-olejek-nablyszczajacy-50ml","status":"publish","type":"product","link":"https:\/\/premino.pl\/?product=stylesign-smooth-lekki-olejek-nablyszczajacy-50ml","title":{"rendered":"Stylesign Smooth lekki olejek nab\u0142yszczaj\u0105cy 50ml"},"content":{"rendered":"<p>Lekki olejek nab\u0142yszczaj\u0105cy, kt\u00f3ry zapewnia natychmiastow\u0105 kontrol\u0119 nad ka\u017cd\u0105 tekstur\u0105 w\u0142os\u00f3w. Nadaje wyj\u0105tkowy po\u0142ysk, wyg\u0142adza i skutecznie przeciwdzia\u0142a puszeniu si\u0119 a\u017c do 72 godzin. Formu\u0142a zamyka wilgo\u0107 wewn\u0105trz w\u0142osa, nie obci\u0105\u017caj\u0105c go. Dodatkowo, intensyfikuje kolor i blask \u2013 a\u017c do 4 razy bardziej widoczny efekt.<\/p>\n<p>Idealny do ka\u017cdego rodzaju i struktury w\u0142os\u00f3w \u2013 dla jedwabistej g\u0142adko\u015bci, l\u015bni\u0105cego wyko\u0144czenia i stylu, kt\u00f3ry utrzymuje si\u0119 przez d\u0142ugi czas.<\/p>\n<p><b>Spos\u00f3b u\u017cycia:<\/b>\u00a0Wmasuj w osuszone r\u0119cznikiem lub suche w\u0142osy.<\/p>\n<p><strong>Gramatura:<\/strong> ml<br \/>\n<strong>Henna:<\/strong> nie<br \/>\n<strong>Konsystencja:<\/strong> olejek<br \/>\n<strong>Linie elitarne:<\/strong> nie<br \/>\n<strong>Pojemno\u015b\u0107:<\/strong> 50<br \/>\n<strong>P\u0142e\u0107:<\/strong> damski<\/p>\n<p><strong>Uwagi:<\/strong><\/p>\n<p>Unika\u0107 kontaktu z oczami.<\/p>\n<p><strong>Sk\u0142adniki:<\/strong><\/p>\n<p>Isododecane, Dimethicone, Isoamyl Laurate, Triheptanoin, Dimethiconol, Caprylic\/Capric Triglyceride, Himanthalia Elongata Extract, Fragrance\/Parfum, Alpha-Isomethyl Ionone, Limonene, Linalool.<\/p>\n","protected":false},"excerpt":{"rendered":"<p> <strong>Gramatura:<\/strong> ml<br \/>  <strong>Henna:<\/strong> nie<br \/>  <strong>Konsystencja:<\/strong> olejek<br \/>  <strong>Linie elitarne:<\/strong> nie<br \/>  <strong>Pojemno\u015b\u0107:<\/strong> 50<br \/>  <strong>P\u0142e\u0107:<\/strong> damski <\/p>\n","protected":false},"featured_media":75989,"comment_status":"open","ping_status":"closed","template":"","meta":{"_acf_changed":false},"kategoria-hurtowni":[90,124,112],"product_brand":[863],"product_cat":[76],"product_tag":[],"class_list":{"0":"post-75988","1":"product","2":"type-product","3":"status-publish","4":"has-post-thumbnail","6":"kategoria-hurtowni-pielegnacja","7":"kategoria-hurtowni-stylizacja","8":"kategoria-hurtowni-wlosy","9":"product_brand-goldwell","10":"product_cat-primavera","12":"first","13":"outofstock","14":"taxable","15":"shipping-taxable","16":"product-type-simple"},"acf":[],"_links":{"self":[{"href":"https:\/\/premino.pl\/index.php?rest_route=\/wp\/v2\/product\/75988","targetHints":{"allow":["GET"]}}],"collection":[{"href":"https:\/\/premino.pl\/index.php?rest_route=\/wp\/v2\/product"}],"about":[{"href":"https:\/\/premino.pl\/index.php?rest_route=\/wp\/v2\/types\/product"}],"replies":[{"embeddable":true,"href":"https:\/\/premino.pl\/index.php?rest_route=%2Fwp%2Fv2%2Fcomments&post=75988"}],"wp:featuredmedia":[{"embeddable":true,"href":"https:\/\/premino.pl\/index.php?rest_route=\/wp\/v2\/media\/75989"}],"wp:attachment":[{"href":"https:\/\/premino.pl\/index.php?rest_route=%2Fwp%2Fv2%2Fmedia&parent=75988"}],"wp:term":[{"taxonomy":"kategoria-hurtowni","embeddable":true,"href":"https:\/\/premino.pl\/index.php?rest_route=%2Fwp%2Fv2%2Fkategoria-hurtowni&post=75988"},{"taxonomy":"product_brand","embeddable":true,"href":"https:\/\/premino.pl\/index.php?rest_route=%2Fwp%2Fv2%2Fproduct_brand&post=75988"},{"taxonomy":"product_cat","embeddable":true,"href":"https:\/\/premino.pl\/index.php?rest_route=%2Fwp%2Fv2%2Fproduct_cat&post=75988"},{"taxonomy":"product_tag","embeddable":true,"href":"https:\/\/premino.pl\/index.php?rest_route=%2Fwp%2Fv2%2Fproduct_tag&post=75988"}],"curies":[{"name":"wp","href":"https:\/\/api.w.org\/{rel}","templated":true}]}}